{"id":75,"date":"2016-10-13T17:40:47","date_gmt":"2016-10-13T17:40:47","guid":{"rendered":"http:\/\/www.neumaticoseston.com\/?page_id=75"},"modified":"2020-05-27T16:11:31","modified_gmt":"2020-05-27T16:11:31","slug":"taller-mecanico-riudoms","status":"publish","type":"page","link":"https:\/\/www.neumaticoseston.com\/ca\/","title":{"rendered":"Inicio Taller m\u00e9canico en Riudoms"},"content":{"rendered":"<p>[et_pb_section fb_built=\u00bb1&#8243; custom_padding_last_edited=\u00bbon|desktop\u00bb admin_label=\u00bbSecci\u00f3n\u00bb _builder_version=\u00bb3.22&#8243; background_color=\u00bb#000000&#8243; background_image=\u00bbhttps:\/\/www.neumaticoseston.com\/wp-content\/uploads\/2016\/10\/37bcdf97fb1749aeb3ee283eac94bbed.png\u00bb parallax=\u00bbon\u00bb parallax_method=\u00bboff\u00bb custom_padding_tablet=\u00bb50px|0|50px|0&#8243; custom_padding_phone=\u00bb\u00bb padding_mobile=\u00bboff\u00bb][et_pb_row padding_mobile=\u00bboff\u00bb column_padding_mobile=\u00bbon\u00bb admin_label=\u00bbFila\u00bb _builder_version=\u00bb3.25&#8243; background_size=\u00bbinitial\u00bb background_position=\u00bbtop_left\u00bb background_repeat=\u00bbrepeat\u00bb custom_padding=\u00bb||27px|||\u00bb][et_pb_column type=\u00bb4_4&#8243; _builder_version=\u00bb3.25&#8243; custom_padding=\u00bb|||\u00bb custom_padding__hover=\u00bb|||\u00bb][et_pb_text admin_label=\u00bbTexto\u00bb _builder_version=\u00bb3.27.4&#8243; background_size=\u00bbinitial\u00bb background_position=\u00bbtop_left\u00bb background_repeat=\u00bbrepeat\u00bb text_orientation=\u00bbcenter\u00bb background_layout=\u00bbdark\u00bb module_alignment=\u00bbcenter\u00bb]<\/p>\n<h1 style=\"text-align: center;\"><strong>Neum\u00e1ticos Eston<br \/><\/strong><\/h1>\n<h2 style=\"text-align: center;\"><strong>Taller m\u00e9canico en Riudoms<\/strong><\/h2>\n<p><\/p>\n<p>[\/et_pb_text][et_pb_image src=\u00bbhttps:\/\/www.neumaticoseston.com\/wp-content\/uploads\/2016\/10\/alargdo.jpg\u00bb show_in_lightbox=\u00bbon\u00bb force_fullwidth=\u00bbon\u00bb align_tablet=\u00bbcenter\u00bb align_last_edited=\u00bbon|desktop\u00bb admin_label=\u00bbImagen\u00bb _builder_version=\u00bb3.23&#8243; animation_style=\u00bbslide\u00bb animation_direction=\u00bbleft\u00bb animation_duration=\u00bb500ms\u00bb animation_intensity_slide=\u00bb10%\u00bb][\/et_pb_image][\/et_pb_column][\/et_pb_row][et_pb_row _builder_version=\u00bb4.4.7&#8243; column_structure=\u00bb1_2,1_2&#8243;][et_pb_column _builder_version=\u00bb4.4.7&#8243; type=\u00bb1_2&#8243;][et_pb_image src=\u00bbhttps:\/\/www.neumaticoseston.com\/wp-content\/uploads\/2020\/05\/NeuEstonApp.png\u00bb _builder_version=\u00bb4.4.7&#8243; alt=\u00bbapp neumaticos eston\u00bb title_text=\u00bbNeuEstonApp\u00bb hover_enabled=\u00bb0&#8243;][\/et_pb_image][\/et_pb_column][et_pb_column _builder_version=\u00bb4.4.7&#8243; type=\u00bb1_2&#8243;][et_pb_text admin_label=\u00bbTexto\u00bb _builder_version=\u00bb4.4.7&#8243; background_color=\u00bbrgba(0,0,0,0.47)\u00bb background_size=\u00bbinitial\u00bb background_position=\u00bbtop_left\u00bb background_repeat=\u00bbrepeat\u00bb text_orientation=\u00bbcenter\u00bb background_layout=\u00bbdark\u00bb module_alignment=\u00bbcenter\u00bb custom_padding=\u00bb20px|20px|20px|20px\u00bb hover_enabled=\u00bb0&#8243;]<\/p>\n<h2 style=\"text-align: center;\"><span style=\"color: #ffffff;\">Pr\u00f3ximamente tu pedido online<\/span><\/h2>\n<p style=\"text-align: justify;\"><span style=\"color: #000000;\"><span style=\"color: #ffffff;\">Descarga nuestra app escaneando el c\u00f3digo QR o pulsando el bot\u00f3n.<\/span><\/span><\/p>\n<p>[\/et_pb_text][et_pb_button button_text=\u00bbDescarga nuestra app\u00bb _builder_version=\u00bb4.4.7&#8243; custom_button=\u00bbon\u00bb hover_enabled=\u00bb0&#8243; button_text_color=\u00bb#ffffff\u00bb button_bg_color=\u00bbrgba(0,0,0,0.71)\u00bb button_bg_enable_color=\u00bbon\u00bb button_url=\u00bb\/neumaticoseston.apk\u00bb button_alignment=\u00bbcenter\u00bb][\/et_pb_button][\/et_pb_column][\/et_pb_row][et_pb_row padding_mobile=\u00bboff\u00bb column_padding_mobile=\u00bbon\u00bb admin_label=\u00bbFila\u00bb _builder_version=\u00bb3.25&#8243; background_size=\u00bbinitial\u00bb background_position=\u00bbtop_left\u00bb background_repeat=\u00bbrepeat\u00bb][et_pb_column type=\u00bb4_4&#8243; _builder_version=\u00bb3.25&#8243; custom_padding=\u00bb|||\u00bb custom_padding__hover=\u00bb|||\u00bb][et_pb_text admin_label=\u00bbTexto\u00bb _builder_version=\u00bb3.27.4&#8243; background_color=\u00bbrgba(0,0,0,0.47)\u00bb background_size=\u00bbinitial\u00bb background_position=\u00bbtop_left\u00bb background_repeat=\u00bbrepeat\u00bb text_orientation=\u00bbcenter\u00bb background_layout=\u00bbdark\u00bb module_alignment=\u00bbcenter\u00bb custom_padding=\u00bb20px|20px|20px|20px\u00bb]<\/p>\n<h2 style=\"text-align: center;\"><span style=\"color: #ffffff;\">Servicio integral para su autom\u00f3vil<\/span><\/h2>\n<p style=\"text-align: justify;\"><span style=\"color: #000000;\"><img loading=\"lazy\" decoding=\"async\" class=\"size-medium wp-image-316 alignleft\" src=\"https:\/\/www.neumaticoseston.com\/wp-content\/uploads\/2016\/10\/contador-300x263.png\" alt=\"contador\" width=\"300\" height=\"263\" srcset=\"https:\/\/www.neumaticoseston.com\/wp-content\/uploads\/2016\/10\/contador-300x263.png 300w, https:\/\/www.neumaticoseston.com\/wp-content\/uploads\/2016\/10\/contador-510x447.png 510w, https:\/\/www.neumaticoseston.com\/wp-content\/uploads\/2016\/10\/contador.png 600w\" sizes=\"(max-width: 300px) 100vw, 300px\" \/><span style=\"color: #ffffff;\">Neum\u00e1ticos Eston\u00a0 es una empresa con una larga trayectoria en el sector de la automoci\u00f3n. Disponemos de un taller m\u00e9canico en Riudoms, con amplias instalaciones. Ofrecemos los servicios de taller mec\u00e1nico, taller de chapa y electricidad, a las poblaciones de Riudoms, Montbrio, Vilaseca, Tarragona, Reus y Cambrils. Reparamos cualquier aver\u00eda relacionada con su veh\u00edculo, independientemente de la marca.\u00a0 Si tienes un problema relacionado con su motor, con la inyecci\u00f3n di\u00e9sel y gasolina, con la caja de cambios ya sea manual o autom\u00e1tica, la transmisi\u00f3n, la suspensi\u00f3n, la direcci\u00f3n,\u00a0 sistemas de frenado, el airbag, con el sistemas de seguridad, la climatizaci\u00f3n, los neum\u00e1ticos, la suspensi\u00f3n, etc. estamos preparados para solucionarlo de una forma fiable, eficiente y trasparente.<\/span><\/span><\/p>\n<p style=\"text-align: justify;\"><span style=\"color: #ffffff;\"> En nuestro taller ofrecemos un completo servicio de suministro, montaje de neum\u00e1ticos y equilibrado de ruedas, Trabajamos con una amplia variedad de n\u00e9umaticos del mercado nacional e internacional. Marcas de calidad como Michelin, Firestone, Bridgestone, Continental, Dunlop, Pirelli, Good Year etc. El <strong>mantenimiento de tus neum\u00e1ticos<\/strong> es muy importante. No es mala idea pasar por Neum\u00e1ticos Eston en Riudoms antes de cualquier viaje.\u00a0 <\/span><\/p>\n<p style=\"text-align: justify;\"><span class=\"tituloPagina\" style=\"color: #ffffff;\"><span class=\"blancoBold\">Le garantizamos la mejor calidad<\/span> tanto en el servicio como en los recambios y materiales utilizados. Su coche y usted son importantes para nosotros.<br \/>\n<\/span><\/p>\n<p style=\"text-align: justify;\"><span class=\"tituloPagina\" style=\"color: #ffffff;\">Trato personalizado, el taller donde entran como clientes y sales como amigo.<\/span><\/p>\n<p>[\/et_pb_text][et_pb_image src=\u00bbhttps:\/\/www.neumaticoseston.com\/wp-content\/uploads\/2016\/10\/ccccccccc-1-1.png\u00bb alt=\u00bbTaller m\u00e9canico en Riudoms\u00bb title_text=\u00bbTaller m\u00e9canico en Riudoms\u00bb align=\u00bbcenter\u00bb align_tablet=\u00bbcenter\u00bb align_last_edited=\u00bbon|desktop\u00bb admin_label=\u00bbImagen\u00bb _builder_version=\u00bb3.23&#8243; animation_style=\u00bbslide\u00bb animation_direction=\u00bbleft\u00bb animation_duration=\u00bb500ms\u00bb animation_intensity_slide=\u00bb10%\u00bb][\/et_pb_image][\/et_pb_column][\/et_pb_row][et_pb_row use_custom_gutter=\u00bbon\u00bb column_padding_mobile=\u00bbon\u00bb custom_padding_last_edited=\u00bbon|tablet\u00bb admin_label=\u00bbFila\u00bb module_class=\u00bb et_pb_row_fullwidth\u00bb _builder_version=\u00bb3.25&#8243; background_color=\u00bbrgba(255,255,255,0.49)\u00bb background_size=\u00bbinitial\u00bb background_position=\u00bbtop_left\u00bb background_repeat=\u00bbrepeat\u00bb width=\u00bb89%\u00bb width_tablet=\u00bb80%\u00bb width_last_edited=\u00bbon|desktop\u00bb max_width=\u00bb89%\u00bb max_width_tablet=\u00bb80%\u00bb max_width_last_edited=\u00bbon|desktop\u00bb custom_margin=\u00bb|||\u00bb custom_padding=\u00bb|30px|30px|30px\u00bb custom_padding_tablet=\u00bb30px|30px|0px|30px\u00bb custom_padding_phone=\u00bb\u00bb make_fullwidth=\u00bbon\u00bb column_structure=\u00bb1_4,1_4,1_4,1_4&#8243;][et_pb_column type=\u00bb1_4&#8243; _builder_version=\u00bb3.25&#8243; background_color=\u00bbrgba(0,0,0,0.47)\u00bb custom_padding=\u00bb|||\u00bb custom_padding__hover=\u00bb|||\u00bb][et_pb_image src=\u00bbhttps:\/\/www.neumaticoseston.com\/wp-content\/uploads\/2016\/10\/coche1suelto-3.png\u00bb align=\u00bbcenter\u00bb align_tablet=\u00bbcenter\u00bb align_last_edited=\u00bbon|desktop\u00bb admin_label=\u00bbImagen\u00bb _builder_version=\u00bb3.23&#8243; animation_style=\u00bbslide\u00bb animation_direction=\u00bbleft\u00bb animation_duration=\u00bb500ms\u00bb animation_intensity_slide=\u00bb10%\u00bb][\/et_pb_image][\/et_pb_column][et_pb_column type=\u00bb1_4&#8243; _builder_version=\u00bb3.25&#8243; background_color=\u00bbrgba(0,0,0,0.47)\u00bb custom_padding=\u00bb|||\u00bb custom_padding__hover=\u00bb|||\u00bb][et_pb_image src=\u00bbhttps:\/\/www.neumaticoseston.com\/wp-content\/uploads\/2016\/10\/furgoneta1suelta.png\u00bb align=\u00bbcenter\u00bb align_tablet=\u00bbcenter\u00bb align_last_edited=\u00bbon|desktop\u00bb admin_label=\u00bbImagen\u00bb _builder_version=\u00bb3.23&#8243; animation_style=\u00bbslide\u00bb animation_direction=\u00bbleft\u00bb animation_duration=\u00bb500ms\u00bb animation_intensity_slide=\u00bb10%\u00bb][\/et_pb_image][\/et_pb_column][et_pb_column type=\u00bb1_4&#8243; _builder_version=\u00bb3.25&#8243; background_color=\u00bbrgba(0,0,0,0.47)\u00bb custom_padding=\u00bb|||\u00bb custom_padding__hover=\u00bb|||\u00bb][et_pb_image src=\u00bbhttps:\/\/www.neumaticoseston.com\/wp-content\/uploads\/2016\/10\/camione1suelta.png\u00bb align=\u00bbcenter\u00bb align_tablet=\u00bbcenter\u00bb align_last_edited=\u00bbon|desktop\u00bb admin_label=\u00bbImagen\u00bb _builder_version=\u00bb3.23&#8243; animation_style=\u00bbslide\u00bb animation_direction=\u00bbleft\u00bb animation_duration=\u00bb500ms\u00bb animation_intensity_slide=\u00bb10%\u00bb][\/et_pb_image][\/et_pb_column][et_pb_column type=\u00bb1_4&#8243; _builder_version=\u00bb3.25&#8243; background_color=\u00bbrgba(0,0,0,0.47)\u00bb custom_padding=\u00bb|||\u00bb custom_padding__hover=\u00bb|||\u00bb][et_pb_image src=\u00bbhttps:\/\/www.neumaticoseston.com\/wp-content\/uploads\/2016\/10\/moto1suelta-1.png\u00bb align=\u00bbcenter\u00bb align_tablet=\u00bbcenter\u00bb align_last_edited=\u00bbon|desktop\u00bb admin_label=\u00bbImagen\u00bb _builder_version=\u00bb3.23&#8243; animation_style=\u00bbslide\u00bb animation_direction=\u00bbleft\u00bb animation_duration=\u00bb500ms\u00bb animation_intensity_slide=\u00bb10%\u00bb][\/et_pb_image][\/et_pb_column][\/et_pb_row][et_pb_row use_custom_gutter=\u00bbon\u00bb column_padding_mobile=\u00bbon\u00bb admin_label=\u00bbFila\u00bb module_class=\u00bb et_pb_row_fullwidth\u00bb _builder_version=\u00bb3.25&#8243; background_color=\u00bbrgba(0,0,0,0.47)\u00bb background_size=\u00bbinitial\u00bb background_position=\u00bbtop_left\u00bb background_repeat=\u00bbrepeat\u00bb width=\u00bb89%\u00bb width_tablet=\u00bb80%\u00bb width_last_edited=\u00bbon|desktop\u00bb max_width=\u00bb89%\u00bb max_width_tablet=\u00bb80%\u00bb max_width_last_edited=\u00bbon|desktop\u00bb make_fullwidth=\u00bbon\u00bb column_structure=\u00bb1_3,1_3,1_3&#8243;][et_pb_column type=\u00bb1_3&#8243; _builder_version=\u00bb3.25&#8243; custom_padding=\u00bb|||\u00bb custom_padding__hover=\u00bb|||\u00bb][et_pb_blurb title=\u00bbNeum\u00e1ticos\u00bb url=\u00bbhttps:\/\/www.neumaticoseston.com\/neumaticos\/\u00bb image=\u00bbhttps:\/\/www.neumaticoseston.com\/wp-content\/uploads\/2016\/11\/neun.jpg\u00bb image_max_width=\u00bbnone\u00bb admin_label=\u00bbAnuncio\u00bb _builder_version=\u00bb3.0.74&#8243; header_font=\u00bb|on|||\u00bb header_text_color=\u00bb#ffffff\u00bb background_color=\u00bbrgba(234,4,15,0.49)\u00bb background_size=\u00bbinitial\u00bb background_position=\u00bbtop_left\u00bb background_repeat=\u00bbrepeat\u00bb text_orientation=\u00bbcenter\u00bb custom_padding=\u00bb10px|5px|10px|5px\u00bb][\/et_pb_blurb][et_pb_blurb title=\u00bbTubos de escape\u00bb url=\u00bbhttps:\/\/www.neumaticoseston.com\/tubos-de-escape\/\u00bb image=\u00bbhttps:\/\/www.neumaticoseston.com\/wp-content\/uploads\/2016\/10\/silenciador-flowmaster-serie-40-50-60-mantenimiento-2034-MLV38331725_9248-O.jpg\u00bb alt=\u00bbtubos de escape en Riudoms, Taller m\u00e9canico\u00bb image_max_width=\u00bbnone\u00bb admin_label=\u00bbAnuncio\u00bb _builder_version=\u00bb3.0.74&#8243; header_font=\u00bb|on|||\u00bb header_text_color=\u00bb#ffffff\u00bb background_color=\u00bbrgba(234,4,15,0.49)\u00bb background_size=\u00bbinitial\u00bb background_position=\u00bbtop_left\u00bb background_repeat=\u00bbrepeat\u00bb text_orientation=\u00bbcenter\u00bb custom_padding=\u00bb10px|2px|10px|2px\u00bb][\/et_pb_blurb][et_pb_blurb title=\u00bbBater\u00edas\u00bb url=\u00bbhttps:\/\/www.neumaticoseston.com\/baterias\/\u00bb image=\u00bbhttps:\/\/www.neumaticoseston.com\/wp-content\/uploads\/2016\/10\/portada_consejos_bateria-1024&#215;682.jpg\u00bb image_max_width=\u00bbnone\u00bb admin_label=\u00bbAnuncio\u00bb _builder_version=\u00bb3.0.74&#8243; header_font=\u00bb|on|||\u00bb header_text_color=\u00bb#ffffff\u00bb background_color=\u00bbrgba(234,4,15,0.49)\u00bb background_size=\u00bbinitial\u00bb background_position=\u00bbtop_left\u00bb background_repeat=\u00bbrepeat\u00bb text_orientation=\u00bbcenter\u00bb custom_padding=\u00bb10px|5px|10px|5px\u00bb][\/et_pb_blurb][\/et_pb_column][et_pb_column type=\u00bb1_3&#8243; _builder_version=\u00bb3.25&#8243; custom_padding=\u00bb|||\u00bb custom_padding__hover=\u00bb|||\u00bb][et_pb_blurb title=\u00bbCambio de Aceite\u00bb url=\u00bbhttps:\/\/www.neumaticoseston.com\/cambio-de-aceite\/\u00bb image=\u00bbhttps:\/\/www.neumaticoseston.com\/wp-content\/uploads\/2016\/10\/maxresdefault.jpg\u00bb image_max_width=\u00bbnone\u00bb admin_label=\u00bbAnuncio\u00bb _builder_version=\u00bb3.0.74&#8243; header_font=\u00bb|on|||\u00bb header_text_color=\u00bb#ffffff\u00bb background_color=\u00bbrgba(234,4,15,0.49)\u00bb background_size=\u00bbinitial\u00bb background_position=\u00bbtop_left\u00bb background_repeat=\u00bbrepeat\u00bb text_orientation=\u00bbcenter\u00bb custom_padding=\u00bb10px|10px|10px|10px\u00bb][\/et_pb_blurb][et_pb_blurb title=\u00bbDiagnosis &#8211; Pre ITV\u00bb url=\u00bbhttps:\/\/www.neumaticoseston.com\/diagnosis-pre-itv\/\u00bb image=\u00bbhttps:\/\/www.neumaticoseston.com\/wp-content\/uploads\/2016\/10\/Fotolia_46823143_Subscription_XXL-5616&#215;3744.jpg\u00bb alt=\u00bbDiagnosis &#8211; Pre ITV Taller Eston en Riudoms\u00bb image_max_width=\u00bbnone\u00bb admin_label=\u00bbAnuncio\u00bb _builder_version=\u00bb3.0.74&#8243; header_font=\u00bb|on|||\u00bb header_text_color=\u00bb#ffffff\u00bb background_color=\u00bbrgba(234,4,15,0.49)\u00bb background_size=\u00bbinitial\u00bb background_position=\u00bbtop_left\u00bb background_repeat=\u00bbrepeat\u00bb text_orientation=\u00bbcenter\u00bb custom_padding=\u00bb10px|5px|10px|5px\u00bb][\/et_pb_blurb][et_pb_blurb title=\u00bbAlineaci\u00f3n\u00bb url=\u00bbhttps:\/\/www.neumaticoseston.com\/alineacion-de-ruedas-en-riudoms\/\u00bb image=\u00bbhttps:\/\/www.neumaticoseston.com\/wp-content\/uploads\/2016\/10\/alineacion_ruedas_1be.jpg\u00bb alt=\u00bbAlineaci\u00f3n y direcci\u00f3n de neum\u00e1ticos en Riudoms\u00bb image_max_width=\u00bbnone\u00bb admin_label=\u00bbAnuncio\u00bb _builder_version=\u00bb3.0.74&#8243; header_font=\u00bb|on|||\u00bb header_text_color=\u00bb#ffffff\u00bb background_color=\u00bbrgba(234,4,15,0.49)\u00bb background_size=\u00bbinitial\u00bb background_position=\u00bbtop_left\u00bb background_repeat=\u00bbrepeat\u00bb text_orientation=\u00bbcenter\u00bb custom_padding=\u00bb10px|0px|10px|0px\u00bb][\/et_pb_blurb][et_pb_divider show_divider=\u00bboff\u00bb disabled_on=\u00bbon|on|off\u00bb admin_label=\u00bbSeparador\u00bb _builder_version=\u00bb3.23.4&#8243; height=\u00bb15px\u00bb][\/et_pb_divider][et_pb_text admin_label=\u00bbTexto\u00bb _builder_version=\u00bb3.27.4&#8243; background_size=\u00bbinitial\u00bb background_position=\u00bbtop_left\u00bb background_repeat=\u00bbrepeat\u00bb]<center><a title=\"visitas\" href=\"https:\/\/www.cerotec.net\/estadisticas-86407\/neumaticoseston.com\"><img decoding=\"async\" src=\"https:\/\/www.cerotec.net\/contador.php?t=3&#038;s=8&#038;i=86407\" alt=\"Contador de visitas y estad\u00edsticas\" \/><\/a><\/center>[\/et_pb_text][et_pb_text admin_label=\u00bbTexto\u00bb _builder_version=\u00bb3.27.4&#8243; background_size=\u00bbinitial\u00bb background_position=\u00bbtop_left\u00bb background_repeat=\u00bbrepeat\u00bb text_orientation=\u00bbcenter\u00bb background_layout=\u00bbdark\u00bb module_alignment=\u00bbcenter\u00bb]<\/p>\n<p><strong>Tel. 977 78 49 72\u00a0 <\/strong><br \/>\n<strong>Tel. 672 43 54 19 <\/strong><\/p>\n<h3><strong>Presupuestos sin compromiso<\/strong><\/h3>\n<p>[\/et_pb_text][\/et_pb_column][et_pb_column type=\u00bb1_3&#8243; _builder_version=\u00bb3.25&#8243; custom_padding=\u00bb|||\u00bb custom_padding__hover=\u00bb|||\u00bb][et_pb_blurb title=\u00bbSuspensi\u00f3n\u00bb url=\u00bbhttps:\/\/www.neumaticoseston.com\/amortiguadores-en-riudoms\/\u00bb image=\u00bbhttps:\/\/www.neumaticoseston.com\/wp-content\/uploads\/2016\/10\/cambiar-amortiguadores-600&#215;399.jpg\u00bb image_max_width=\u00bbnone\u00bb admin_label=\u00bbAnuncio\u00bb _builder_version=\u00bb3.0.74&#8243; header_font=\u00bb|on|||\u00bb header_text_color=\u00bb#ffffff\u00bb background_color=\u00bbrgba(234,4,15,0.49)\u00bb background_size=\u00bbinitial\u00bb background_position=\u00bbtop_left\u00bb background_repeat=\u00bbrepeat\u00bb text_orientation=\u00bbcenter\u00bb custom_padding=\u00bb10px|10px|10px|10px\u00bb][\/et_pb_blurb][et_pb_blurb title=\u00bbM\u00e9canica en General\u00bb url=\u00bbhttps:\/\/www.neumaticoseston.com\/mecanica-general-en-riudoms\/\u00bb image=\u00bbhttps:\/\/www.neumaticoseston.com\/wp-content\/uploads\/2016\/11\/mec.jpg\u00bb alt=\u00bbM\u00e9canica en general Taller Eston en Riudoms, Tarragona\u00bb image_max_width=\u00bbnone\u00bb admin_label=\u00bbAnuncio\u00bb _builder_version=\u00bb3.0.74&#8243; header_font=\u00bb|on|||\u00bb header_text_color=\u00bb#ffffff\u00bb background_color=\u00bbrgba(234,4,15,0.49)\u00bb background_size=\u00bbinitial\u00bb background_position=\u00bbtop_left\u00bb background_repeat=\u00bbrepeat\u00bb text_orientation=\u00bbcenter\u00bb custom_padding=\u00bb10px|5px|10px|5px\u00bb][\/et_pb_blurb][et_pb_blurb title=\u00bbFrenos\u00bb url=\u00bbhttps:\/\/www.neumaticoseston.com\/frenos\/\u00bb image=\u00bbhttps:\/\/www.neumaticoseston.com\/wp-content\/uploads\/2016\/10\/maxresdefault2.jpg\u00bb image_max_width=\u00bbnone\u00bb admin_label=\u00bbAnuncio\u00bb _builder_version=\u00bb3.0.74&#8243; header_font=\u00bb|on|||\u00bb header_text_color=\u00bb#ffffff\u00bb background_color=\u00bbrgba(234,4,15,0.49)\u00bb background_size=\u00bbinitial\u00bb background_position=\u00bbtop_left\u00bb background_repeat=\u00bbrepeat\u00bb text_orientation=\u00bbcenter\u00bb custom_margin=\u00bb|||1px\u00bb custom_padding=\u00bb10px|5px|10px|5px\u00bb][\/et_pb_blurb][\/et_pb_column][\/et_pb_row][\/et_pb_section][et_pb_section fb_built=\u00bb1&#8243; custom_padding_last_edited=\u00bbon|desktop\u00bb admin_label=\u00bbSecci\u00f3n\u00bb _builder_version=\u00bb3.22&#8243; custom_padding_tablet=\u00bb50px|0|50px|0&#8243; custom_padding_phone=\u00bb\u00bb padding_mobile=\u00bboff\u00bb][et_pb_row padding_mobile=\u00bboff\u00bb column_padding_mobile=\u00bbon\u00bb admin_label=\u00bbFila\u00bb module_class=\u00bb et_pb_row_fullwidth\u00bb _builder_version=\u00bb3.25&#8243; background_size=\u00bbinitial\u00bb background_position=\u00bbtop_left\u00bb background_repeat=\u00bbrepeat\u00bb width=\u00bb89%\u00bb width_tablet=\u00bb80%\u00bb width_last_edited=\u00bbon|desktop\u00bb max_width=\u00bb89%\u00bb max_width_tablet=\u00bb80%\u00bb max_width_last_edited=\u00bbon|desktop\u00bb make_fullwidth=\u00bbon\u00bb][et_pb_column type=\u00bb4_4&#8243; _builder_version=\u00bb3.25&#8243; custom_padding=\u00bb|||\u00bb custom_padding__hover=\u00bb|||\u00bb][et_pb_text admin_label=\u00bbTexto\u00bb _builder_version=\u00bb3.27.4&#8243; background_size=\u00bbinitial\u00bb background_position=\u00bbtop_left\u00bb background_repeat=\u00bbrepeat\u00bb]<\/p>\n<p style=\"text-align: center;\" class=\"et-fb-mce-line-break-holder\">\n<h2 style=\"text-align: center;\"><strong>Algunas de nuestras promociones<\/strong><\/h2>\n<p style=\"text-align: center;\" class=\"et-fb-mce-line-break-holder\">\n<p>[\/et_pb_text][et_pb_text admin_label=\u00bbTexto\u00bb _builder_version=\u00bb3.27.4&#8243; background_size=\u00bbinitial\u00bb background_position=\u00bbtop_left\u00bb background_repeat=\u00bbrepeat\u00bb custom_margin=\u00bb15px||15px|\u00bb]<\/p>\n<h2 style=\"text-align: center;\"><span style=\"color: #ffffff;\">Presupuestos sin compromiso<\/span><\/h2>\n<p style=\"text-align: center;\">[\/et_pb_text][et_pb_shop posts_number=\u00bb3&#8243; columns_number=\u00bb3&#8243; admin_label=\u00bbTienda\u00bb _builder_version=\u00bb3.25.3&#8243;][\/et_pb_shop][et_pb_text admin_label=\u00bbTexto\u00bb _builder_version=\u00bb3.27.4&#8243; background_size=\u00bbinitial\u00bb background_position=\u00bbtop_left\u00bb background_repeat=\u00bbrepeat\u00bb]<\/p>\n<p style=\"text-align: center;\">\n<h2 style=\"text-align: center;\"><strong>Nuestro Blog<\/strong><\/h2>\n<h2 style=\"text-align: center;\"><strong>\u00a0<\/strong><\/h2>\n<p style=\"text-align: center;\">\n<p>[\/et_pb_text][et_pb_blog posts_number=\u00bb1&#8243; include_categories=\u00bb8&#8243; show_thumbnail=\u00bboff\u00bb show_more=\u00bbon\u00bb show_author=\u00bboff\u00bb use_overlay=\u00bbon\u00bb overlay_icon_color=\u00bb#e07c76&#8243; hover_overlay_color=\u00bbrgba(0,0,0,0.5)\u00bb admin_label=\u00bbBlog\u00bb _builder_version=\u00bb3.0.94&#8243;][\/et_pb_blog][\/et_pb_column][\/et_pb_row][\/et_pb_section]<\/p>\n","protected":false},"excerpt":{"rendered":"<p>Neum\u00e1ticos Eston Taller m\u00e9canico en Riudoms Pr\u00f3ximamente tu pedido online Descarga nuestra app escaneando el c\u00f3digo QR o pulsando el bot\u00f3n.Servicio integral para su autom\u00f3vil Neum\u00e1ticos Eston\u00a0 es una empresa con una larga trayectoria en el sector de la automoci\u00f3n. Disponemos de un taller m\u00e9canico en Riudoms, con amplias instalaciones. Ofrecemos los servicios de taller [&hellip;]<\/p>\n","protected":false},"author":1,"featured_media":0,"parent":0,"menu_order":0,"comment_status":"closed","ping_status":"closed","template":"","meta":{"_et_pb_use_builder":"on","_et_pb_old_content":"","_et_gb_content_width":"","footnotes":""},"class_list":["post-75","page","type-page","status-publish","hentry"],"_links":{"self":[{"href":"https:\/\/www.neumaticoseston.com\/ca\/wp-json\/wp\/v2\/pages\/75","targetHints":{"allow":["GET"]}}],"collection":[{"href":"https:\/\/www.neumaticoseston.com\/ca\/wp-json\/wp\/v2\/pages"}],"about":[{"href":"https:\/\/www.neumaticoseston.com\/ca\/wp-json\/wp\/v2\/types\/page"}],"author":[{"embeddable":true,"href":"https:\/\/www.neumaticoseston.com\/ca\/wp-json\/wp\/v2\/users\/1"}],"replies":[{"embeddable":true,"href":"https:\/\/www.neumaticoseston.com\/ca\/wp-json\/wp\/v2\/comments?post=75"}],"version-history":[{"count":235,"href":"https:\/\/www.neumaticoseston.com\/ca\/wp-json\/wp\/v2\/pages\/75\/revisions"}],"predecessor-version":[{"id":965,"href":"https:\/\/www.neumaticoseston.com\/ca\/wp-json\/wp\/v2\/pages\/75\/revisions\/965"}],"wp:attachment":[{"href":"https:\/\/www.neumaticoseston.com\/ca\/wp-json\/wp\/v2\/media?parent=75"}],"curies":[{"name":"wp","href":"https:\/\/api.w.org\/{rel}","templated":true}]}}