{"id":568,"date":"2017-05-03T11:05:44","date_gmt":"2017-05-03T11:05:44","guid":{"rendered":"http:\/\/www.neumaticoseston.com\/?page_id=568"},"modified":"2021-04-20T07:44:52","modified_gmt":"2021-04-20T07:44:52","slug":"talleres-mecanicos-reus","status":"publish","type":"page","link":"https:\/\/www.neumaticoseston.com\/ca\/talleres-mecanicos-reus\/","title":{"rendered":"Tallers mec\u00e0nics a Reus"},"content":{"rendered":"<p>[et_pb_section fb_built=\u00bb1&#8243; admin_label=\u00bbsection\u00bb _builder_version=\u00bb3.22&#8243;][et_pb_row _builder_version=\u00bb4.9.4&#8243; _module_preset=\u00bbdefault\u00bb][et_pb_column _builder_version=\u00bb4.9.4&#8243; _module_preset=\u00bbdefault\u00bb type=\u00bb4_4&#8243;][et_pb_text admin_label=\u00bbTexto\u00bb _builder_version=\u00bb3.27.4&#8243; background_size=\u00bbinitial\u00bb background_position=\u00bbtop_left\u00bb background_repeat=\u00bbrepeat\u00bb text_orientation=\u00bbcenter\u00bb module_alignment=\u00bbcenter\u00bb use_border_color=\u00bboff\u00bb border_color=\u00bb#ffffff\u00bb border_style=\u00bbsolid\u00bb]<\/p>\n<h1>Talleres mec\u00e1nicos en Reus<\/h1>\n<p>[\/et_pb_text][et_pb_text admin_label=\u00bbTexto\u00bb _builder_version=\u00bb4.9.4&#8243; background_size=\u00bbinitial\u00bb background_position=\u00bbtop_left\u00bb background_repeat=\u00bbrepeat\u00bb text_orientation=\u00bbcenter\u00bb hover_enabled=\u00bb0&#8243; use_border_color=\u00bboff\u00bb border_color=\u00bb#ffffff\u00bb border_style=\u00bbsolid\u00bb sticky_enabled=\u00bb0&#8243;]<\/p>\n<p>Neum\u00e1ticos Eston es uno de los mejores talleres mec\u00e1nicos en Reus y cercan\u00edas. No dudes en contar con nosotros para cualquier tipo de problema con tu veh\u00edculo.<\/p>\n<p>[\/et_pb_text][\/et_pb_column][\/et_pb_row][et_pb_row _builder_version=\u00bb4.9.4&#8243; _module_preset=\u00bbdefault\u00bb column_structure=\u00bb1_3,1_3,1_3&#8243;][et_pb_column _builder_version=\u00bb4.9.4&#8243; _module_preset=\u00bbdefault\u00bb type=\u00bb1_3&#8243;][et_pb_text admin_label=\u00bbTexto\u00bb _builder_version=\u00bb4.9.4&#8243; background_size=\u00bbinitial\u00bb background_position=\u00bbtop_left\u00bb background_repeat=\u00bbrepeat\u00bb text_orientation=\u00bbjustified\u00bb hover_enabled=\u00bb0&#8243; use_border_color=\u00bboff\u00bb border_color=\u00bb#ffffff\u00bb border_style=\u00bbsolid\u00bb sticky_enabled=\u00bb0&#8243;]<\/p>\n<h3>Talleres de mec\u00e1nica general en Reus<\/h3>\n<p>Realizamos todo tipo de reparaciones mec\u00e1nicas en los veh\u00edculos, estamos especializados en<strong> mec\u00e1nica r\u00e1pida.<\/strong> Cambiamos tubos de escape, neum\u00e1ticos, suspensiones, bater\u00edas, frenos, etc. Aparte de todo lo especificado tambi\u00e9n realizamos diagnosis Pre-ITV y alineaci\u00f3n de neum\u00e1ticos.<\/p>\n<p>[\/et_pb_text][\/et_pb_column][et_pb_column _builder_version=\u00bb4.9.4&#8243; _module_preset=\u00bbdefault\u00bb type=\u00bb1_3&#8243;][et_pb_text admin_label=\u00bbTexto\u00bb _builder_version=\u00bb4.9.4&#8243; background_size=\u00bbinitial\u00bb background_position=\u00bbtop_left\u00bb background_repeat=\u00bbrepeat\u00bb text_orientation=\u00bbjustified\u00bb hover_enabled=\u00bb0&#8243; use_border_color=\u00bboff\u00bb border_color=\u00bb#ffffff\u00bb border_style=\u00bbsolid\u00bb sticky_enabled=\u00bb0&#8243;]<\/p>\n<h3>Taller mec\u00e1nico en Reus con servicios de calidad<\/h3>\n<p>En nuestro <strong>taller Neum\u00e1ticos Eston<\/strong> Sabemos que cuidar las necesidades de nuestros clientes es una parte esencial de nuestro trabajo. Por ello, damos un trato exclusivo y personalizado a cada uno de nuestros clientes, con el objetivo de tener solo clientes satisfechos con los servicios que recibe su veh\u00edculo.<\/p>\n<p>[\/et_pb_text][\/et_pb_column][et_pb_column _builder_version=\u00bb4.9.4&#8243; _module_preset=\u00bbdefault\u00bb type=\u00bb1_3&#8243;][et_pb_text admin_label=\u00bbTexto\u00bb _builder_version=\u00bb4.9.4&#8243; background_size=\u00bbinitial\u00bb background_position=\u00bbtop_left\u00bb background_repeat=\u00bbrepeat\u00bb text_orientation=\u00bbjustified\u00bb hover_enabled=\u00bb0&#8243; use_border_color=\u00bboff\u00bb border_color=\u00bb#ffffff\u00bb border_style=\u00bbsolid\u00bb sticky_enabled=\u00bb0&#8243;]<\/p>\n<h3>\u00bfBuscas un taller mec\u00e1nico de confianza en Reus o Riudoms?<\/h3>\n<p>Si buscas talleres mec\u00e1nicos de confianza en Reus no dudes en acudir a Neum\u00e1ticos Eston. Si tienes cualquier duda o consulta sobre nuestros servicios puedes contactar con nosotros a trav\u00e9s de nuestro formulario de contacto pulsando en el bot\u00f3n que hay a continuaci\u00f3n, o puedes llamarnos.<\/p>\n<p>&nbsp;<\/p>\n<p>[\/et_pb_text][\/et_pb_column][\/et_pb_row][et_pb_row _builder_version=\u00bb4.9.4&#8243; _module_preset=\u00bbdefault\u00bb][et_pb_column _builder_version=\u00bb4.9.4&#8243; _module_preset=\u00bbdefault\u00bb type=\u00bb4_4&#8243;][et_pb_button button_url=\u00bbhttps:\/\/www.neumaticoseston.com\/contacto\/\u00bb button_text=\u00bbContacta con nosotros\u00bb button_alignment=\u00bbcenter\u00bb admin_label=\u00bbBot\u00f3n\u00bb _builder_version=\u00bb4.9.4&#8243; hover_enabled=\u00bb0&#8243; button_letter_spacing_hover=\u00bb0&#8243; button_text_size__hover_enabled=\u00bboff\u00bb button_one_text_size__hover_enabled=\u00bboff\u00bb button_two_text_size__hover_enabled=\u00bboff\u00bb button_text_color__hover_enabled=\u00bboff\u00bb button_one_text_color__hover_enabled=\u00bboff\u00bb button_two_text_color__hover_enabled=\u00bboff\u00bb button_border_width__hover_enabled=\u00bboff\u00bb button_one_border_width__hover_enabled=\u00bboff\u00bb button_two_border_width__hover_enabled=\u00bboff\u00bb button_border_color__hover_enabled=\u00bboff\u00bb button_one_border_color__hover_enabled=\u00bboff\u00bb button_two_border_color__hover_enabled=\u00bboff\u00bb button_border_radius__hover_enabled=\u00bboff\u00bb button_one_border_radius__hover_enabled=\u00bboff\u00bb button_two_border_radius__hover_enabled=\u00bboff\u00bb button_letter_spacing__hover_enabled=\u00bbon\u00bb button_letter_spacing__hover=\u00bb0&#8243; button_one_letter_spacing__hover_enabled=\u00bboff\u00bb button_two_letter_spacing__hover_enabled=\u00bboff\u00bb button_bg_color__hover_enabled=\u00bboff\u00bb button_one_bg_color__hover_enabled=\u00bboff\u00bb button_two_bg_color__hover_enabled=\u00bboff\u00bb sticky_enabled=\u00bb0&#8243;][\/et_pb_button][et_pb_button button_url=\u00bbtel:+34672435419&#8243; button_text=\u00bbLl\u00e1manos\u00bb button_alignment=\u00bbcenter\u00bb admin_label=\u00bbBot\u00f3n\u00bb _builder_version=\u00bb4.9.4&#8243; hover_enabled=\u00bb0&#8243; button_letter_spacing_hover=\u00bb0&#8243; button_text_size__hover_enabled=\u00bboff\u00bb button_one_text_size__hover_enabled=\u00bboff\u00bb button_two_text_size__hover_enabled=\u00bboff\u00bb button_text_color__hover_enabled=\u00bboff\u00bb button_one_text_color__hover_enabled=\u00bboff\u00bb button_two_text_color__hover_enabled=\u00bboff\u00bb button_border_width__hover_enabled=\u00bboff\u00bb button_one_border_width__hover_enabled=\u00bboff\u00bb button_two_border_width__hover_enabled=\u00bboff\u00bb button_border_color__hover_enabled=\u00bboff\u00bb button_one_border_color__hover_enabled=\u00bboff\u00bb button_two_border_color__hover_enabled=\u00bboff\u00bb button_border_radius__hover_enabled=\u00bboff\u00bb button_one_border_radius__hover_enabled=\u00bboff\u00bb button_two_border_radius__hover_enabled=\u00bboff\u00bb button_letter_spacing__hover_enabled=\u00bbon\u00bb button_letter_spacing__hover=\u00bb0&#8243; button_one_letter_spacing__hover_enabled=\u00bboff\u00bb button_two_letter_spacing__hover_enabled=\u00bboff\u00bb button_bg_color__hover_enabled=\u00bboff\u00bb button_one_bg_color__hover_enabled=\u00bboff\u00bb button_two_bg_color__hover_enabled=\u00bboff\u00bb sticky_enabled=\u00bb0&#8243;][\/et_pb_button][\/et_pb_column][\/et_pb_row][et_pb_row admin_label=\u00bbFila\u00bb _builder_version=\u00bb3.25&#8243; background_size=\u00bbinitial\u00bb background_position=\u00bbtop_left\u00bb background_repeat=\u00bbrepeat\u00bb column_structure=\u00bb1_3,1_3,1_3&#8243;][et_pb_column type=\u00bb1_3&#8243; _builder_version=\u00bb3.25&#8243; custom_padding=\u00bb|||\u00bb custom_padding__hover=\u00bb|||\u00bb][et_pb_image src=\u00bbhttps:\/\/www.neumaticoseston.com\/wp-content\/uploads\/2016\/10\/entrada22.jpg\u00bb alt=\u00bbTalleres mec\u00e1nicos en Reus neum\u00e1ticos Eston\u00bb align=\u00bbcenter\u00bb align_tablet=\u00bbcenter\u00bb align_last_edited=\u00bbon|desktop\u00bb admin_label=\u00bbImagen\u00bb _builder_version=\u00bb4.9.4&#8243; animation_style=\u00bbslide\u00bb animation_direction=\u00bbleft\u00bb animation_duration=\u00bb500ms\u00bb animation_intensity_slide=\u00bb10%\u00bb hover_enabled=\u00bb0&#8243; use_border_color=\u00bboff\u00bb border_color=\u00bb#ffffff\u00bb border_style=\u00bbsolid\u00bb animation=\u00bbleft\u00bb sticky=\u00bboff\u00bb always_center_on_mobile=\u00bbon\u00bb title_text=\u00bbTalleres mec\u00e1nicos en Reus neum\u00e1ticos Eston\u00bb sticky_enabled=\u00bb0&#8243;][\/et_pb_image][\/et_pb_column][et_pb_column type=\u00bb1_3&#8243; _builder_version=\u00bb3.25&#8243; custom_padding=\u00bb|||\u00bb custom_padding__hover=\u00bb|||\u00bb][et_pb_image src=\u00bbhttps:\/\/www.neumaticoseston.com\/wp-content\/uploads\/2016\/10\/alineacion_ruedas_1be.jpg\u00bb _builder_version=\u00bb4.9.4&#8243; _module_preset=\u00bbdefault\u00bb title_text=\u00bbtalleres de mec\u00e1nica en Reus y Riudoms\u00bb hover_enabled=\u00bb0&#8243; sticky_enabled=\u00bb0&#8243; alt=\u00bbtalleres de mec\u00e1nica en Reus y Riudoms\u00bb][\/et_pb_image][\/et_pb_column][et_pb_column type=\u00bb1_3&#8243; _builder_version=\u00bb3.25&#8243; custom_padding=\u00bb|||\u00bb custom_padding__hover=\u00bb|||\u00bb][et_pb_image src=\u00bbhttps:\/\/www.neumaticoseston.com\/wp-content\/uploads\/2016\/10\/maxresdefault2.jpg\u00bb _builder_version=\u00bb4.9.4&#8243; _module_preset=\u00bbdefault\u00bb title_text=\u00bbtaller de mec\u00e1nica en Reus\u00bb alt=\u00bbtaller de mec\u00e1nica auto en Reus\u00bb hover_enabled=\u00bb0&#8243; sticky_enabled=\u00bb0&#8243;][\/et_pb_image][\/et_pb_column][\/et_pb_row][et_pb_row _builder_version=\u00bb4.9.4&#8243; _module_preset=\u00bbdefault\u00bb][et_pb_column _builder_version=\u00bb4.9.4&#8243; _module_preset=\u00bbdefault\u00bb type=\u00bb4_4&#8243;][et_pb_blog posts_number=\u00bb3&#8243; include_categories=\u00bb8&#8243; show_author=\u00bboff\u00bb show_comments=\u00bbon\u00bb show_pagination=\u00bboff\u00bb admin_label=\u00bbBlog\u00bb _builder_version=\u00bb4.9.4&#8243; hover_enabled=\u00bb0&#8243; use_border_color=\u00bboff\u00bb border_color=\u00bb#ffffff\u00bb border_style=\u00bbsolid\u00bb use_dropshadow=\u00bboff\u00bb fullwidth=\u00bboff\u00bb sticky_enabled=\u00bb0&#8243;][\/et_pb_blog][\/et_pb_column][\/et_pb_row][\/et_pb_section]<\/p>\n","protected":false},"excerpt":{"rendered":"<p>Talleres mec\u00e1nicos en Reus Neum\u00e1ticos Eston es uno de los mejores talleres mec\u00e1nicos en Reus y cercan\u00edas. No dudes en contar con nosotros para cualquier tipo de problema con tu veh\u00edculo.Talleres de mec\u00e1nica general en Reus Realizamos todo tipo de reparaciones mec\u00e1nicas en los veh\u00edculos, estamos especializados en mec\u00e1nica r\u00e1pida. Cambiamos tubos de escape, neum\u00e1ticos, [&hellip;]<\/p>\n","protected":false},"author":1,"featured_media":0,"parent":0,"menu_order":0,"comment_status":"closed","ping_status":"closed","template":"","meta":{"_et_pb_use_builder":"on","_et_pb_old_content":"","_et_gb_content_width":"","footnotes":""},"class_list":["post-568","page","type-page","status-publish","hentry"],"_links":{"self":[{"href":"https:\/\/www.neumaticoseston.com\/ca\/wp-json\/wp\/v2\/pages\/568","targetHints":{"allow":["GET"]}}],"collection":[{"href":"https:\/\/www.neumaticoseston.com\/ca\/wp-json\/wp\/v2\/pages"}],"about":[{"href":"https:\/\/www.neumaticoseston.com\/ca\/wp-json\/wp\/v2\/types\/page"}],"author":[{"embeddable":true,"href":"https:\/\/www.neumaticoseston.com\/ca\/wp-json\/wp\/v2\/users\/1"}],"replies":[{"embeddable":true,"href":"https:\/\/www.neumaticoseston.com\/ca\/wp-json\/wp\/v2\/comments?post=568"}],"version-history":[{"count":2,"href":"https:\/\/www.neumaticoseston.com\/ca\/wp-json\/wp\/v2\/pages\/568\/revisions"}],"predecessor-version":[{"id":1073,"href":"https:\/\/www.neumaticoseston.com\/ca\/wp-json\/wp\/v2\/pages\/568\/revisions\/1073"}],"wp:attachment":[{"href":"https:\/\/www.neumaticoseston.com\/ca\/wp-json\/wp\/v2\/media?parent=568"}],"curies":[{"name":"wp","href":"https:\/\/api.w.org\/{rel}","templated":true}]}}