{"id":565,"date":"2017-05-03T10:29:36","date_gmt":"2017-05-03T10:29:36","guid":{"rendered":"http:\/\/www.neumaticoseston.com\/?page_id=565"},"modified":"2021-04-19T17:22:36","modified_gmt":"2021-04-19T17:22:36","slug":"neumaticos-en-reus","status":"publish","type":"page","link":"https:\/\/www.neumaticoseston.com\/ca\/neumaticos-en-reus\/","title":{"rendered":"Pneum\u00e0tics a Reus"},"content":{"rendered":"<p>[et_pb_section fb_built=\u00bb1&#8243; _builder_version=\u00bb4.7.4&#8243; _module_preset=\u00bbdefault\u00bb background_image=\u00bbhttps:\/\/www.neumaticoseston.com\/wp-content\/uploads\/2021\/04\/venta-de-neumaticos-en-Reus.jpg\u00bb][et_pb_row _builder_version=\u00bb4.7.4&#8243; _module_preset=\u00bbdefault\u00bb][et_pb_column type=\u00bb4_4&#8243; _builder_version=\u00bb4.7.4&#8243; _module_preset=\u00bbdefault\u00bb][et_pb_text admin_label=\u00bbTexto\u00bb _builder_version=\u00bb4.9.4&#8243; header_text_color=\u00bb#ffffff\u00bb background_size=\u00bbinitial\u00bb background_position=\u00bbtop_left\u00bb background_repeat=\u00bbrepeat\u00bb text_orientation=\u00bbcenter\u00bb module_alignment=\u00bbcenter\u00bb hover_enabled=\u00bb0&#8243; use_border_color=\u00bboff\u00bb border_color=\u00bb#ffffff\u00bb border_style=\u00bbsolid\u00bb text_text_color=\u00bb#FFFFFF\u00bb text_font_size=\u00bb23px\u00bb text_font_size_last_edited=\u00bbon|desktop\u00bb sticky_enabled=\u00bb0&#8243; text_font_size_phone=\u00bb18px\u00bb text_font_size_tablet=\u00bb18px\u00bb]<\/p>\n<h1>Neum\u00e1ticos en Reus<\/h1>\n<p>Taller de venta e instalaci\u00f3n de neum\u00e1ticos en Reus y Riudoms<\/p>\n<p>[\/et_pb_text][\/et_pb_column][\/et_pb_row][\/et_pb_section][et_pb_section fb_built=\u00bb1&#8243; admin_label=\u00bbsection\u00bb _builder_version=\u00bb3.22&#8243;][et_pb_row _builder_version=\u00bb4.9.4&#8243; _module_preset=\u00bbdefault\u00bb column_structure=\u00bb1_3,1_3,1_3&#8243;][et_pb_column _builder_version=\u00bb4.9.4&#8243; _module_preset=\u00bbdefault\u00bb type=\u00bb1_3&#8243;][et_pb_text _builder_version=\u00bb4.9.4&#8243; _module_preset=\u00bbdefault\u00bb hover_enabled=\u00bb0&#8243; sticky_enabled=\u00bb0&#8243; header_2_text_align=\u00bbcenter\u00bb text_font_size=\u00bb14px\u00bb text_orientation=\u00bbjustified\u00bb]<\/p>\n<h2>Venta de neum\u00e1ticos en Reus<\/h2>\n<p>Si buscas un taller de neum\u00e1ticos en Reus que te ofrece buenos precios en neum\u00e1ticos e instalaci\u00f3n, te invitamos a visitar nuestro taller de Riudoms a menos de 5 minutos de Reus tienes los mejores servicios de taller para tu coche.<\/p>\n<p>[\/et_pb_text][\/et_pb_column][et_pb_column _builder_version=\u00bb4.9.4&#8243; _module_preset=\u00bbdefault\u00bb type=\u00bb1_3&#8243;][et_pb_text _builder_version=\u00bb4.9.4&#8243; _module_preset=\u00bbdefault\u00bb hover_enabled=\u00bb0&#8243; sticky_enabled=\u00bb0&#8243; header_2_text_align=\u00bbcenter\u00bb text_font_size=\u00bb14px\u00bb text_orientation=\u00bbjustified\u00bb]<\/p>\n<h2>Neum\u00e1ticos multimarca cerca de Reus en Riudoms<\/h2>\n<p>Disponemos de neum\u00e1ticos de las marcas principales pr\u00e9mium y opciones econ\u00f3micas. Ven y te ayudamos a elegir los neum\u00e1ticos perfectos para tu veh\u00edculo y el uso que le das.<\/p>\n<p>[\/et_pb_text][\/et_pb_column][et_pb_column _builder_version=\u00bb4.9.4&#8243; _module_preset=\u00bbdefault\u00bb type=\u00bb1_3&#8243;][et_pb_text _builder_version=\u00bb4.9.4&#8243; _module_preset=\u00bbdefault\u00bb hover_enabled=\u00bb0&#8243; sticky_enabled=\u00bb0&#8243; header_2_text_align=\u00bbcenter\u00bb text_font_size=\u00bb14px\u00bb text_orientation=\u00bbjustified\u00bb]<\/p>\n<h2>Taller de neum\u00e1ticos con experiencia en Reus<\/h2>\n<p>Neum\u00e1ticos Eston es uno de los mejores talleres de neum\u00e1ticos en Riudoms y Reus. Tenemos una larga trayectoria en el mundo de la mec\u00e1nica que nos avala. Nuestros esfuerzos se enfocan en la satisfacci\u00f3n del cliente.<\/p>\n<p>[\/et_pb_text][\/et_pb_column][\/et_pb_row][et_pb_row column_structure=\u00bb3_5,2_5&#8243; admin_label=\u00bbFila\u00bb _builder_version=\u00bb4.9.4&#8243; background_size=\u00bbinitial\u00bb background_position=\u00bbtop_left\u00bb background_repeat=\u00bbrepeat\u00bb hover_enabled=\u00bb0&#8243; sticky_enabled=\u00bb0&#8243;][et_pb_column type=\u00bb3_5&#8243; _builder_version=\u00bb3.25&#8243; custom_padding=\u00bb|||\u00bb custom_padding__hover=\u00bb|||\u00bb][et_pb_text admin_label=\u00bbTexto\u00bb _builder_version=\u00bb4.9.4&#8243; background_size=\u00bbinitial\u00bb background_position=\u00bbtop_left\u00bb background_repeat=\u00bbrepeat\u00bb text_orientation=\u00bbjustified\u00bb hover_enabled=\u00bb0&#8243; use_border_color=\u00bboff\u00bb border_color=\u00bb#ffffff\u00bb border_style=\u00bbsolid\u00bb sticky_enabled=\u00bb0&#8243;]<\/p>\n<h2>\u00bfBuscas un taller donde cambiar tus neum\u00e1ticos?<\/h2>\n<p>Si necesitas cambiar los neum\u00e1ticos de tu veh\u00edculo no dudes en acudir a nuestro taller.<\/p>\n<h2>Otros servicios de nuestro taller en Riudoms<\/h2>\n<p>Aparte del cambio y sustituci\u00f3n de neum\u00e1ticos, ofrecemos tambi\u00e9n los siguientes servicios para nuestros clientes de Reus:<\/p>\n<ul>\n<li>Reparaciones mec\u00e1nicas de veh\u00edculos<\/li>\n<li>Cambios de aceite<\/li>\n<li>Cambio y mantenimiento de la suspensi\u00f3n<\/li>\n<li>Diagnosis completo al veh\u00edculo<\/li>\n<li>Revisiones Pre-ITV<\/li>\n<li>Sustituci\u00f3n de bater\u00edas<\/li>\n<li>Mantenimiento o cambio de frenos<\/li>\n<li>Todos los servicios de taller de mec\u00e1nica r\u00e1pida<\/li>\n<\/ul>\n<p>&nbsp;<\/p>\n<p>[\/et_pb_text][\/et_pb_column][et_pb_column type=\u00bb2_5&#8243; _builder_version=\u00bb3.25&#8243; custom_padding=\u00bb|||\u00bb custom_padding__hover=\u00bb|||\u00bb][et_pb_image src=\u00bbhttps:\/\/www.neumaticoseston.com\/wp-content\/uploads\/2016\/10\/37bcdf97fb1749aeb3ee283eac94bbed.png\u00bb alt=\u00bbtaller de Neum\u00e1ticos en Reus y riudoms\u00bb align=\u00bbcenter\u00bb align_tablet=\u00bbcenter\u00bb align_phone=\u00bb\u00bb align_last_edited=\u00bbon|desktop\u00bb admin_label=\u00bbImagen\u00bb _builder_version=\u00bb4.9.4&#8243; animation_style=\u00bbslide\u00bb animation_direction=\u00bbleft\u00bb animation_duration=\u00bb500ms\u00bb animation_intensity_slide=\u00bb10%\u00bb hover_enabled=\u00bb0&#8243; use_border_color=\u00bboff\u00bb border_color=\u00bb#ffffff\u00bb border_style=\u00bbsolid\u00bb animation=\u00bbleft\u00bb sticky=\u00bboff\u00bb always_center_on_mobile=\u00bbon\u00bb sticky_enabled=\u00bb0&#8243;][\/et_pb_image][\/et_pb_column][\/et_pb_row][et_pb_row _builder_version=\u00bb4.9.4&#8243; _module_preset=\u00bbdefault\u00bb][et_pb_column _builder_version=\u00bb4.9.4&#8243; _module_preset=\u00bbdefault\u00bb type=\u00bb4_4&#8243;][et_pb_text admin_label=\u00bbTexto\u00bb _builder_version=\u00bb4.9.4&#8243; background_size=\u00bbinitial\u00bb background_position=\u00bbtop_left\u00bb background_repeat=\u00bbrepeat\u00bb text_orientation=\u00bbjustified\u00bb hover_enabled=\u00bb0&#8243; use_border_color=\u00bboff\u00bb border_color=\u00bb#ffffff\u00bb border_style=\u00bbsolid\u00bb sticky_enabled=\u00bb0&#8243;]<\/p>\n<h2>Taller de neum\u00e1ticos con servicios de calidad en Reus<\/h2>\n<p>Siempre intentamos dar el mejor trato posible a todos nuestros clientes. Sabemos que un cliente contento y satisfecho con el trabajo realizado a su veh\u00edculo es un cliente que volver\u00e1 a contar con nosotros para las pr\u00f3ximas ocasiones en las que necesite un taller.<\/p>\n<p>No dudes en visitar el taller Neum\u00e1ticos Eston en Riudoms o llamarnos para informarte de nuestras promociones y ofertas.<\/p>\n<p>Si buscas talleres de neum\u00e1ticos en Reus no dudes en acudir a Neum\u00e1ticos Eston.<\/p>\n<p>Siempre puedes ponerte en contacto con nosotros a trav\u00e9s de nuestro formulario de contacto. Puedes acceder pulsando en el bot\u00f3n de abajo y resolveremos cualquier duda que puedas tener.<\/p>\n<p>&nbsp;<\/p>\n<p>[\/et_pb_text][\/et_pb_column][\/et_pb_row][et_pb_row _builder_version=\u00bb4.9.4&#8243; _module_preset=\u00bbdefault\u00bb column_structure=\u00bb1_2,1_2&#8243;][et_pb_column _builder_version=\u00bb4.9.4&#8243; _module_preset=\u00bbdefault\u00bb type=\u00bb1_2&#8243;][et_pb_text admin_label=\u00bbTexto\u00bb _builder_version=\u00bb4.9.4&#8243; background_size=\u00bbinitial\u00bb background_position=\u00bbtop_left\u00bb background_repeat=\u00bbrepeat\u00bb text_orientation=\u00bbjustified\u00bb hover_enabled=\u00bb0&#8243; use_border_color=\u00bboff\u00bb border_color=\u00bb#ffffff\u00bb border_style=\u00bbsolid\u00bb sticky_enabled=\u00bb0&#8243;]<\/p>\n<p>No dudes en visitar el taller Neum\u00e1ticos Eston en Riudoms o llamarnos para informarte de nuestras promociones y ofertas.<\/p>\n<p>[\/et_pb_text][\/et_pb_column][et_pb_column _builder_version=\u00bb4.9.4&#8243; _module_preset=\u00bbdefault\u00bb type=\u00bb1_2&#8243;][et_pb_text admin_label=\u00bbTexto\u00bb _builder_version=\u00bb4.9.4&#8243; background_size=\u00bbinitial\u00bb background_position=\u00bbtop_left\u00bb background_repeat=\u00bbrepeat\u00bb text_orientation=\u00bbjustified\u00bb hover_enabled=\u00bb0&#8243; use_border_color=\u00bboff\u00bb border_color=\u00bb#ffffff\u00bb border_style=\u00bbsolid\u00bb sticky_enabled=\u00bb0&#8243;]<\/p>\n<p>Si buscas talleres de neum\u00e1ticos en Reus no dudes en acudir a Neum\u00e1ticos Eston.<\/p>\n<p>[\/et_pb_text][\/et_pb_column][\/et_pb_row][et_pb_row _builder_version=\u00bb4.9.4&#8243; _module_preset=\u00bbdefault\u00bb][et_pb_column _builder_version=\u00bb4.9.4&#8243; _module_preset=\u00bbdefault\u00bb type=\u00bb4_4&#8243;][et_pb_cta title=\u00bbContacta con nosotros si necesitas un taller de venta e instalaci\u00f3n de neum\u00e1ticos\u00bb button_text=\u00bbContacta con nosotros\u00bb _builder_version=\u00bb4.9.4&#8243; _module_preset=\u00bbdefault\u00bb button_url=\u00bb@ET-DC@eyJkeW5hbWljIjp0cnVlLCJjb250ZW50IjoicG9zdF9saW5rX3VybF9wYWdlIiwic2V0dGluZ3MiOnsicG9zdF9pZCI6IjI3NCJ9fQ==@\u00bb _dynamic_attributes=\u00bbbutton_url\u00bb hover_enabled=\u00bb0&#8243; sticky_enabled=\u00bb0&#8243;]<\/p>\n<p>Rellena el formulario de contacto o ll\u00e1manos para consultar precios y ofertas para neum\u00e1ticos o el mantenimiento de tu coche.<\/p>\n<p>[\/et_pb_cta][\/et_pb_column][\/et_pb_row][\/et_pb_section]<\/p>\n","protected":false},"excerpt":{"rendered":"<p>Neum\u00e1ticos en Reus Taller de venta e instalaci\u00f3n de neum\u00e1ticos en Reus y RiudomsVenta de neum\u00e1ticos en Reus Si buscas un taller de neum\u00e1ticos en Reus que te ofrece buenos precios en neum\u00e1ticos e instalaci\u00f3n, te invitamos a visitar nuestro taller de Riudoms a menos de 5 minutos de Reus tienes los mejores servicios de [&hellip;]<\/p>\n","protected":false},"author":1,"featured_media":0,"parent":0,"menu_order":0,"comment_status":"closed","ping_status":"closed","template":"","meta":{"_et_pb_use_builder":"on","_et_pb_old_content":"","_et_gb_content_width":"","footnotes":""},"class_list":["post-565","page","type-page","status-publish","hentry"],"_links":{"self":[{"href":"https:\/\/www.neumaticoseston.com\/ca\/wp-json\/wp\/v2\/pages\/565","targetHints":{"allow":["GET"]}}],"collection":[{"href":"https:\/\/www.neumaticoseston.com\/ca\/wp-json\/wp\/v2\/pages"}],"about":[{"href":"https:\/\/www.neumaticoseston.com\/ca\/wp-json\/wp\/v2\/types\/page"}],"author":[{"embeddable":true,"href":"https:\/\/www.neumaticoseston.com\/ca\/wp-json\/wp\/v2\/users\/1"}],"replies":[{"embeddable":true,"href":"https:\/\/www.neumaticoseston.com\/ca\/wp-json\/wp\/v2\/comments?post=565"}],"version-history":[{"count":3,"href":"https:\/\/www.neumaticoseston.com\/ca\/wp-json\/wp\/v2\/pages\/565\/revisions"}],"predecessor-version":[{"id":1071,"href":"https:\/\/www.neumaticoseston.com\/ca\/wp-json\/wp\/v2\/pages\/565\/revisions\/1071"}],"wp:attachment":[{"href":"https:\/\/www.neumaticoseston.com\/ca\/wp-json\/wp\/v2\/media?parent=565"}],"curies":[{"name":"wp","href":"https:\/\/api.w.org\/{rel}","templated":true}]}}