{"id":560,"date":"2017-05-03T09:59:22","date_gmt":"2017-05-03T09:59:22","guid":{"rendered":"http:\/\/www.neumaticoseston.com\/?page_id=560"},"modified":"2017-05-19T12:33:30","modified_gmt":"2017-05-19T12:33:30","slug":"talleres-en-reus","status":"publish","type":"page","link":"https:\/\/www.neumaticoseston.com\/ca\/talleres-en-reus\/","title":{"rendered":"Tallers a Reus"},"content":{"rendered":"<p>[et_pb_section bb_built=\u00bb1&#8243; admin_label=\u00bbsection\u00bb][et_pb_row admin_label=\u00bbFila\u00bb][et_pb_column type=\u00bb1_2&#8243;][et_pb_text admin_label=\u00bbTexto\u00bb background_layout=\u00bblight\u00bb text_orientation=\u00bbcenter\u00bb use_border_color=\u00bboff\u00bb border_color=\u00bb#ffffff\u00bb border_style=\u00bbsolid\u00bb]<\/p>\n<h1>Talleres en Reus<\/h1>\n<p>[\/et_pb_text][et_pb_text admin_label=\u00bbTexto\u00bb background_layout=\u00bblight\u00bb text_orientation=\u00bbjustified\u00bb use_border_color=\u00bboff\u00bb border_color=\u00bb#ffffff\u00bb border_style=\u00bbsolid\u00bb]<\/p>\n<p>Neum\u00e1ticos Eston es uno de los muchos talleres en Reus. Si necesitas un taller para cambiar los neum\u00e1ticos o realizar cualquier tipo de reparaci\u00f3n no dudes en venir a visitarnos.<\/p>\n<p>Realizamos todo tipo de reparaciones mec\u00e1nicas en los veh\u00edculos, entre nuestros servicios est\u00e1n el cambio y mantenimiento de neum\u00e1ticos en los veh\u00edculos. Realizamos cambios de aceite, cambio y mantenimiento de la suspensi\u00f3n, siempre realizamos un diagnosis completo al veh\u00edculo para encontrar cualquier fallo posible.<\/p>\n<p>Nos dedicamos a realizar todo tipo de mec\u00e1nica general como por ejemplo la sustituci\u00f3n de bater\u00edas o mantenimiento de los frenos.<\/p>\n<p>Siempre intentamos dar el mejor trato posible a todos nuestros clientes. Sabemos que un cliente contento y satisfecho con el trabajo realizado a su veh\u00edculo es un cliente que volver\u00e1 a contar con nosotros para las pr\u00f3ximas ocasiones en las que necesite un taller.<\/p>\n<p>Consideramos que Neum\u00e1ticos Eston es uno de los mejores talleres en Reus.<\/p>\n<p>No dudes en venir a Neum\u00e1ticos Eston e informarte de nuestras promociones y ofertas.<\/p>\n<p>Si buscas talleres en Reus no dudes en acudir a Neum\u00e1ticos Eston. Siempre puedes ponerte en contacto con nosotros a trav\u00e9s de nuestro formulario de contacto. Puedes acceder pulsando en el bot\u00f3n de abajo y resolveremos cualquier duda que puedas tener.<\/p>\n<p>&nbsp;<\/p>\n<p>[\/et_pb_text][et_pb_button admin_label=\u00bbBot\u00f3n\u00bb button_url=\u00bbhttps:\/\/www.neumaticoseston.com\/contacto\/\u00bb url_new_window=\u00bboff\u00bb button_text=\u00bbContacta\u00bb button_alignment=\u00bbcenter\u00bb background_layout=\u00bblight\u00bb custom_button=\u00bbon\u00bb button_letter_spacing=\u00bb0&#8243; button_use_icon=\u00bbdefault\u00bb button_icon_placement=\u00bbright\u00bb button_on_hover=\u00bbon\u00bb button_letter_spacing_hover=\u00bb0&#8243; button_text_color=\u00bb#972326&#8243; \/][et_pb_image admin_label=\u00bbImagen\u00bb src=\u00bbhttps:\/\/www.neumaticoseston.com\/wp-content\/uploads\/2016\/10\/Fotolia_46823143_Subscription_XXL-5616&#215;3744.jpg\u00bb alt=\u00bbTalleres en Reus\u00bb show_in_lightbox=\u00bboff\u00bb url_new_window=\u00bboff\u00bb use_overlay=\u00bboff\u00bb animation=\u00bbleft\u00bb sticky=\u00bboff\u00bb align=\u00bbcenter\u00bb force_fullwidth=\u00bboff\u00bb always_center_on_mobile=\u00bbon\u00bb use_border_color=\u00bboff\u00bb border_color=\u00bb#ffffff\u00bb border_style=\u00bbsolid\u00bb \/][\/et_pb_column][et_pb_column type=\u00bb1_2&#8243;][et_pb_blog admin_label=\u00bbBlog\u00bb fullwidth=\u00bbon\u00bb posts_number=\u00bb2&#8243; include_categories=\u00bb8&#8243; show_thumbnail=\u00bbon\u00bb show_content=\u00bboff\u00bb show_more=\u00bboff\u00bb show_author=\u00bboff\u00bb show_date=\u00bbon\u00bb show_categories=\u00bbon\u00bb show_comments=\u00bbon\u00bb show_pagination=\u00bboff\u00bb offset_number=\u00bb0&#8243; use_overlay=\u00bboff\u00bb background_layout=\u00bblight\u00bb use_dropshadow=\u00bboff\u00bb use_border_color=\u00bboff\u00bb border_color=\u00bb#ffffff\u00bb border_style=\u00bbsolid\u00bb \/][\/et_pb_column][\/et_pb_row][\/et_pb_section]<\/p>\n","protected":false},"excerpt":{"rendered":"<p>Talleres en Reus Neum\u00e1ticos Eston es uno de los muchos talleres en Reus. Si necesitas un taller para cambiar los neum\u00e1ticos o realizar cualquier tipo de reparaci\u00f3n no dudes en venir a visitarnos. Realizamos todo tipo de reparaciones mec\u00e1nicas en los veh\u00edculos, entre nuestros servicios est\u00e1n el cambio y mantenimiento de neum\u00e1ticos en los veh\u00edculos. [&hellip;]<\/p>\n","protected":false},"author":1,"featured_media":0,"parent":0,"menu_order":0,"comment_status":"closed","ping_status":"closed","template":"","meta":{"_et_pb_use_builder":"on","_et_pb_old_content":"","_et_gb_content_width":"","footnotes":""},"class_list":["post-560","page","type-page","status-publish","hentry"],"_links":{"self":[{"href":"https:\/\/www.neumaticoseston.com\/ca\/wp-json\/wp\/v2\/pages\/560","targetHints":{"allow":["GET"]}}],"collection":[{"href":"https:\/\/www.neumaticoseston.com\/ca\/wp-json\/wp\/v2\/pages"}],"about":[{"href":"https:\/\/www.neumaticoseston.com\/ca\/wp-json\/wp\/v2\/types\/page"}],"author":[{"embeddable":true,"href":"https:\/\/www.neumaticoseston.com\/ca\/wp-json\/wp\/v2\/users\/1"}],"replies":[{"embeddable":true,"href":"https:\/\/www.neumaticoseston.com\/ca\/wp-json\/wp\/v2\/comments?post=560"}],"version-history":[{"count":3,"href":"https:\/\/www.neumaticoseston.com\/ca\/wp-json\/wp\/v2\/pages\/560\/revisions"}],"predecessor-version":[{"id":562,"href":"https:\/\/www.neumaticoseston.com\/ca\/wp-json\/wp\/v2\/pages\/560\/revisions\/562"}],"wp:attachment":[{"href":"https:\/\/www.neumaticoseston.com\/ca\/wp-json\/wp\/v2\/media?parent=560"}],"curies":[{"name":"wp","href":"https:\/\/api.w.org\/{rel}","templated":true}]}}