{"id":547,"date":"2017-03-01T11:27:31","date_gmt":"2017-03-01T11:27:31","guid":{"rendered":"http:\/\/www.neumaticoseston.com\/?page_id=547"},"modified":"2017-05-24T10:48:53","modified_gmt":"2017-05-24T10:48:53","slug":"alineacion-de-ruedas-en-riudoms","status":"publish","type":"page","link":"https:\/\/www.neumaticoseston.com\/ca\/alineacion-de-ruedas-en-riudoms\/","title":{"rendered":"Alineaci\u00f3 i direcci\u00f3"},"content":{"rendered":"<p>[et_pb_section fb_built=\u00bb1&#8243; padding_mobile=\u00bboff\u00bb fullwidth=\u00bbon\u00bb admin_label=\u00bbSecci\u00f3n\u00bb][et_pb_fullwidth_slider admin_label=\u00bbControl deslizante de anchura completa\u00bb][et_pb_slide background_image=\u00bbhttps:\/\/www.neumaticoseston.com\/wp-content\/uploads\/2017\/03\/alineacion_ruedas_1.jpg\u00bb use_bg_overlay=\u00bboff\u00bb use_text_overlay=\u00bboff\u00bb header_font=\u00bb||||\u00bb body_font=\u00bb||||\u00bb custom_button=\u00bboff\u00bb button_icon_placement=\u00bbright\u00bb button_on_hover=\u00bbon\u00bb] [\/et_pb_slide][\/et_pb_fullwidth_slider][\/et_pb_section][et_pb_section fb_built=\u00bb1&#8243; padding_mobile=\u00bboff\u00bb admin_label=\u00bbsection\u00bb][et_pb_row padding_mobile=\u00bboff\u00bb column_padding_mobile=\u00bbon\u00bb admin_label=\u00bbrow\u00bb][et_pb_column type=\u00bb1_2&#8243; parallax=\u00bboff\u00bb parallax_method=\u00bbon\u00bb column_padding_mobile=\u00bbon\u00bb][et_pb_divider height=\u00bb25&#8243; admin_label=\u00bbSeparador\u00bb] [\/et_pb_divider][et_pb_image src=\u00bbhttps:\/\/www.neumaticoseston.com\/wp-content\/uploads\/2017\/03\/alineacion.jpg\u00bb alt=\u00bbAlineaci\u00f3n de ruedas en Riudoms\u00bb title_text=\u00bbAlineaci\u00f3n de ruedas en Riudoms\u00bb show_in_lightbox=\u00bbon\u00bb align=\u00bbcenter\u00bb admin_label=\u00bbImagen\u00bb] [\/et_pb_image][et_pb_cta button_url=\u00bbhttps:\/\/www.neumaticoseston.com\/contacto\/\u00bb button_text=\u00bb\u00a1Cont\u00e1ctanos!\u00bb use_background_color=\u00bboff\u00bb background_layout=\u00bblight\u00bb admin_label=\u00bbLlamada a la acci\u00f3n\u00bb header_text_color=\u00bb#000000&#8243; body_text_color=\u00bb#000000&#8243; custom_button=\u00bbon\u00bb button_text_color=\u00bb#000000&#8243; button_border_width=\u00bb1&#8243; button_icon=\u00bb%%40%%\u00bb button_icon_color=\u00bb#ea040f\u00bb] [\/et_pb_cta][\/et_pb_column][et_pb_column type=\u00bb1_2&#8243; parallax=\u00bboff\u00bb parallax_method=\u00bbon\u00bb column_padding_mobile=\u00bbon\u00bb][et_pb_text admin_label=\u00bbTexto\u00bb]<\/p>\n<h1 style=\"text-align: center;\">Alineaci&oacute;n de ruedas<\/h1>\n<p>[\/et_pb_text][et_pb_text admin_label=\u00bbTexto\u00bb]<\/p>\n<p style=\"text-align: justify;\">Alineaci\u00f3n de ruedas en Riudoms. El cometido de la <strong>alineaci\u00f3n de las ruedas<\/strong> es que los neum\u00e1ticos queden paralelos y se apoyen correctamente sobre el asfalto, lo que evita que se desgasten de forma irregular y m\u00e1s r\u00e1pida. Por lo tanto, Una alineaci\u00f3n consiste en ajustar los \u00e1ngulos de las ruedas y la direcci\u00f3n, con el fin de balancear todas las fuerzas de fricci\u00f3n, gravedad, fuerza centr\u00edfuga e impulso.<\/p>\n<p style=\"text-align: justify;\">Una alineaci\u00f3n correcta garantiza que la direcci\u00f3n del veh\u00edculo sea estable y ofrezca una respuesta adecuada en las maniobras. Mejora la adherencia de los neum\u00e1ticos a la carretera mejorando las prestaciones del veh\u00edculo y contribuyendo a la seguridad de los ocupantes.<\/p>\n<p style=\"text-align: justify;\">Neum\u00e1ticos Eston recomienda realizar un <strong>alineado de los neum\u00e1ticos<\/strong> ante el menor indicio de desgaste.. En otras palabras, si percatas que una de las partes de la banda de rodamiento est\u00e1 en peor estado que la otra.<\/p>\n<p style=\"text-align: justify;\">Cada vez que se cambia de neum\u00e1ticos se deber\u00eda proceder a alinearlos de nuevo, y cada vez que se efect\u00fae\u00a0 una reparaci\u00f3n o sustituci\u00f3n de otros elementos relacionados con las ruedas como las r\u00f3tulas y los amortiguadores.<\/p>\n<p>[\/et_pb_text][\/et_pb_column][\/et_pb_row][\/et_pb_section]<\/p>\n","protected":false},"excerpt":{"rendered":"<p>Alineaci&oacute;n de ruedasAlineaci\u00f3n de ruedas en Riudoms. El cometido de la alineaci\u00f3n de las ruedas es que los neum\u00e1ticos queden paralelos y se apoyen correctamente sobre el asfalto, lo que evita que se desgasten de forma irregular y m\u00e1s r\u00e1pida. Por lo tanto, Una alineaci\u00f3n consiste en ajustar los \u00e1ngulos de las ruedas y la [&hellip;]<\/p>\n","protected":false},"author":1,"featured_media":0,"parent":0,"menu_order":0,"comment_status":"closed","ping_status":"closed","template":"","meta":{"_et_pb_use_builder":"on","_et_pb_old_content":"","_et_gb_content_width":"","footnotes":""},"class_list":["post-547","page","type-page","status-publish","hentry"],"_links":{"self":[{"href":"https:\/\/www.neumaticoseston.com\/ca\/wp-json\/wp\/v2\/pages\/547","targetHints":{"allow":["GET"]}}],"collection":[{"href":"https:\/\/www.neumaticoseston.com\/ca\/wp-json\/wp\/v2\/pages"}],"about":[{"href":"https:\/\/www.neumaticoseston.com\/ca\/wp-json\/wp\/v2\/types\/page"}],"author":[{"embeddable":true,"href":"https:\/\/www.neumaticoseston.com\/ca\/wp-json\/wp\/v2\/users\/1"}],"replies":[{"embeddable":true,"href":"https:\/\/www.neumaticoseston.com\/ca\/wp-json\/wp\/v2\/comments?post=547"}],"version-history":[{"count":5,"href":"https:\/\/www.neumaticoseston.com\/ca\/wp-json\/wp\/v2\/pages\/547\/revisions"}],"predecessor-version":[{"id":645,"href":"https:\/\/www.neumaticoseston.com\/ca\/wp-json\/wp\/v2\/pages\/547\/revisions\/645"}],"wp:attachment":[{"href":"https:\/\/www.neumaticoseston.com\/ca\/wp-json\/wp\/v2\/media?parent=547"}],"curies":[{"name":"wp","href":"https:\/\/api.w.org\/{rel}","templated":true}]}}