{"id":435,"date":"2016-11-22T09:06:40","date_gmt":"2016-11-22T09:06:40","guid":{"rendered":"http:\/\/www.neumaticoseston.com\/?page_id=435"},"modified":"2017-05-24T10:47:56","modified_gmt":"2017-05-24T10:47:56","slug":"frenos-en-riudoms","status":"publish","type":"page","link":"https:\/\/www.neumaticoseston.com\/ca\/frenos-en-riudoms\/","title":{"rendered":"Frens"},"content":{"rendered":"<p>[et_pb_section fb_built=\u00bb1&#8243; fullwidth=\u00bbon\u00bb admin_label=\u00bbSecci\u00f3n\u00bb][et_pb_fullwidth_slider auto=\u00bbon\u00bb auto_speed=\u00bb3000&#8243; admin_label=\u00bbControl deslizante de anchura completa\u00bb][et_pb_slide background_image=\u00bbhttps:\/\/www.neumaticoseston.com\/wp-content\/uploads\/2016\/11\/revision-frenos-taller.png\u00bb use_bg_overlay=\u00bboff\u00bb use_text_overlay=\u00bboff\u00bb header_font=\u00bb||||\u00bb body_font=\u00bb||||\u00bb custom_button=\u00bboff\u00bb button_icon_placement=\u00bbright\u00bb button_on_hover=\u00bbon\u00bb] [\/et_pb_slide][et_pb_slide background_image=\u00bbhttps:\/\/www.neumaticoseston.com\/wp-content\/uploads\/2016\/11\/por-quue-suenan-las-pastillas-de-freno.png\u00bb use_bg_overlay=\u00bboff\u00bb use_text_overlay=\u00bboff\u00bb header_font=\u00bb||||\u00bb body_font=\u00bb||||\u00bb custom_button=\u00bboff\u00bb button_icon_placement=\u00bbright\u00bb button_on_hover=\u00bbon\u00bb] [\/et_pb_slide][\/et_pb_fullwidth_slider][\/et_pb_section][et_pb_section fb_built=\u00bb1&#8243; padding_mobile=\u00bboff\u00bb admin_label=\u00bbsection\u00bb][et_pb_row custom_padding=\u00bb27px|0px|27px|0px\u00bb padding_mobile=\u00bboff\u00bb column_padding_mobile=\u00bbon\u00bb admin_label=\u00bbrow\u00bb][et_pb_column type=\u00bb1_2&#8243; parallax=\u00bboff\u00bb parallax_method=\u00bbon\u00bb column_padding_mobile=\u00bbon\u00bb][et_pb_divider height=\u00bb36&#8243; admin_label=\u00bbSeparador\u00bb] [\/et_pb_divider][et_pb_image src=\u00bbhttps:\/\/www.neumaticoseston.com\/wp-content\/uploads\/2016\/11\/magen_lateral.png\u00bb alt=\u00bbPastillas de frenos en Riudoms\u00bb show_in_lightbox=\u00bbon\u00bb align=\u00bbcenter\u00bb admin_label=\u00bbImagen\u00bb] [\/et_pb_image][et_pb_text text_orientation=\u00bbcenter\u00bb admin_label=\u00bbTexto\u00bb text_font_size=\u00bb13&#8243;]<\/p>\n<p><em>Neum\u00e1ticos Eston somos especialistas en pastillas de freno,<\/em><\/p>\n<p><em> frenos industriales, pinzas de freno, l\u00edquidos de frenos<\/em><\/p>\n<p><em> y discos de embrague en Riudoms.<\/em><\/p>\n<p>[\/et_pb_text][\/et_pb_column][et_pb_column type=\u00bb1_2&#8243; parallax=\u00bboff\u00bb parallax_method=\u00bbon\u00bb column_padding_mobile=\u00bbon\u00bb][et_pb_text admin_label=\u00bbTexto\u00bb]<\/p>\n<h1 style=\"text-align: center;\">Frenos<\/h1>\n<p>[\/et_pb_text][et_pb_text admin_label=\u00bbTexto\u00bb]<\/p>\n<p style=\"text-align: justify;\">En Neum\u00e1ticos Eston somos <strong>especialistas en pastillas de freno, frenos industriales, pinzas de freno, l\u00edquidos de frenos y discos de embrague.<\/strong><br \/>\nCambiar pastillas de freno, discos de freno o zapatas de freno es una tarea sencilla en la mec\u00e1nica del autom\u00f3vil u otro tipo de veh\u00edculo. Este cambio, sin embargo, repercute en la seguridad del conductor y los ocupantes del veh\u00edculo al ser una de las claves de la seguridad activa.<br \/>\nLa mayor\u00eda de los veh\u00edculos cuentan con un indicador de degaste o chivato en el salpicadero. La p\u00e9rdida de l\u00edquido de freno o tener que reparar el pedal de freno son aver\u00edas \u00a0poco frecuentes.<br \/>\nE\u00f1sistema de frenado de la mayor\u00eda de los veh\u00edculos se apoya en las ruedas delanteras, equipados por frenos de discos que son m\u00e1s resistentes y disipan mejor el calor, mientras que las ruedas traseras est\u00e1n equipadas por frenos de tambor, no obstante, en la actualidad cada vez m\u00e1s modelos de veh\u00edculos tienen el sistema de frenos de discos en ambos ejes. Acuda a su taller Neum\u00e1ticos Eston para el cuidado del sistema de frenos de su veh\u00edculo.<span style=\"color: #ff0000;\"><strong><a style=\"color: #ff0000;\" href=\"https:\/\/www.neumaticoseston.com\/contacto\/\"> Presupuestos sin compromiso.<\/a><\/strong><\/span><\/p>\n<p>[\/et_pb_text][\/et_pb_column][\/et_pb_row][\/et_pb_section]<\/p>\n","protected":false},"excerpt":{"rendered":"<p>Neum\u00e1ticos Eston somos especialistas en pastillas de freno, frenos industriales, pinzas de freno, l\u00edquidos de frenos y discos de embrague en Riudoms. FrenosEn Neum\u00e1ticos Eston somos especialistas en pastillas de freno, frenos industriales, pinzas de freno, l\u00edquidos de frenos y discos de embrague. Cambiar pastillas de freno, discos de freno o zapatas de freno es [&hellip;]<\/p>\n","protected":false},"author":1,"featured_media":0,"parent":0,"menu_order":0,"comment_status":"closed","ping_status":"closed","template":"","meta":{"_et_pb_use_builder":"on","_et_pb_old_content":"","_et_gb_content_width":"","footnotes":""},"class_list":["post-435","page","type-page","status-publish","hentry"],"_links":{"self":[{"href":"https:\/\/www.neumaticoseston.com\/ca\/wp-json\/wp\/v2\/pages\/435","targetHints":{"allow":["GET"]}}],"collection":[{"href":"https:\/\/www.neumaticoseston.com\/ca\/wp-json\/wp\/v2\/pages"}],"about":[{"href":"https:\/\/www.neumaticoseston.com\/ca\/wp-json\/wp\/v2\/types\/page"}],"author":[{"embeddable":true,"href":"https:\/\/www.neumaticoseston.com\/ca\/wp-json\/wp\/v2\/users\/1"}],"replies":[{"embeddable":true,"href":"https:\/\/www.neumaticoseston.com\/ca\/wp-json\/wp\/v2\/comments?post=435"}],"version-history":[{"count":11,"href":"https:\/\/www.neumaticoseston.com\/ca\/wp-json\/wp\/v2\/pages\/435\/revisions"}],"predecessor-version":[{"id":644,"href":"https:\/\/www.neumaticoseston.com\/ca\/wp-json\/wp\/v2\/pages\/435\/revisions\/644"}],"wp:attachment":[{"href":"https:\/\/www.neumaticoseston.com\/ca\/wp-json\/wp\/v2\/media?parent=435"}],"curies":[{"name":"wp","href":"https:\/\/api.w.org\/{rel}","templated":true}]}}