{"id":424,"date":"2016-11-21T18:38:10","date_gmt":"2016-11-21T18:38:10","guid":{"rendered":"http:\/\/www.neumaticoseston.com\/?page_id=424"},"modified":"2017-05-24T10:47:02","modified_gmt":"2017-05-24T10:47:02","slug":"baterias-en-riudoms","status":"publish","type":"page","link":"https:\/\/www.neumaticoseston.com\/ca\/baterias-en-riudoms\/","title":{"rendered":"Bateries"},"content":{"rendered":"<p>[et_pb_section fb_built=\u00bb1&#8243; padding_mobile=\u00bboff\u00bb fullwidth=\u00bbon\u00bb admin_label=\u00bbSecci\u00f3n\u00bb][et_pb_fullwidth_slider admin_label=\u00bbControl deslizante de anchura completa\u00bb][et_pb_slide background_image=\u00bbhttps:\/\/www.neumaticoseston.com\/wp-content\/uploads\/2016\/11\/7909492_ml.png\u00bb use_bg_overlay=\u00bboff\u00bb use_text_overlay=\u00bboff\u00bb header_font=\u00bb||||\u00bb body_font=\u00bb||||\u00bb custom_button=\u00bboff\u00bb button_icon_placement=\u00bbright\u00bb button_on_hover=\u00bbon\u00bb] [\/et_pb_slide][\/et_pb_fullwidth_slider][\/et_pb_section][et_pb_section fb_built=\u00bb1&#8243; padding_mobile=\u00bboff\u00bb admin_label=\u00bbsection\u00bb][et_pb_row padding_mobile=\u00bboff\u00bb column_padding_mobile=\u00bbon\u00bb admin_label=\u00bbrow\u00bb][et_pb_column type=\u00bb1_2&#8243; parallax=\u00bboff\u00bb parallax_method=\u00bbon\u00bb column_padding_mobile=\u00bbon\u00bb][et_pb_divider height=\u00bb25&#8243; admin_label=\u00bbSeparador\u00bb] [\/et_pb_divider][et_pb_image src=\u00bbhttps:\/\/www.neumaticoseston.com\/wp-content\/uploads\/2016\/11\/ffffererererr.png\u00bb alt=\u00bbBater\u00edas en Riudoms\u00bb title_text=\u00bbBater\u00edas en Riudoms\u00bb show_in_lightbox=\u00bbon\u00bb align=\u00bbcenter\u00bb admin_label=\u00bbImagen\u00bb] [\/et_pb_image][et_pb_text text_orientation=\u00bbcenter\u00bb admin_label=\u00bbTexto\u00bb text_font_size=\u00bb13px\u00bb]<\/p>\n<p><em>Trabajamos con primeras marcas como Bosch,<\/em><\/p>\n<p><em> Varta, Fullmen, Tudor etc.<\/em><\/p>\n<p>[\/et_pb_text][et_pb_cta button_url=\u00bbhttps:\/\/www.neumaticoseston.com\/contacto\/\u00bb button_text=\u00bb\u00a1Cont\u00e1ctanos!\u00bb use_background_color=\u00bboff\u00bb background_layout=\u00bblight\u00bb admin_label=\u00bbLlamada a la acci\u00f3n\u00bb header_text_color=\u00bb#000000&#8243; body_text_color=\u00bb#000000&#8243; custom_button=\u00bbon\u00bb button_text_color=\u00bb#000000&#8243; button_border_width=\u00bb1&#8243; button_icon=\u00bb%%40%%\u00bb button_icon_color=\u00bb#ea040f\u00bb] [\/et_pb_cta][\/et_pb_column][et_pb_column type=\u00bb1_2&#8243; parallax=\u00bboff\u00bb parallax_method=\u00bbon\u00bb column_padding_mobile=\u00bbon\u00bb][et_pb_text admin_label=\u00bbTexto\u00bb]<\/p>\n<h1 style=\"text-align: center;\">Bater&iacute;as en Riudoms<\/h1>\n<p>[\/et_pb_text][et_pb_text admin_label=\u00bbTexto\u00bb]<\/p>\n<p style=\"text-align: justify;\">La bater\u00eda es la responsable de almacenar la energ\u00eda que necesita para arrancar adem\u00e1s de hacer funcionar los dispositivos el\u00e9ctricos del veh\u00edculo. La bater\u00eda puede llegar a un estado de deterioro debido a las bajas temperaturas o al uso continuado de dispositivos ajenos al funcionamiento b\u00e1sico del veh\u00edculo. En<strong>\u00a0Neum\u00e1ticos Eston <\/strong>realizamos la revisi\u00f3n de la bater\u00eda y si fuese necesario la reemplazamos por una bater\u00eda nueva.<\/p>\n<p style=\"text-align: justify;\">Utilizamos bater\u00edas de calidad y con la m\u00e1xima garant\u00eda.<\/p>\n<h4 style=\"text-align: justify;\"><strong>S\u00edntomas de desgaste<\/strong><\/h4>\n<p style=\"text-align: justify;\">Si nota cualquiera de las siguientes anomal\u00edas en tu veh\u00edculo te recomendamos que nos visite para que realicemos un diagn\u00f3stico de su bater\u00eda:<\/p>\n<ul>\n<li style=\"text-align: justify;\">Si su coche no arranca inmediatamente<\/li>\n<li style=\"text-align: justify;\">Si al arrancar se oye un ligero chasquido<\/li>\n<li style=\"text-align: justify;\">Si su bater\u00eda presenta una aspecto deteriorado como por ejemplo con grietas o deformaciones<\/li>\n<\/ul>\n<p>[\/et_pb_text][\/et_pb_column][\/et_pb_row][\/et_pb_section]<\/p>\n","protected":false},"excerpt":{"rendered":"<p>Trabajamos con primeras marcas como Bosch, Varta, Fullmen, Tudor etc. Bater&iacute;as en RiudomsLa bater\u00eda es la responsable de almacenar la energ\u00eda que necesita para arrancar adem\u00e1s de hacer funcionar los dispositivos el\u00e9ctricos del veh\u00edculo. La bater\u00eda puede llegar a un estado de deterioro debido a las bajas temperaturas o al uso continuado de dispositivos ajenos [&hellip;]<\/p>\n","protected":false},"author":1,"featured_media":0,"parent":0,"menu_order":0,"comment_status":"closed","ping_status":"closed","template":"","meta":{"_et_pb_use_builder":"on","_et_pb_old_content":"","_et_gb_content_width":"","footnotes":""},"class_list":["post-424","page","type-page","status-publish","hentry"],"_links":{"self":[{"href":"https:\/\/www.neumaticoseston.com\/ca\/wp-json\/wp\/v2\/pages\/424","targetHints":{"allow":["GET"]}}],"collection":[{"href":"https:\/\/www.neumaticoseston.com\/ca\/wp-json\/wp\/v2\/pages"}],"about":[{"href":"https:\/\/www.neumaticoseston.com\/ca\/wp-json\/wp\/v2\/types\/page"}],"author":[{"embeddable":true,"href":"https:\/\/www.neumaticoseston.com\/ca\/wp-json\/wp\/v2\/users\/1"}],"replies":[{"embeddable":true,"href":"https:\/\/www.neumaticoseston.com\/ca\/wp-json\/wp\/v2\/comments?post=424"}],"version-history":[{"count":13,"href":"https:\/\/www.neumaticoseston.com\/ca\/wp-json\/wp\/v2\/pages\/424\/revisions"}],"predecessor-version":[{"id":643,"href":"https:\/\/www.neumaticoseston.com\/ca\/wp-json\/wp\/v2\/pages\/424\/revisions\/643"}],"wp:attachment":[{"href":"https:\/\/www.neumaticoseston.com\/ca\/wp-json\/wp\/v2\/media?parent=424"}],"curies":[{"name":"wp","href":"https:\/\/api.w.org\/{rel}","templated":true}]}}