{"id":412,"date":"2016-11-21T17:32:47","date_gmt":"2016-11-21T17:32:47","guid":{"rendered":"http:\/\/www.neumaticoseston.com\/?page_id=412"},"modified":"2017-05-24T10:45:52","modified_gmt":"2017-05-24T10:45:52","slug":"mecanica-general-en-riudoms","status":"publish","type":"page","link":"https:\/\/www.neumaticoseston.com\/ca\/mecanica-general-en-riudoms\/","title":{"rendered":"Mec\u00e0nica general"},"content":{"rendered":"<p>[et_pb_section fb_built=\u00bb1&#8243; padding_mobile=\u00bboff\u00bb fullwidth=\u00bbon\u00bb admin_label=\u00bbSecci\u00f3n\u00bb][et_pb_fullwidth_slider admin_label=\u00bbControl deslizante de anchura completa\u00bb][et_pb_slide background_image=\u00bbhttps:\/\/www.neumaticoseston.com\/wp-content\/uploads\/2016\/11\/5p-motor.jpg\u00bb use_bg_overlay=\u00bboff\u00bb use_text_overlay=\u00bboff\u00bb header_font=\u00bb||||\u00bb body_font=\u00bb||||\u00bb custom_button=\u00bboff\u00bb button_icon_placement=\u00bbright\u00bb button_on_hover=\u00bbon\u00bb] [\/et_pb_slide][\/et_pb_fullwidth_slider][\/et_pb_section][et_pb_section fb_built=\u00bb1&#8243; padding_mobile=\u00bboff\u00bb admin_label=\u00bbsection\u00bb][et_pb_row padding_mobile=\u00bboff\u00bb column_padding_mobile=\u00bbon\u00bb admin_label=\u00bbrow\u00bb][et_pb_column type=\u00bb1_2&#8243; parallax=\u00bboff\u00bb parallax_method=\u00bbon\u00bb column_padding_mobile=\u00bbon\u00bb][et_pb_divider height=\u00bb20&#8243; admin_label=\u00bbSeparador\u00bb] [\/et_pb_divider][et_pb_image src=\u00bbhttps:\/\/www.neumaticoseston.com\/wp-content\/uploads\/2016\/11\/Fotolia_53424120_Subscription_Monthly_XXL.png\u00bb alt=\u00bbM\u00e9canica general en Riudoms\u00bb title_text=\u00bbM\u00e9canica general en Riudoms\u00bb show_in_lightbox=\u00bbon\u00bb align=\u00bbcenter\u00bb admin_label=\u00bbImagen\u00bb] [\/et_pb_image][et_pb_text text_orientation=\u00bbcenter\u00bb admin_label=\u00bbTexto\u00bb text_font_size=\u00bb13px\u00bb]<\/p>\n<p><em>Ofrecemos al cliente reparaciones de calidad garantizadas, asesoramos y explicamos las reparaciones con total transparencia. En nuestro taller empleamos las t\u00e9cnicas m\u00e1s actuales y los \u00faltimos avances en el sector.<\/em><\/p>\n<p>[\/et_pb_text][et_pb_image src=\u00bbhttps:\/\/www.neumaticoseston.com\/wp-content\/uploads\/2016\/11\/LOGO-NUEVO.png\u00bb url=\u00bbhttps:\/\/www.neumaticoseston.com\/contacto\/\u00bb admin_label=\u00bbImagen\u00bb] [\/et_pb_image][\/et_pb_column][et_pb_column type=\u00bb1_2&#8243; parallax=\u00bboff\u00bb parallax_method=\u00bbon\u00bb column_padding_mobile=\u00bbon\u00bb][et_pb_text admin_label=\u00bbTexto\u00bb]<\/p>\n<h1 style=\"text-align: center;\">Mec&aacute;nica general <\/h1>\n<p>[\/et_pb_text][et_pb_text admin_label=\u00bbTexto\u00bb]<\/p>\n<p style=\"text-align: justify;\">Nuestra motivaci\u00f3n es ofrecer el mejor servicio y nuestro principal objetivo es lograr la total satisfacci\u00f3n de todos nuestros clientes, y para ello disponemos de un equipo de profesionales que cada d\u00eda trabajamos por conseguirlo.<\/p>\n<p style=\"text-align: justify;\">Somos expertos en <strong>mec\u00e1nica en general<\/strong>. Realizamos cualquier <strong>reparaci\u00f3n de<\/strong> <strong>aver\u00edas<\/strong> de manera profesional y r\u00e1pida. Prueba el servicio de <strong>mec\u00e1nica r\u00e1pida<\/strong> de <span style=\"color: #ff0000;\"><strong><a style=\"color: #ff0000;\" href=\"https:\/\/www.neumaticoseston.com\/contacto\/\">Neum\u00e1ticos Eston<\/a><\/strong><\/span> en Riudoms, Tarragona.<\/p>\n<h2 style=\"text-align: justify;\">M\u00e9canica general en Riudoms<\/h2>\n<p style=\"text-align: justify;\">Somos especialistas en el diagn\u00f3stico y <strong>reparaci\u00f3n de<\/strong> <strong>aver\u00edas el\u00e9ctricas, electr\u00f3nicas y mec\u00e1nicas<\/strong>. T\u00fa necesitas tu veh\u00edculo cuanto antes, nosotros detectamos el problema y lo solucionamos. Nuestra larga experiencia en <strong>mec\u00e1nica r\u00e1pida<\/strong> y la satisfacci\u00f3n de nuestros clientes avalan nuestro trabajo.<\/p>\n<p style=\"text-align: justify;\">Ofrecemos al cliente reparaciones de calidad garantizadas, asesoramos y explicamos las reparaciones con total transparencia. En nuestro taller empleamos las t\u00e9cnicas m\u00e1s actuales y los \u00faltimos avances en el sector.<\/p>\n<p>[\/et_pb_text][\/et_pb_column][\/et_pb_row][\/et_pb_section]<\/p>\n","protected":false},"excerpt":{"rendered":"<p>Ofrecemos al cliente reparaciones de calidad garantizadas, asesoramos y explicamos las reparaciones con total transparencia. En nuestro taller empleamos las t\u00e9cnicas m\u00e1s actuales y los \u00faltimos avances en el sector. Mec&aacute;nica general Nuestra motivaci\u00f3n es ofrecer el mejor servicio y nuestro principal objetivo es lograr la total satisfacci\u00f3n de todos nuestros clientes, y para ello [&hellip;]<\/p>\n","protected":false},"author":1,"featured_media":0,"parent":0,"menu_order":0,"comment_status":"closed","ping_status":"closed","template":"","meta":{"_et_pb_use_builder":"on","_et_pb_old_content":"","_et_gb_content_width":"","footnotes":""},"class_list":["post-412","page","type-page","status-publish","hentry"],"_links":{"self":[{"href":"https:\/\/www.neumaticoseston.com\/ca\/wp-json\/wp\/v2\/pages\/412","targetHints":{"allow":["GET"]}}],"collection":[{"href":"https:\/\/www.neumaticoseston.com\/ca\/wp-json\/wp\/v2\/pages"}],"about":[{"href":"https:\/\/www.neumaticoseston.com\/ca\/wp-json\/wp\/v2\/types\/page"}],"author":[{"embeddable":true,"href":"https:\/\/www.neumaticoseston.com\/ca\/wp-json\/wp\/v2\/users\/1"}],"replies":[{"embeddable":true,"href":"https:\/\/www.neumaticoseston.com\/ca\/wp-json\/wp\/v2\/comments?post=412"}],"version-history":[{"count":13,"href":"https:\/\/www.neumaticoseston.com\/ca\/wp-json\/wp\/v2\/pages\/412\/revisions"}],"predecessor-version":[{"id":642,"href":"https:\/\/www.neumaticoseston.com\/ca\/wp-json\/wp\/v2\/pages\/412\/revisions\/642"}],"wp:attachment":[{"href":"https:\/\/www.neumaticoseston.com\/ca\/wp-json\/wp\/v2\/media?parent=412"}],"curies":[{"name":"wp","href":"https:\/\/api.w.org\/{rel}","templated":true}]}}