{"id":399,"date":"2016-11-21T17:14:33","date_gmt":"2016-11-21T17:14:33","guid":{"rendered":"http:\/\/www.neumaticoseston.com\/?page_id=399"},"modified":"2017-05-24T10:44:52","modified_gmt":"2017-05-24T10:44:52","slug":"diagnosis-pre-itv","status":"publish","type":"page","link":"https:\/\/www.neumaticoseston.com\/ca\/diagnosis-pre-itv\/","title":{"rendered":"Diagnosi pre-ITV"},"content":{"rendered":"<p>[et_pb_section fb_built=\u00bb1&#8243; padding_mobile=\u00bboff\u00bb fullwidth=\u00bbon\u00bb admin_label=\u00bbSecci\u00f3n\u00bb][et_pb_fullwidth_slider admin_label=\u00bbControl deslizante de anchura completa\u00bb][et_pb_slide background_image=\u00bbhttps:\/\/www.neumaticoseston.com\/wp-content\/uploads\/2016\/11\/SLIDERITV.png\u00bb use_bg_overlay=\u00bboff\u00bb use_text_overlay=\u00bboff\u00bb header_font=\u00bb||||\u00bb body_font=\u00bb||||\u00bb custom_button=\u00bboff\u00bb button_icon_placement=\u00bbright\u00bb button_on_hover=\u00bbon\u00bb] [\/et_pb_slide][\/et_pb_fullwidth_slider][\/et_pb_section][et_pb_section fb_built=\u00bb1&#8243; padding_mobile=\u00bboff\u00bb admin_label=\u00bbsection\u00bb][et_pb_row padding_mobile=\u00bboff\u00bb column_padding_mobile=\u00bbon\u00bb admin_label=\u00bbrow\u00bb][et_pb_column type=\u00bb1_2&#8243; parallax=\u00bboff\u00bb parallax_method=\u00bbon\u00bb column_padding_mobile=\u00bbon\u00bb][et_pb_divider height=\u00bb15&#8243; admin_label=\u00bbSeparador\u00bb] [\/et_pb_divider][et_pb_image src=\u00bbhttps:\/\/www.neumaticoseston.com\/wp-content\/uploads\/2016\/11\/d94f505692ba246b01f239caa66f1146.jpg\u00bb alt=\u00bbDiagnosis Pre-ITv en Riudoms\u00bb title_text=\u00bbDiagnosis Pre-ITv en Riudoms\u00bb show_in_lightbox=\u00bbon\u00bb align=\u00bbcenter\u00bb admin_label=\u00bbImagen\u00bb] [\/et_pb_image][et_pb_text admin_label=\u00bbTexto\u00bb]<\/p>\n<p><strong>Puntos de revisi\u00f3n principales de la ITV<\/strong><\/p>\n<ul>\n<li>Identificaci\u00f3n del veh\u00edculo (bastidor y documentaci\u00f3n)<\/li>\n<li>Sistema de iluminaci\u00f3n y se\u00f1alizaci\u00f3n.<\/li>\n<li>Sistemas de frenos y ABS<\/li>\n<li>Sistemas de suspensi\u00f3n y neum\u00e1ticos.<\/li>\n<li>Acondicionamiento interior (elevalunas, limpiaparabrisas etc.)<\/li>\n<li>Control de gases y emisiones.<\/li>\n<\/ul>\n<p>[\/et_pb_text][\/et_pb_column][et_pb_column type=\u00bb1_2&#8243; parallax=\u00bboff\u00bb parallax_method=\u00bbon\u00bb column_padding_mobile=\u00bbon\u00bb][et_pb_text admin_label=\u00bbTexto\u00bb]<\/p>\n<h2 style=\"text-align: center;\">Diagnosis &#8211; Pre Itv en Riudoms<\/h2>\n<p>[\/et_pb_text][et_pb_text admin_label=\u00bbTexto\u00bb]<\/p>\n<p style=\"text-align: justify;\">Evite sorpresas un tanto desagradables al pasar la ITV con su veh\u00edculo. Si necesita estar completamente seguro de que en la pr\u00f3xima revisi\u00f3n ITV no encontrar\u00e1 problemas, no lo dude, aproveche el servicio de Revisi\u00f3n Pre ITV de Neum\u00e1ticos Eston. Tendr\u00e1 la tranquilidad de no toparse con ning\u00fan inconveniente. Una revisi\u00f3n previa es preferible a ir a la ITV, no pasarla, tener que recurrir a un taller, y por \u00faltimo, volver a intentar pasar la revisi\u00f3n del veh\u00edculo.<\/p>\n<h4 style=\"text-align: justify;\"><strong>Periodos legales para pasar la ITV.<\/strong><\/h4>\n<p style=\"text-align: justify;\"><strong>Turismos<\/strong>: Exentos hasta los 4 a\u00f1os de antig\u00fcedad &#8211; De 4 a 10 a\u00f1os, cada 2 a\u00f1os &#8211; M\u00e1s de 10 a\u00f1os, una vez al a\u00f1o.<br \/>\n<strong>Servicio p\u00fablico y ambulancias<\/strong>: Hasta los 5 a\u00f1os, una vez al a\u00f1o &#8211; M\u00e1s de 5 a\u00f1os, cada 6 meses.<br \/>\n<strong>Transporte de menos de 3,5 Toneladas<\/strong>: Exento hasta los 2 a\u00f1os &#8211; De 2 a 6 a\u00f1os, cada 2 a\u00f1os &#8211; De 6 a 10 a\u00f1os, una vez al a\u00f1o &#8211; M\u00e1s de 10 a\u00f1os, cada 6 meses.<\/p>\n<p>[\/et_pb_text][\/et_pb_column][\/et_pb_row][\/et_pb_section]<\/p>\n","protected":false},"excerpt":{"rendered":"<p>Puntos de revisi\u00f3n principales de la ITV Identificaci\u00f3n del veh\u00edculo (bastidor y documentaci\u00f3n) Sistema de iluminaci\u00f3n y se\u00f1alizaci\u00f3n. Sistemas de frenos y ABS Sistemas de suspensi\u00f3n y neum\u00e1ticos. Acondicionamiento interior (elevalunas, limpiaparabrisas etc.) Control de gases y emisiones. Diagnosis &#8211; Pre Itv en RiudomsEvite sorpresas un tanto desagradables al pasar la ITV con su veh\u00edculo. [&hellip;]<\/p>\n","protected":false},"author":1,"featured_media":0,"parent":0,"menu_order":0,"comment_status":"closed","ping_status":"closed","template":"","meta":{"_et_pb_use_builder":"on","_et_pb_old_content":"","_et_gb_content_width":"","footnotes":""},"class_list":["post-399","page","type-page","status-publish","hentry"],"_links":{"self":[{"href":"https:\/\/www.neumaticoseston.com\/ca\/wp-json\/wp\/v2\/pages\/399","targetHints":{"allow":["GET"]}}],"collection":[{"href":"https:\/\/www.neumaticoseston.com\/ca\/wp-json\/wp\/v2\/pages"}],"about":[{"href":"https:\/\/www.neumaticoseston.com\/ca\/wp-json\/wp\/v2\/types\/page"}],"author":[{"embeddable":true,"href":"https:\/\/www.neumaticoseston.com\/ca\/wp-json\/wp\/v2\/users\/1"}],"replies":[{"embeddable":true,"href":"https:\/\/www.neumaticoseston.com\/ca\/wp-json\/wp\/v2\/comments?post=399"}],"version-history":[{"count":11,"href":"https:\/\/www.neumaticoseston.com\/ca\/wp-json\/wp\/v2\/pages\/399\/revisions"}],"predecessor-version":[{"id":641,"href":"https:\/\/www.neumaticoseston.com\/ca\/wp-json\/wp\/v2\/pages\/399\/revisions\/641"}],"wp:attachment":[{"href":"https:\/\/www.neumaticoseston.com\/ca\/wp-json\/wp\/v2\/media?parent=399"}],"curies":[{"name":"wp","href":"https:\/\/api.w.org\/{rel}","templated":true}]}}