{"id":387,"date":"2016-11-21T16:27:47","date_gmt":"2016-11-21T16:27:47","guid":{"rendered":"http:\/\/www.neumaticoseston.com\/?page_id=387"},"modified":"2017-05-24T10:42:07","modified_gmt":"2017-05-24T10:42:07","slug":"tubos-de-escape-en-riudoms","status":"publish","type":"page","link":"https:\/\/www.neumaticoseston.com\/ca\/tubos-de-escape-en-riudoms\/","title":{"rendered":"Tubs d'escapament"},"content":{"rendered":"<p>[et_pb_section fb_built=\u00bb1&#8243; padding_mobile=\u00bboff\u00bb fullwidth=\u00bbon\u00bb admin_label=\u00bbSecci\u00f3n\u00bb][et_pb_fullwidth_slider admin_label=\u00bbControl deslizante de anchura completa\u00bb][et_pb_slide background_image=\u00bbhttps:\/\/www.neumaticoseston.com\/wp-content\/uploads\/2016\/11\/ferrari-458-italia-niki-lauda_10.jpg\u00bb use_bg_overlay=\u00bboff\u00bb use_text_overlay=\u00bboff\u00bb header_font=\u00bb||||\u00bb body_font=\u00bb||||\u00bb custom_button=\u00bboff\u00bb button_icon_placement=\u00bbright\u00bb button_on_hover=\u00bbon\u00bb] [\/et_pb_slide][\/et_pb_fullwidth_slider][\/et_pb_section][et_pb_section fb_built=\u00bb1&#8243; padding_mobile=\u00bboff\u00bb admin_label=\u00bbsection\u00bb][et_pb_row padding_mobile=\u00bboff\u00bb column_padding_mobile=\u00bbon\u00bb admin_label=\u00bbFila\u00bb][et_pb_column type=\u00bb1_2&#8243; parallax=\u00bboff\u00bb parallax_method=\u00bbon\u00bb column_padding_mobile=\u00bbon\u00bb][et_pb_divider height=\u00bb35&#8243; admin_label=\u00bbSeparador\u00bb] [\/et_pb_divider][et_pb_image src=\u00bbhttps:\/\/www.neumaticoseston.com\/wp-content\/uploads\/2016\/11\/e90-e91-e92-e93_Exterior_Exhaust_pipe_finishers_in_chrome_p.jpg.resource.1234.type2_.jpg\u00bb alt=\u00bbtubos de escape en Riudoms\u00bb align=\u00bbcenter\u00bb admin_label=\u00bbImagen\u00bb] [\/et_pb_image][et_pb_text admin_label=\u00bbTexto\u00bb] [\/et_pb_text][et_pb_text text_orientation=\u00bbcenter\u00bb admin_label=\u00bbTexto\u00bb text_font_size=\u00bb13px\u00bb]<\/p>\n<p><em>En Neum\u00e1ticos Eston en Riudoms contamos con <\/em><\/p>\n<p><em>marcas <\/em><em>como Supersprint, Sebring, Remun etc.<\/em><\/p>\n<p>[\/et_pb_text][et_pb_image src=\u00bbhttps:\/\/www.neumaticoseston.com\/wp-content\/uploads\/2016\/11\/motor-17-638.jpg\u00bb align=\u00bbcenter\u00bb admin_label=\u00bbImagen\u00bb] [\/et_pb_image][\/et_pb_column][et_pb_column type=\u00bb1_2&#8243; parallax=\u00bboff\u00bb parallax_method=\u00bbon\u00bb column_padding_mobile=\u00bbon\u00bb][et_pb_text max_width=\u00bb100%\u00bb admin_label=\u00bbTexto\u00bb]<\/p>\n<h1 style=\"text-align: center;\">Tubos de escape y catalizadores<\/h1>\n<p>[\/et_pb_text][et_pb_text admin_label=\u00bbTexto\u00bb]<\/p>\n<p style=\"text-align: justify;\">El papel del tubo de escape de su veh\u00edculo reduce el ruido, la temperatura y la velocidad de salida de los gases as\u00ed como de las emisiones contaminantes y mejora el rendimiento de su motor.<\/p>\n<p>El sistema est\u00e1 sometido a duras pruebas: cambios frecuentes y elevados de temperatura, corrosi\u00f3n interna por la acidez de los residuos gaseosos, corrosi\u00f3n externa por el agua y la sal&#8230; por ello debe ser objeto de atenci\u00f3n particular.<\/p>\n<p style=\"text-align: justify;\">La forma m\u00e1s eficaz de diagnosticar el estado del catalizador y tubo d escape es pasar el veh\u00edculo por un bando de diagn\u00f3stico, pero tambi\u00e9n existen tambi\u00e9n una serie de s\u00edntomas que le ayudar\u00e1n a saber si vuestro catalizador necesita una reparaci\u00f3n:<\/p>\n<p style=\"text-align: justify;\">&#8211; Humo opaco en el escape.<\/p>\n<p style=\"text-align: justify;\">&#8211; Ruido opaco o fuertes vibraciones en los bajos del veh\u00edculo.<\/p>\n<p style=\"text-align: justify;\">&#8211; El motor ha perdido potencia y se cala con frecuencia sin motivo aparente, ya que el catalizador podr\u00eda encontrarse atascado, \u00a0no dejando pasar los gases de escape.<\/p>\n<p style=\"text-align: justify;\">Acercase inmediatamente a <a href=\"https:\/\/www.neumaticoseston.com\/contacto\"><span style=\"color: #ff0000;\"><strong>Neum\u00e1ticos Eston<\/strong><\/span><\/a> si tiene cualquier de los tres s\u00edntomas arriba mencionados.<\/p>\n<p style=\"text-align: justify;\">Si eres un fan\u00e1tico del tunning, p\u00e1sese por nuestro taller y le informaremos como obtener un tubo de escape s\u00faper original. Le informaremos sin compromiso.<\/p>\n<p>[\/et_pb_text][\/et_pb_column][\/et_pb_row][\/et_pb_section]<\/p>\n","protected":false},"excerpt":{"rendered":"<p>En Neum\u00e1ticos Eston en Riudoms contamos con marcas como Supersprint, Sebring, Remun etc. Tubos de escape y catalizadoresEl papel del tubo de escape de su veh\u00edculo reduce el ruido, la temperatura y la velocidad de salida de los gases as\u00ed como de las emisiones contaminantes y mejora el rendimiento de su motor. El sistema est\u00e1 [&hellip;]<\/p>\n","protected":false},"author":1,"featured_media":0,"parent":0,"menu_order":0,"comment_status":"closed","ping_status":"closed","template":"","meta":{"_et_pb_use_builder":"on","_et_pb_old_content":"","_et_gb_content_width":"","footnotes":""},"class_list":["post-387","page","type-page","status-publish","hentry"],"_links":{"self":[{"href":"https:\/\/www.neumaticoseston.com\/ca\/wp-json\/wp\/v2\/pages\/387","targetHints":{"allow":["GET"]}}],"collection":[{"href":"https:\/\/www.neumaticoseston.com\/ca\/wp-json\/wp\/v2\/pages"}],"about":[{"href":"https:\/\/www.neumaticoseston.com\/ca\/wp-json\/wp\/v2\/types\/page"}],"author":[{"embeddable":true,"href":"https:\/\/www.neumaticoseston.com\/ca\/wp-json\/wp\/v2\/users\/1"}],"replies":[{"embeddable":true,"href":"https:\/\/www.neumaticoseston.com\/ca\/wp-json\/wp\/v2\/comments?post=387"}],"version-history":[{"count":8,"href":"https:\/\/www.neumaticoseston.com\/ca\/wp-json\/wp\/v2\/pages\/387\/revisions"}],"predecessor-version":[{"id":640,"href":"https:\/\/www.neumaticoseston.com\/ca\/wp-json\/wp\/v2\/pages\/387\/revisions\/640"}],"wp:attachment":[{"href":"https:\/\/www.neumaticoseston.com\/ca\/wp-json\/wp\/v2\/media?parent=387"}],"curies":[{"name":"wp","href":"https:\/\/api.w.org\/{rel}","templated":true}]}}