{"id":363,"date":"2016-11-21T14:38:07","date_gmt":"2016-11-21T14:38:07","guid":{"rendered":"http:\/\/www.neumaticoseston.com\/?page_id=363"},"modified":"2017-06-01T10:09:03","modified_gmt":"2017-06-01T10:09:03","slug":"cambio-de-aceite-en-riudoms","status":"publish","type":"page","link":"https:\/\/www.neumaticoseston.com\/ca\/cambio-de-aceite-en-riudoms\/","title":{"rendered":"Canvi d'oli"},"content":{"rendered":"<p>[et_pb_section fb_built=\u00bb1&#8243; custom_padding=\u00bb0px|0px|0px|0px\u00bb fullwidth=\u00bbon\u00bb admin_label=\u00bbSecci\u00f3n\u00bb _builder_version=\u00bb3.0.47&#8243;][et_pb_fullwidth_slider auto=\u00bbon\u00bb auto_speed=\u00bb3000&#8243; admin_label=\u00bbControl deslizante de anchura completa\u00bb _builder_version=\u00bb3.0.47&#8243;][et_pb_slide background_image=\u00bbhttps:\/\/www.neumaticoseston.com\/wp-content\/uploads\/2016\/11\/aceiteslider1.jpg\u00bb use_bg_overlay=\u00bboff\u00bb use_text_overlay=\u00bboff\u00bb _builder_version=\u00bb3.0.47&#8243; header_font=\u00bb||||\u00bb body_font=\u00bb||||\u00bb custom_button=\u00bboff\u00bb button_icon_placement=\u00bbright\u00bb button_on_hover=\u00bbon\u00bb] [\/et_pb_slide][et_pb_slide background_image=\u00bbhttps:\/\/www.neumaticoseston.com\/wp-content\/uploads\/2016\/11\/aceiteslider2.jpg\u00bb use_bg_overlay=\u00bboff\u00bb use_text_overlay=\u00bboff\u00bb _builder_version=\u00bb3.0.47&#8243; header_font=\u00bb||||\u00bb body_font=\u00bb||||\u00bb custom_button=\u00bboff\u00bb button_icon_placement=\u00bbright\u00bb button_on_hover=\u00bbon\u00bb] [\/et_pb_slide][\/et_pb_fullwidth_slider][\/et_pb_section][et_pb_section fb_built=\u00bb1&#8243; padding_mobile=\u00bboff\u00bb admin_label=\u00bbsection\u00bb _builder_version=\u00bb3.0.47&#8243;][et_pb_row custom_padding=\u00bb27px|0px|27px|0px\u00bb column_padding_mobile=\u00bbon\u00bb admin_label=\u00bbrow\u00bb _builder_version=\u00bb3.0.47&#8243; background_size=\u00bbinitial\u00bb background_position=\u00bbtop_left\u00bb background_repeat=\u00bbrepeat\u00bb][et_pb_column type=\u00bb1_2&#8243; _builder_version=\u00bb3.0.47&#8243; column_padding_mobile=\u00bbon\u00bb parallax=\u00bboff\u00bb parallax_method=\u00bbon\u00bb][et_pb_image src=\u00bbhttps:\/\/www.neumaticoseston.com\/wp-content\/uploads\/2016\/11\/imagenaceite.jpg\u00bb alt=\u00bbCambio de aceite en Riudoms\u00bb title_text=\u00bbCambio de aceite Riudoms\u00bb show_in_lightbox=\u00bbon\u00bb animation=\u00bbfade_in\u00bb align=\u00bbcenter\u00bb admin_label=\u00bbImagen\u00bb _builder_version=\u00bb3.0.47&#8243;][\/et_pb_image][et_pb_text text_orientation=\u00bbcenter\u00bb admin_label=\u00bbTexto\u00bb _builder_version=\u00bb3.0.47&#8243; text_font_size=\u00bb13px\u00bb background_size=\u00bbinitial\u00bb background_position=\u00bbtop_left\u00bb background_repeat=\u00bbrepeat\u00bb]<\/p>\n<p><em>Siempre trabajamos con las mejores marcas del mercado<\/em><\/p>\n<p><em> como Petronas, Castrol, Repsol etc.<\/em><\/p>\n<p>[\/et_pb_text][\/et_pb_column][et_pb_column type=\u00bb1_2&#8243; _builder_version=\u00bb3.0.47&#8243; column_padding_mobile=\u00bbon\u00bb parallax=\u00bboff\u00bb parallax_method=\u00bbon\u00bb][et_pb_text admin_label=\u00bbTexto\u00bb _builder_version=\u00bb3.0.47&#8243; background_size=\u00bbinitial\u00bb background_position=\u00bbtop_left\u00bb background_repeat=\u00bbrepeat\u00bb]<\/p>\n<h1>Cambio de aceite Riudoms<\/h1>\n<p>[\/et_pb_text][et_pb_text admin_label=\u00bbTexto\u00bb _builder_version=\u00bb3.0.47&#8243; background_size=\u00bbinitial\u00bb background_position=\u00bbtop_left\u00bb background_repeat=\u00bbrepeat\u00bb]<\/p>\n<p style=\"text-align: justify;\">Cambiar <strong>el aceite de tu coche<\/strong>, con su respectiva revisi\u00f3n y <strong>cambio de filtros<\/strong>, es b\u00e1sico para el rendimiento del motor de tu coche.<\/p>\n<p style=\"text-align: justify;\">El aceite protege y lubrica todas las partes internas del motor. Se debe cambiar al menos una vez al a\u00f1o o seg\u00fan recomendaci\u00f3n del fabricante. En Neum\u00e1ticos Eston le asesoremos sobre los mejores aceites motor del mercado o el que necesita para el correcto mantenimiento de su veh\u00edculo. Ofrecemos siempre las marcas de mayor calidad para que tu veh\u00edculo funcione como nuevo cada d\u00eda.<\/p>\n<p>[\/et_pb_text][\/et_pb_column][\/et_pb_row][et_pb_row make_fullwidth=\u00bbon\u00bb column_padding_mobile=\u00bbon\u00bb admin_label=\u00bbrow\u00bb _builder_version=\u00bb3.0.49&#8243; background_size=\u00bbinitial\u00bb background_position=\u00bbtop_left\u00bb background_repeat=\u00bbrepeat\u00bb custom_padding=\u00bb27px|0px|27px|0px\u00bb][et_pb_column type=\u00bb1_4&#8243; _builder_version=\u00bb3.0.47&#8243; column_padding_mobile=\u00bbon\u00bb parallax=\u00bboff\u00bb parallax_method=\u00bbon\u00bb][et_pb_blurb title=\u00bbMINERAL\u00bb use_icon=\u00bbon\u00bb font_icon=\u00bb\ue02a\u00bb use_circle=\u00bbon\u00bb circle_color=\u00bb#ea040f\u00bb icon_placement=\u00bbleft\u00bb text_orientation=\u00bbjustified\u00bb admin_label=\u00bbAnuncio\u00bb _builder_version=\u00bb3.0.49&#8243; background_size=\u00bbinitial\u00bb background_position=\u00bbtop_left\u00bb background_repeat=\u00bbrepeat\u00bb]<\/p>\n<p>Es un subproducto l\u00edquido de la destilaci\u00f3n del petr\u00f3leo desde crudo. Indicado para exigencias de motor bajo.<\/p>\n<p>[\/et_pb_blurb][\/et_pb_column][et_pb_column type=\u00bb1_4&#8243; _builder_version=\u00bb3.0.47&#8243; column_padding_mobile=\u00bbon\u00bb parallax=\u00bboff\u00bb parallax_method=\u00bbon\u00bb][et_pb_blurb title=\u00bb SEMI-SINT\u00c9TICA\u00bb use_icon=\u00bbon\u00bb font_icon=\u00bb\ue02a\u00bb use_circle=\u00bbon\u00bb circle_color=\u00bb#ea040f\u00bb icon_placement=\u00bbleft\u00bb text_orientation=\u00bbjustified\u00bb admin_label=\u00bbAnuncio\u00bb _builder_version=\u00bb3.0.49&#8243; background_size=\u00bbinitial\u00bb background_position=\u00bbtop_left\u00bb background_repeat=\u00bbrepeat\u00bb]<\/p>\n<p>Se obtiene a partir de una base mineral, que posteriormente es tratada en laboratorio para mejorar sus propiedades. Indicado para exigencias de motor media.[\/et_pb_blurb][\/et_pb_column][et_pb_column type=\u00bb1_4&#8243; _builder_version=\u00bb3.0.47&#8243; column_padding_mobile=\u00bbon\u00bb parallax=\u00bboff\u00bb parallax_method=\u00bbon\u00bb][et_pb_blurb title=\u00bbSINT\u00c9TICA\u00bb use_icon=\u00bbon\u00bb font_icon=\u00bb\ue02a\u00bb use_circle=\u00bbon\u00bb circle_color=\u00bb#ea040f\u00bb icon_placement=\u00bbleft\u00bb text_orientation=\u00bbjustified\u00bb admin_label=\u00bbAnuncio\u00bb _builder_version=\u00bb3.0.49&#8243; background_size=\u00bbinitial\u00bb background_position=\u00bbtop_left\u00bb background_repeat=\u00bbrepeat\u00bb]<\/p>\n<p>Se obtiene por s\u00edntesis qu\u00edmica de distintos componentes. Indicado para exigencias muy severas<\/p>\n<p>[\/et_pb_blurb][\/et_pb_column][et_pb_column type=\u00bb1_4&#8243; _builder_version=\u00bb3.0.47&#8243; column_padding_mobile=\u00bbon\u00bb parallax=\u00bboff\u00bb parallax_method=\u00bbon\u00bb][et_pb_blurb title=\u00bbLONGLIFE\u00bb use_icon=\u00bbon\u00bb font_icon=\u00bb\ue02a\u00bb use_circle=\u00bbon\u00bb circle_color=\u00bb#ea040f\u00bb icon_placement=\u00bbleft\u00bb text_orientation=\u00bbjustified\u00bb admin_label=\u00bbAnuncio\u00bb _builder_version=\u00bb3.0.49&#8243; background_size=\u00bbinitial\u00bb background_position=\u00bbtop_left\u00bb background_repeat=\u00bbrepeat\u00bb]<\/p>\n<p>Tambi\u00e9n es un aceite motor con base\u00a0 100% sint\u00e9tica y tiene una mayor duraci\u00f3n.<\/p>\n<p>[\/et_pb_blurb][\/et_pb_column][\/et_pb_row][\/et_pb_section]<\/p>\n","protected":false},"excerpt":{"rendered":"<p>Siempre trabajamos con las mejores marcas del mercado como Petronas, Castrol, Repsol etc. Cambio de aceite RiudomsCambiar el aceite de tu coche, con su respectiva revisi\u00f3n y cambio de filtros, es b\u00e1sico para el rendimiento del motor de tu coche. El aceite protege y lubrica todas las partes internas del motor. Se debe cambiar al [&hellip;]<\/p>\n","protected":false},"author":1,"featured_media":0,"parent":0,"menu_order":0,"comment_status":"closed","ping_status":"closed","template":"","meta":{"_et_pb_use_builder":"on","_et_pb_old_content":"","_et_gb_content_width":"","footnotes":""},"class_list":["post-363","page","type-page","status-publish","hentry"],"_links":{"self":[{"href":"https:\/\/www.neumaticoseston.com\/ca\/wp-json\/wp\/v2\/pages\/363","targetHints":{"allow":["GET"]}}],"collection":[{"href":"https:\/\/www.neumaticoseston.com\/ca\/wp-json\/wp\/v2\/pages"}],"about":[{"href":"https:\/\/www.neumaticoseston.com\/ca\/wp-json\/wp\/v2\/types\/page"}],"author":[{"embeddable":true,"href":"https:\/\/www.neumaticoseston.com\/ca\/wp-json\/wp\/v2\/users\/1"}],"replies":[{"embeddable":true,"href":"https:\/\/www.neumaticoseston.com\/ca\/wp-json\/wp\/v2\/comments?post=363"}],"version-history":[{"count":32,"href":"https:\/\/www.neumaticoseston.com\/ca\/wp-json\/wp\/v2\/pages\/363\/revisions"}],"predecessor-version":[{"id":681,"href":"https:\/\/www.neumaticoseston.com\/ca\/wp-json\/wp\/v2\/pages\/363\/revisions\/681"}],"wp:attachment":[{"href":"https:\/\/www.neumaticoseston.com\/ca\/wp-json\/wp\/v2\/media?parent=363"}],"curies":[{"name":"wp","href":"https:\/\/api.w.org\/{rel}","templated":true}]}}