{"id":265,"date":"2016-10-17T13:40:11","date_gmt":"2016-10-17T13:40:11","guid":{"rendered":"http:\/\/www.neumaticoseston.com\/?page_id=265"},"modified":"2017-06-01T09:19:46","modified_gmt":"2017-06-01T09:19:46","slug":"neumaticos-en-riudoms","status":"publish","type":"page","link":"https:\/\/www.neumaticoseston.com\/ca\/neumaticos-en-riudoms\/","title":{"rendered":"Pneum\u00e0tics"},"content":{"rendered":"<p>[et_pb_section fb_built=\u00bb1&#8243; padding_mobile=\u00bboff\u00bb fullwidth=\u00bbon\u00bb admin_label=\u00bbSecci\u00f3n\u00bb _builder_version=\u00bb3.0.47&#8243;][et_pb_fullwidth_slider auto=\u00bbon\u00bb auto_speed=\u00bb3000&#8243; admin_label=\u00bbControl deslizante de anchura completa\u00bb _builder_version=\u00bb3.0.47&#8243;][et_pb_slide background_image=\u00bbhttps:\/\/www.neumaticoseston.com\/wp-content\/uploads\/2016\/10\/slider0.jpg\u00bb use_bg_overlay=\u00bboff\u00bb use_text_overlay=\u00bboff\u00bb _builder_version=\u00bb3.0.47&#8243; header_font=\u00bb||||\u00bb body_font=\u00bb||||\u00bb custom_button=\u00bboff\u00bb button_icon_placement=\u00bbright\u00bb button_on_hover=\u00bbon\u00bb][\/et_pb_slide][et_pb_slide background_image=\u00bbhttps:\/\/www.neumaticoseston.com\/wp-content\/uploads\/2016\/10\/slider1.jpg\u00bb use_bg_overlay=\u00bboff\u00bb use_text_overlay=\u00bboff\u00bb _builder_version=\u00bb3.0.47&#8243; header_font=\u00bb||||\u00bb body_font=\u00bb||||\u00bb custom_button=\u00bboff\u00bb button_icon_placement=\u00bbright\u00bb button_on_hover=\u00bbon\u00bb][\/et_pb_slide][et_pb_slide background_image=\u00bbhttps:\/\/www.neumaticoseston.com\/wp-content\/uploads\/2016\/10\/slider2.jpg\u00bb use_bg_overlay=\u00bboff\u00bb use_text_overlay=\u00bboff\u00bb _builder_version=\u00bb3.0.47&#8243; header_font=\u00bb||||\u00bb body_font=\u00bb||||\u00bb custom_button=\u00bboff\u00bb button_icon_placement=\u00bbright\u00bb button_on_hover=\u00bbon\u00bb][\/et_pb_slide][et_pb_slide background_image=\u00bbhttps:\/\/www.neumaticoseston.com\/wp-content\/uploads\/2016\/10\/slider3.jpg\u00bb use_bg_overlay=\u00bboff\u00bb use_text_overlay=\u00bboff\u00bb _builder_version=\u00bb3.0.47&#8243; header_font=\u00bb||||\u00bb body_font=\u00bb||||\u00bb custom_button=\u00bboff\u00bb button_icon_placement=\u00bbright\u00bb button_on_hover=\u00bbon\u00bb][\/et_pb_slide][et_pb_slide background_image=\u00bbhttps:\/\/www.neumaticoseston.com\/wp-content\/uploads\/2016\/10\/slider4.jpg\u00bb use_bg_overlay=\u00bboff\u00bb use_text_overlay=\u00bboff\u00bb _builder_version=\u00bb3.0.47&#8243; header_font=\u00bb||||\u00bb body_font=\u00bb||||\u00bb custom_button=\u00bboff\u00bb button_icon_placement=\u00bbright\u00bb button_on_hover=\u00bbon\u00bb][\/et_pb_slide][et_pb_slide background_image=\u00bbhttps:\/\/www.neumaticoseston.com\/wp-content\/uploads\/2016\/10\/slider5.jpg\u00bb use_bg_overlay=\u00bboff\u00bb use_text_overlay=\u00bboff\u00bb _builder_version=\u00bb3.0.47&#8243; header_font=\u00bb||||\u00bb body_font=\u00bb||||\u00bb custom_button=\u00bboff\u00bb button_icon_placement=\u00bbright\u00bb button_on_hover=\u00bbon\u00bb][\/et_pb_slide][\/et_pb_fullwidth_slider][\/et_pb_section][et_pb_section fb_built=\u00bb1&#8243; admin_label=\u00bbsection\u00bb _builder_version=\u00bb3.0.47&#8243; custom_padding=\u00bb54px|0px|23px|0px\u00bb][et_pb_row padding_mobile=\u00bboff\u00bb column_padding_mobile=\u00bbon\u00bb admin_label=\u00bbrow\u00bb _builder_version=\u00bb3.0.47&#8243; background_size=\u00bbinitial\u00bb background_position=\u00bbtop_left\u00bb background_repeat=\u00bbrepeat\u00bb][et_pb_column type=\u00bb1_2&#8243; _builder_version=\u00bb3.0.47&#8243; column_padding_mobile=\u00bbon\u00bb parallax=\u00bboff\u00bb parallax_method=\u00bbon\u00bb][et_pb_divider height=\u00bb20&#8243; admin_label=\u00bbSeparador\u00bb _builder_version=\u00bb3.0.47&#8243;] [\/et_pb_divider][et_pb_image src=\u00bbhttps:\/\/www.neumaticoseston.com\/wp-content\/uploads\/2016\/11\/servicios-1.jpg\u00bb alt=\u00bbneum\u00e1ticos en Riudoms\u00bb title_text=\u00bbneum\u00e1ticos en Riudoms\u00bb show_in_lightbox=\u00bbon\u00bb align=\u00bbcenter\u00bb admin_label=\u00bbImagen\u00bb _builder_version=\u00bb3.0.47&#8243;] [\/et_pb_image][et_pb_text admin_label=\u00bbTexto\u00bb _builder_version=\u00bb3.0.47&#8243; text_font_size=\u00bb13px\u00bb header_font_size=\u00bb29px\u00bb background_size=\u00bbinitial\u00bb background_position=\u00bbtop_left\u00bb background_repeat=\u00bbrepeat\u00bb]<\/p>\n<p style=\"text-align: center;\"><em>Amplia selecci\u00f3n de neum\u00e1ticos en nuestras instalaciones<\/em><\/p>\n<p>[\/et_pb_text][\/et_pb_column][et_pb_column type=\u00bb1_2&#8243; _builder_version=\u00bb3.0.47&#8243; column_padding_mobile=\u00bbon\u00bb parallax=\u00bboff\u00bb parallax_method=\u00bbon\u00bb][et_pb_text admin_label=\u00bbTexto\u00bb _builder_version=\u00bb3.0.47&#8243; background_size=\u00bbinitial\u00bb background_position=\u00bbtop_left\u00bb background_repeat=\u00bbrepeat\u00bb]<\/p>\n<h1>Neum\u00e1ticos en Riudoms<\/h1>\n<p>[\/et_pb_text][et_pb_text admin_label=\u00bbTexto\u00bb _builder_version=\u00bb3.0.47&#8243; background_size=\u00bbinitial\u00bb background_position=\u00bbtop_left\u00bb background_repeat=\u00bbrepeat\u00bb]<\/p>\n<p style=\"text-align: justify;\">Las ruedas del coche son el \u00fanico punto de contacto de tu veh\u00edculo con la carretera. El neum\u00e1tico cumple un papel fundamental en la seguridad vial y por lo tanto hay que prestarle una especial atenci\u00f3n. Su funcionamiento influye en la direcci\u00f3n, la distancia de frenado y el agarre del veh\u00edculo por lo que Neum\u00e1ticos Eston trabaja \u00fanicamente con las grandes firmas del mercado: Michelin, Pirelli, Good Year etc.<br \/>\nA la hora de comprar <strong>neum\u00e1ticos en la provincia de Tarragona<\/strong> para turismos, furgonetas o todoterrenos, debe saber que <span style=\"color: #ff0000;\"><strong><a style=\"color: #ff0000;\" href=\"https:\/\/www.neumaticoseston.com\/contacto\/\">Neum\u00e1ticos Eston<\/a><\/strong><\/span>, gracias a su larga experiencia en el sector, y como especialistas en neum\u00e1ticos que somos, ofrecemos siempre la m\u00e1xima garant\u00eda de calidad y durabilidad en la compra de neum\u00e1ticos.<\/p>\n<p>[\/et_pb_text][\/et_pb_column][\/et_pb_row][\/et_pb_section][et_pb_section fb_built=\u00bb1&#8243; admin_label=\u00bbsection\u00bb _builder_version=\u00bb3.0.47&#8243; custom_padding=\u00bb0px|0px|54px|0px\u00bb][et_pb_row padding_mobile=\u00bboff\u00bb column_padding_mobile=\u00bbon\u00bb admin_label=\u00bbrow\u00bb _builder_version=\u00bb3.0.47&#8243; background_size=\u00bbinitial\u00bb background_position=\u00bbtop_left\u00bb background_repeat=\u00bbrepeat\u00bb][et_pb_column type=\u00bb4_4&#8243; _builder_version=\u00bb3.0.47&#8243; column_padding_mobile=\u00bbon\u00bb parallax=\u00bboff\u00bb parallax_method=\u00bbon\u00bb][et_pb_text admin_label=\u00bbTexto\u00bb _builder_version=\u00bb3.0.47&#8243; background_size=\u00bbinitial\u00bb background_position=\u00bbtop_left\u00bb background_repeat=\u00bbrepeat\u00bb]<\/p>\n<h2 style=\"text-align: center;\">Cuando sustituir los neum\u00e1ticos<\/h2>\n<p>[\/et_pb_text][\/et_pb_column][\/et_pb_row][et_pb_row padding_mobile=\u00bboff\u00bb column_padding_mobile=\u00bbon\u00bb admin_label=\u00bbrow\u00bb _builder_version=\u00bb3.0.47&#8243; background_size=\u00bbinitial\u00bb background_position=\u00bbtop_left\u00bb background_repeat=\u00bbrepeat\u00bb][et_pb_column type=\u00bb1_3&#8243; _builder_version=\u00bb3.0.47&#8243; column_padding_mobile=\u00bbon\u00bb parallax=\u00bboff\u00bb parallax_method=\u00bbon\u00bb][et_pb_blurb image=\u00bbhttps:\/\/www.neumaticoseston.com\/wp-content\/uploads\/2016\/11\/seguridad-neumaticos-3.jpg\u00bb text_orientation=\u00bbcenter\u00bb admin_label=\u00bbAnuncio\u00bb _builder_version=\u00bb3.0.47&#8243; background_size=\u00bbinitial\u00bb background_position=\u00bbtop_left\u00bb background_repeat=\u00bbrepeat\u00bb]<\/p>\n<p style=\"text-align: justify;\">Cuando la profundidad del dibujo es menor de 4 mm, la adherencia del neum\u00e1tico disminuye notablemente, sobre todo en mojado. Es m\u00e1s f\u00e1cil que los neum\u00e1ticos pierdan el contacto con la calzada, y que a consecuencia el conductor no pueda frenar o controlar el veh\u00edculo. Por ello, no es recomendable esperar hasta el m\u00ednimo legal de 1,6 mm para cambiar los neum\u00e1ticos.<\/p>\n<p>[\/et_pb_blurb][\/et_pb_column][et_pb_column type=\u00bb1_3&#8243; _builder_version=\u00bb3.0.47&#8243; column_padding_mobile=\u00bbon\u00bb parallax=\u00bboff\u00bb parallax_method=\u00bbon\u00bb][et_pb_blurb image=\u00bbhttps:\/\/www.neumaticoseston.com\/wp-content\/uploads\/2016\/11\/Detalle-clavo4-1.jpg\u00bb text_orientation=\u00bbcenter\u00bb admin_label=\u00bbAnuncio\u00bb _builder_version=\u00bb3.0.47&#8243; background_size=\u00bbinitial\u00bb background_position=\u00bbtop_left\u00bb background_repeat=\u00bbrepeat\u00bb]<\/p>\n<p style=\"text-align: justify;\">Tras sufrir un pinchazo, el neum\u00e1tico puede tener da\u00f1os graves que justifiquen su sustituci\u00f3n.<\/p>\n<p style=\"text-align: justify;\">Recomendamos su reparaci\u00f3n cuando el pinchazo es en el centro de la banda de rodadura. Cualquier perforaci\u00f3n en otro lugar del neum\u00e1tico hace que su reparaci\u00f3n sea imposible por motivos de seguridad. Inf\u00f3rmese en Neum\u00e1ticos Eston.<\/p>\n<p>[\/et_pb_blurb][\/et_pb_column][et_pb_column type=\u00bb1_3&#8243; _builder_version=\u00bb3.0.47&#8243; column_padding_mobile=\u00bbon\u00bb parallax=\u00bboff\u00bb parallax_method=\u00bbon\u00bb][et_pb_blurb image=\u00bbhttps:\/\/www.neumaticoseston.com\/wp-content\/uploads\/2016\/11\/nn8j0x.jpg\u00bb text_orientation=\u00bbcenter\u00bb admin_label=\u00bbAnuncio\u00bb _builder_version=\u00bb3.0.47&#8243; background_size=\u00bbinitial\u00bb background_position=\u00bbtop_left\u00bb background_repeat=\u00bbrepeat\u00bb]<\/p>\n<p style=\"text-align: justify;\">Cuando el neum\u00e1tico tenga m\u00e1s de 5 a\u00f1os de antig\u00fcedad, aunque se haya rodado pocos kil\u00f3metros, debido a la perdida de sus propiedades flexibles.<\/p>\n<p style=\"text-align: justify;\">Por un desgaste anormal, ya sea por un exceso de presi\u00f3n como por una presi\u00f3n insuficiente. Acuda a su Taller Neum\u00e1ticos Eston en Riudoms y le revisaremos el estado de los neum\u00e1ticos de su veh\u00edculo.<\/p>\n<p>[\/et_pb_blurb][\/et_pb_column][\/et_pb_row][\/et_pb_section][et_pb_section fb_built=\u00bb1&#8243; padding_mobile=\u00bboff\u00bb admin_label=\u00bbsection\u00bb _builder_version=\u00bb3.0.47&#8243;][et_pb_row padding_mobile=\u00bboff\u00bb column_padding_mobile=\u00bbon\u00bb admin_label=\u00bbrow\u00bb _builder_version=\u00bb3.0.47&#8243; background_size=\u00bbinitial\u00bb background_position=\u00bbtop_left\u00bb background_repeat=\u00bbrepeat\u00bb][et_pb_column type=\u00bb4_4&#8243; _builder_version=\u00bb3.0.47&#8243; column_padding_mobile=\u00bbon\u00bb parallax=\u00bboff\u00bb parallax_method=\u00bbon\u00bb][et_pb_image src=\u00bbhttps:\/\/www.neumaticoseston.com\/wp-content\/uploads\/2016\/11\/neumaticos.jpg\u00bb align=\u00bbcenter\u00bb admin_label=\u00bbImagen\u00bb _builder_version=\u00bb3.0.47&#8243;] [\/et_pb_image][\/et_pb_column][\/et_pb_row][et_pb_row padding_mobile=\u00bboff\u00bb column_padding_mobile=\u00bbon\u00bb admin_label=\u00bbrow\u00bb _builder_version=\u00bb3.0.47&#8243; background_size=\u00bbinitial\u00bb background_position=\u00bbtop_left\u00bb background_repeat=\u00bbrepeat\u00bb][et_pb_column type=\u00bb4_4&#8243; _builder_version=\u00bb3.0.47&#8243; column_padding_mobile=\u00bbon\u00bb parallax=\u00bboff\u00bb parallax_method=\u00bbon\u00bb][et_pb_image src=\u00bbhttps:\/\/www.neumaticoseston.com\/wp-content\/uploads\/2016\/11\/eston-lona-125&#215;33-mostra-51.jpg\u00bb admin_label=\u00bbImagen\u00bb _builder_version=\u00bb3.0.47&#8243;] [\/et_pb_image][\/et_pb_column][\/et_pb_row][\/et_pb_section]<\/p>\n","protected":false},"excerpt":{"rendered":"<p>Amplia selecci\u00f3n de neum\u00e1ticos en nuestras instalaciones Neum\u00e1ticos en RiudomsLas ruedas del coche son el \u00fanico punto de contacto de tu veh\u00edculo con la carretera. El neum\u00e1tico cumple un papel fundamental en la seguridad vial y por lo tanto hay que prestarle una especial atenci\u00f3n. Su funcionamiento influye en la direcci\u00f3n, la distancia de frenado [&hellip;]<\/p>\n","protected":false},"author":1,"featured_media":0,"parent":0,"menu_order":0,"comment_status":"closed","ping_status":"closed","template":"","meta":{"_et_pb_use_builder":"on","_et_pb_old_content":"","_et_gb_content_width":"","footnotes":""},"class_list":["post-265","page","type-page","status-publish","hentry"],"_links":{"self":[{"href":"https:\/\/www.neumaticoseston.com\/ca\/wp-json\/wp\/v2\/pages\/265","targetHints":{"allow":["GET"]}}],"collection":[{"href":"https:\/\/www.neumaticoseston.com\/ca\/wp-json\/wp\/v2\/pages"}],"about":[{"href":"https:\/\/www.neumaticoseston.com\/ca\/wp-json\/wp\/v2\/types\/page"}],"author":[{"embeddable":true,"href":"https:\/\/www.neumaticoseston.com\/ca\/wp-json\/wp\/v2\/users\/1"}],"replies":[{"embeddable":true,"href":"https:\/\/www.neumaticoseston.com\/ca\/wp-json\/wp\/v2\/comments?post=265"}],"version-history":[{"count":24,"href":"https:\/\/www.neumaticoseston.com\/ca\/wp-json\/wp\/v2\/pages\/265\/revisions"}],"predecessor-version":[{"id":662,"href":"https:\/\/www.neumaticoseston.com\/ca\/wp-json\/wp\/v2\/pages\/265\/revisions\/662"}],"wp:attachment":[{"href":"https:\/\/www.neumaticoseston.com\/ca\/wp-json\/wp\/v2\/media?parent=265"}],"curies":[{"name":"wp","href":"https:\/\/api.w.org\/{rel}","templated":true}]}}