{"id":1096,"date":"2024-12-10T12:37:39","date_gmt":"2024-12-10T12:37:39","guid":{"rendered":"https:\/\/www.neumaticoseston.com\/?page_id=1096"},"modified":"2024-12-10T15:03:43","modified_gmt":"2024-12-10T15:03:43","slug":"reparacion-de-neumaticos-en-riudoms","status":"publish","type":"page","link":"https:\/\/www.neumaticoseston.com\/ca\/reparacion-de-neumaticos-en-riudoms\/","title":{"rendered":"Reparaci\u00f3n de neum\u00e1ticos en Riudoms"},"content":{"rendered":"<p>[et_pb_section fb_built=\u00bb1&#8243; _builder_version=\u00bb4.23.1&#8243; _module_preset=\u00bbdefault\u00bb hover_enabled=\u00bb0&#8243; global_colors_info=\u00bb{}\u00bb title_text=\u00bbreparacion-de-neumaticos-en-riudoms\u00bb background_image=\u00bbhttps:\/\/www.neumaticoseston.com\/wp-content\/uploads\/2024\/12\/reparacion-de-neumaticos-en-riudoms.webp\u00bb sticky_enabled=\u00bb0&#8243;][et_pb_row _builder_version=\u00bb4.23.1&#8243; _module_preset=\u00bbdefault\u00bb global_colors_info=\u00bb{}\u00bb][et_pb_column type=\u00bb4_4&#8243; _builder_version=\u00bb4.23.1&#8243; _module_preset=\u00bbdefault\u00bb global_colors_info=\u00bb{}\u00bb][et_pb_text _builder_version=\u00bb4.23.1&#8243; _module_preset=\u00bbdefault\u00bb hover_enabled=\u00bb0&#8243; global_colors_info=\u00bb{}\u00bb custom_css_free_form=\u00bbselector {||  background-color: rgba(0, 0, 0, .55);||  border-radius: 15px;||  padding: 30px;||  backdrop-filter: blur(10px);||}||||selector h1 {||  color: white;||  font-weight: bold;||}\u00bb sticky_enabled=\u00bb0&#8243;]<\/p>\n<h1 style=\"text-align: center;\">Reparaci\u00f3n de neum\u00e1ticos en Riudoms<\/h1>\n<p>[\/et_pb_text][\/et_pb_column][\/et_pb_row][\/et_pb_section][et_pb_section fb_built=\u00bb1&#8243; _builder_version=\u00bb4.23.1&#8243; _module_preset=\u00bbdefault\u00bb global_colors_info=\u00bb{}\u00bb custom_padding=\u00bb||0px|||\u00bb][et_pb_row _builder_version=\u00bb4.23.1&#8243; _module_preset=\u00bbdefault\u00bb width=\u00bb100%\u00bb max_width=\u00bb1600px\u00bb global_colors_info=\u00bb{}\u00bb][et_pb_column type=\u00bb4_4&#8243; _builder_version=\u00bb4.23.1&#8243; _module_preset=\u00bbdefault\u00bb global_colors_info=\u00bb{}\u00bb][et_pb_text _builder_version=\u00bb4.23.1&#8243; _module_preset=\u00bbdefault\u00bb hover_enabled=\u00bb0&#8243; global_colors_info=\u00bb{}\u00bb sticky_enabled=\u00bb0&#8243;]<\/p>\n<h2 style=\"text-align: center;\"><span style=\"color: #000000;\"><strong>Reparaci\u00f3n de neum\u00e1ticos en Riudoms: Conf\u00eda en Neum\u00e1ticos Eston<\/strong><\/span><\/h2>\n<p style=\"text-align: center;\"><span style=\"color: #000000;\">En Neum\u00e1ticos Eston, somos especialistas en la <strong>reparaci\u00f3n de neum\u00e1ticos en Riudoms<\/strong>, ofreci\u00e9ndote soluciones r\u00e1pidas, seguras y eficaces para que vuelvas a la carretera sin preocupaciones. Sabemos lo importante que es mantener tus neum\u00e1ticos en buen estado, ya que son el \u00fanico punto de contacto entre tu veh\u00edculo y la carretera. Por eso, trabajamos con precisi\u00f3n y tecnolog\u00eda avanzada para garantizar tu seguridad en todo momento.<\/span><\/p>\n<p>[\/et_pb_text][\/et_pb_column][\/et_pb_row][et_pb_row column_structure=\u00bb1_2,1_2&#8243; _builder_version=\u00bb4.23.1&#8243; _module_preset=\u00bbdefault\u00bb width=\u00bb100%\u00bb max_width=\u00bb1600px\u00bb global_colors_info=\u00bb{}\u00bb][et_pb_column type=\u00bb1_2&#8243; _builder_version=\u00bb4.23.1&#8243; _module_preset=\u00bbdefault\u00bb global_colors_info=\u00bb{}\u00bb][et_pb_text _builder_version=\u00bb4.23.1&#8243; _module_preset=\u00bbdefault\u00bb hover_enabled=\u00bb0&#8243; global_colors_info=\u00bb{}\u00bb sticky_enabled=\u00bb0&#8243;]<\/p>\n<h2><span style=\"color: #000000;\"><strong>\u00bfPor qu\u00e9 reparar tus neum\u00e1ticos con nosotros?<\/strong><\/span><\/h2>\n<p><span style=\"color: #000000;\">En Neum\u00e1ticos Eston, entendemos que un neum\u00e1tico en buen estado es esencial para tu seguridad y comodidad al volante. Por eso, cuando conf\u00edas en nosotros para la <strong>reparaci\u00f3n de neum\u00e1ticos en Riudoms<\/strong>, realizamos un proceso completo y detallado para garantizar que vuelvas a la carretera sin preocupaciones:<\/span><\/p>\n<ul>\n<li><span style=\"color: #000000;\"><strong>Detecci\u00f3n precisa del da\u00f1o:<\/strong> Utilizamos tecnolog\u00eda avanzada para localizar con exactitud el origen del problema, ya sea un pinchazo, una p\u00e9rdida de aire o una fisura. Esta precisi\u00f3n nos permite ofrecer una reparaci\u00f3n eficiente y duradera.<\/span><\/li>\n<li><span style=\"color: #000000;\"><strong>Reparaci\u00f3n profesional:<\/strong> Seguimos procedimientos especializados que incluyen sellado interno de pinchazos, restauraci\u00f3n de la banda de rodadura y ajuste del neum\u00e1tico para que recupere su funcionalidad original. Esto asegura que el neum\u00e1tico mantenga su resistencia y rendimiento.<\/span><\/li>\n<li><span style=\"color: #000000;\"><strong>An\u00e1lisis completo del neum\u00e1tico:<\/strong> No solo reparamos el da\u00f1o visible, sino que tambi\u00e9n evaluamos el estado general del neum\u00e1tico, buscando signos de desgaste desigual, posibles deformaciones o problemas de presi\u00f3n. Esta revisi\u00f3n exhaustiva garantiza que no haya fallos futuros que puedan comprometer tu seguridad.<\/span><\/li>\n<li><span style=\"color: #000000;\"><strong>Soluciones adaptadas:<\/strong> Si el neum\u00e1tico presenta da\u00f1os irreparables, te asesoramos sobre las mejores opciones de sustituci\u00f3n. Trabajamos con una amplia gama de marcas y modelos para ajustarnos a tus necesidades espec\u00edficas y presupuesto.<\/span><span style=\"color: #000000;\"><\/span><\/li>\n<\/ul>\n<p>[\/et_pb_text][\/et_pb_column][et_pb_column type=\u00bb1_2&#8243; _builder_version=\u00bb4.23.1&#8243; _module_preset=\u00bbdefault\u00bb global_colors_info=\u00bb{}\u00bb][et_pb_image src=\u00bbhttps:\/\/www.neumaticoseston.com\/wp-content\/uploads\/2024\/12\/reparacion-de-neumaticos-en-riudoms-2.webp\u00bb _builder_version=\u00bb4.23.1&#8243; _module_preset=\u00bbdefault\u00bb hover_enabled=\u00bb0&#8243; global_colors_info=\u00bb{}\u00bb title_text=\u00bbreparacion-de-neumaticos-en-riudoms-2&#8243; sticky_enabled=\u00bb0&#8243;][\/et_pb_image][\/et_pb_column][\/et_pb_row][et_pb_row column_structure=\u00bb1_2,1_2&#8243; _builder_version=\u00bb4.23.1&#8243; _module_preset=\u00bbdefault\u00bb width=\u00bb100%\u00bb max_width=\u00bb1600px\u00bb global_colors_info=\u00bb{}\u00bb][et_pb_column type=\u00bb1_2&#8243; _builder_version=\u00bb4.23.1&#8243; _module_preset=\u00bbdefault\u00bb global_colors_info=\u00bb{}\u00bb][et_pb_image src=\u00bbhttps:\/\/www.neumaticoseston.com\/wp-content\/uploads\/2024\/12\/reparacion-de-neumaticos-en-riudoms-3.webp\u00bb _builder_version=\u00bb4.23.1&#8243; _module_preset=\u00bbdefault\u00bb hover_enabled=\u00bb0&#8243; global_colors_info=\u00bb{}\u00bb title_text=\u00bbreparacion-de-neumaticos-en-riudoms-3&#8243; sticky_enabled=\u00bb0&#8243;][\/et_pb_image][\/et_pb_column][et_pb_column type=\u00bb1_2&#8243; _builder_version=\u00bb4.23.1&#8243; _module_preset=\u00bbdefault\u00bb global_colors_info=\u00bb{}\u00bb][et_pb_text _builder_version=\u00bb4.23.1&#8243; _module_preset=\u00bbdefault\u00bb hover_enabled=\u00bb0&#8243; global_colors_info=\u00bb{}\u00bb sticky_enabled=\u00bb0&#8243;]<\/p>\n<h2><span style=\"color: #000000;\"><strong>Ventajas de elegir Neum\u00e1ticos Eston en Riudoms<\/strong><\/span><\/h2>\n<p><span style=\"color: #000000;\">Elegirnos para la <strong>reparaci\u00f3n de neum\u00e1ticos en Riudoms<\/strong> significa disfrutar de un servicio completo, profesional y enfocado en tu satisfacci\u00f3n. Estas son algunas de las ventajas que nos destacan:<\/span><\/p>\n<ul>\n<li><span style=\"color: #000000;\"><strong>Equipo experto:<\/strong> Nuestro taller cuenta con t\u00e9cnicos altamente cualificados, con a\u00f1os de experiencia en el sector y un compromiso absoluto con la calidad. Su formaci\u00f3n continua nos permite estar al d\u00eda con las \u00faltimas innovaciones en el cuidado de neum\u00e1ticos.<\/span><\/li>\n<li><span style=\"color: #000000;\"><strong>Tecnolog\u00eda avanzada:<\/strong> Empleamos herramientas de \u00faltima generaci\u00f3n para realizar diagn\u00f3sticos precisos y reparaciones r\u00e1pidas. Esto nos permite ofrecer un servicio m\u00e1s eficiente y minimizar el tiempo que tu veh\u00edculo est\u00e1 fuera de circulaci\u00f3n.<\/span><\/li>\n<li><span style=\"color: #000000;\"><strong>Atenci\u00f3n al detalle:<\/strong> Inspeccionamos cada neum\u00e1tico de manera minuciosa, garantizando que no se pase por alto ning\u00fan defecto. Nuestro enfoque en los detalles asegura que tu veh\u00edculo est\u00e9 en las mejores condiciones posibles.<\/span><\/li>\n<li><span style=\"color: #000000;\"><strong>Rapidez sin comprometer la calidad:<\/strong> Entendemos que el tiempo es valioso. Por eso, trabajamos de manera \u00e1gil y eficiente, asegur\u00e1ndonos de que la reparaci\u00f3n sea r\u00e1pida pero siempre manteniendo nuestros altos est\u00e1ndares de calidad.<\/span><\/li>\n<li><span style=\"color: #000000;\"><strong>Precios claros y competitivos:<\/strong> Te ofrecemos presupuestos detallados y transparentes. En Neum\u00e1ticos Eston, no hay sorpresas: siempre sabr\u00e1s exactamente por qu\u00e9 est\u00e1s pagando.<\/span><span style=\"color: #000000;\"><\/span><\/li>\n<\/ul>\n<p>[\/et_pb_text][\/et_pb_column][\/et_pb_row][et_pb_row _builder_version=\u00bb4.23.1&#8243; _module_preset=\u00bbdefault\u00bb width=\u00bb100%\u00bb max_width=\u00bb1600px\u00bb global_colors_info=\u00bb{}\u00bb][et_pb_column type=\u00bb4_4&#8243; _builder_version=\u00bb4.23.1&#8243; _module_preset=\u00bbdefault\u00bb global_colors_info=\u00bb{}\u00bb][et_pb_text _builder_version=\u00bb4.23.1&#8243; _module_preset=\u00bbdefault\u00bb hover_enabled=\u00bb0&#8243; global_colors_info=\u00bb{}\u00bb sticky_enabled=\u00bb0&#8243;]<\/p>\n<h2 style=\"text-align: center;\"><span style=\"color: #000000;\"><strong>Servicio de reparaci\u00f3n de neum\u00e1ticos en Riudoms: La mejor soluci\u00f3n para tu veh\u00edculo<\/strong><\/span><\/h2>\n<p style=\"text-align: center;\"><span style=\"color: #000000;\">En Neum\u00e1ticos Eston, nos especializamos en la <strong>reparaci\u00f3n de neum\u00e1ticos en Riudoms<\/strong>, ofreci\u00e9ndote un servicio profesional, r\u00e1pido y eficaz. Sabemos que un neum\u00e1tico en mal estado puede afectar no solo la seguridad de tu veh\u00edculo, sino tambi\u00e9n su rendimiento y consumo de combustible. Por eso, nos encargamos de evaluar, diagnosticar y solucionar cualquier problema, asegur\u00e1ndonos de que tus neum\u00e1ticos est\u00e9n siempre en perfectas condiciones.<\/span><\/p>\n<p style=\"text-align: center;\"><span style=\"color: #000000;\">No arriesgues tu seguridad ni la de tus pasajeros. Si notas un pinchazo, desgaste irregular o p\u00e9rdida de presi\u00f3n, ven a Neum\u00e1ticos Eston. Te ayudaremos a mantener tu veh\u00edculo en la carretera con total confianza y tranquilidad. <strong>\u00a1Tu seguridad es nuestra prioridad, y tu satisfacci\u00f3n, nuestra meta!<\/strong><\/span><\/p>\n<p>[\/et_pb_text][\/et_pb_column][\/et_pb_row][et_pb_row column_structure=\u00bb1_2,1_2&#8243; _builder_version=\u00bb4.23.1&#8243; _module_preset=\u00bbdefault\u00bb width=\u00bb100%\u00bb max_width=\u00bb2560px\u00bb global_colors_info=\u00bb{}\u00bb custom_padding=\u00bb||0px|||\u00bb][et_pb_column type=\u00bb1_2&#8243; _builder_version=\u00bb4.23.1&#8243; _module_preset=\u00bbdefault\u00bb global_colors_info=\u00bb{}\u00bb][et_pb_text _builder_version=\u00bb4.23.1&#8243; _module_preset=\u00bbdefault\u00bb hover_enabled=\u00bb0&#8243; global_colors_info=\u00bb{}\u00bb sticky_enabled=\u00bb0&#8243; custom_css_free_form=\u00bbselector {||  margin-left: 10vh;||}\u00bb]<\/p>\n<h2><span style=\"color: #000000;\"><strong>Repara tus neum\u00e1ticos con total confianza en Riudoms<\/strong><\/span><\/h2>\n<p><span style=\"color: #000000;\">En Neum\u00e1ticos Eston, hacemos que el cuidado de tus neum\u00e1ticos sea sencillo y accesible. Si necesitas un servicio confiable de <strong>reparaci\u00f3n de neum\u00e1ticos en Riudoms<\/strong>, somos tu mejor opci\u00f3n.<\/span><\/p>\n<p><span style=\"color: #000000;\"><strong>\u00a1Vis\u00edtanos hoy mismo y descubre por qu\u00e9 tantos conductores conf\u00edan en nosotros para mantener sus veh\u00edculos en perfecto estado!<\/strong><\/span><\/p>\n<p>[\/et_pb_text][et_pb_text _builder_version=\u00bb4.23.1&#8243; _module_preset=\u00bbdefault\u00bb custom_css_free_form=\u00bbselector {||  margin-left: 10vh;||  background: linear-gradient(90deg, #ff0000, #ff4500, #ff6347);||  padding: 30px;||  border-radius: 15px;||}||||.container-button {||  text-align: center;||  margin-top: 15px;||  display: grid;||  transition: all .5s ease;||}||||.container-button:hover {||  scale: 1.05;||}||||.container-button a {||  background: linear-gradient(90deg, #ff4500, #ff2400, #ff4500);||  border: 2px solid black;||  border-radius: 10px;||  padding: 10px;||  transition: all .3s ease;||}||||.container-button a:hover {||  background: linear-gradient(90deg, #ff2400, #ff4500, #ff2400);||}||||\u00bb hover_enabled=\u00bb0&#8243; sticky_enabled=\u00bb0&#8243;]<\/p>\n<h3 style=\"text-align: center;\"><strong><span style=\"color: #000000;\">Contacta con nosotros<\/span><\/strong><\/h3>\n<p style=\"text-align: center;\"><span style=\"color: #000000;\">\u00a1No dudes en contactar con nosotros para resolver todas las dudas que tengas y poder otorgarte m\u00e1s informaci\u00f3n sobre nuestras reparaciones de neum\u00e1ticos en Riudoms con la mejor calidad de la mano de nuestros profesionales!<\/span><\/p>\n<div class=\"container-button\"><a href=\"\/contacto\">Contactar<\/a><\/div>\n<p>[\/et_pb_text][\/et_pb_column][et_pb_column type=\u00bb1_2&#8243; _builder_version=\u00bb4.23.1&#8243; _module_preset=\u00bbdefault\u00bb global_colors_info=\u00bb{}\u00bb][et_pb_image src=\u00bbhttps:\/\/www.neumaticoseston.com\/wp-content\/uploads\/2024\/12\/reparacion-de-neumaticos-en-riudoms-4.webp\u00bb _builder_version=\u00bb4.23.1&#8243; _module_preset=\u00bbdefault\u00bb hover_enabled=\u00bb0&#8243; global_colors_info=\u00bb{}\u00bb title_text=\u00bbreparacion-de-neumaticos-en-riudoms-4&#8243; sticky_enabled=\u00bb0&#8243;][\/et_pb_image][\/et_pb_column][\/et_pb_row][\/et_pb_section]<\/p>\n","protected":false},"excerpt":{"rendered":"<p>Reparaci\u00f3n de neum\u00e1ticos en RiudomsReparaci\u00f3n de neum\u00e1ticos en Riudoms: Conf\u00eda en Neum\u00e1ticos Eston En Neum\u00e1ticos Eston, somos especialistas en la reparaci\u00f3n de neum\u00e1ticos en Riudoms, ofreci\u00e9ndote soluciones r\u00e1pidas, seguras y eficaces para que vuelvas a la carretera sin preocupaciones. Sabemos lo importante que es mantener tus neum\u00e1ticos en buen estado, ya que son el \u00fanico [&hellip;]<\/p>\n","protected":false},"author":5,"featured_media":0,"parent":0,"menu_order":0,"comment_status":"closed","ping_status":"closed","template":"","meta":{"_et_pb_use_builder":"on","_et_pb_old_content":"","_et_gb_content_width":"","footnotes":""},"class_list":["post-1096","page","type-page","status-publish","hentry"],"_links":{"self":[{"href":"https:\/\/www.neumaticoseston.com\/ca\/wp-json\/wp\/v2\/pages\/1096","targetHints":{"allow":["GET"]}}],"collection":[{"href":"https:\/\/www.neumaticoseston.com\/ca\/wp-json\/wp\/v2\/pages"}],"about":[{"href":"https:\/\/www.neumaticoseston.com\/ca\/wp-json\/wp\/v2\/types\/page"}],"author":[{"embeddable":true,"href":"https:\/\/www.neumaticoseston.com\/ca\/wp-json\/wp\/v2\/users\/5"}],"replies":[{"embeddable":true,"href":"https:\/\/www.neumaticoseston.com\/ca\/wp-json\/wp\/v2\/comments?post=1096"}],"version-history":[{"count":4,"href":"https:\/\/www.neumaticoseston.com\/ca\/wp-json\/wp\/v2\/pages\/1096\/revisions"}],"predecessor-version":[{"id":1160,"href":"https:\/\/www.neumaticoseston.com\/ca\/wp-json\/wp\/v2\/pages\/1096\/revisions\/1160"}],"wp:attachment":[{"href":"https:\/\/www.neumaticoseston.com\/ca\/wp-json\/wp\/v2\/media?parent=1096"}],"curies":[{"name":"wp","href":"https:\/\/api.w.org\/{rel}","templated":true}]}}