{"id":1095,"date":"2024-12-10T12:37:26","date_gmt":"2024-12-10T12:37:26","guid":{"rendered":"https:\/\/www.neumaticoseston.com\/?page_id=1095"},"modified":"2024-12-10T14:53:46","modified_gmt":"2024-12-10T14:53:46","slug":"talleres-mecanicos-en-montbrio","status":"publish","type":"page","link":"https:\/\/www.neumaticoseston.com\/ca\/talleres-mecanicos-en-montbrio\/","title":{"rendered":"Talleres mec\u00e1nicos en Montbrio"},"content":{"rendered":"<p>[et_pb_section fb_built=\u00bb1&#8243; _builder_version=\u00bb4.23.1&#8243; _module_preset=\u00bbdefault\u00bb hover_enabled=\u00bb0&#8243; global_colors_info=\u00bb{}\u00bb title_text=\u00bbtalleres-mecanicos-en-montbrio\u00bb background_image=\u00bbhttps:\/\/www.neumaticoseston.com\/wp-content\/uploads\/2024\/12\/talleres-mecanicos-en-montbrio.webp\u00bb sticky_enabled=\u00bb0&#8243;][et_pb_row _builder_version=\u00bb4.23.1&#8243; _module_preset=\u00bbdefault\u00bb global_colors_info=\u00bb{}\u00bb][et_pb_column type=\u00bb4_4&#8243; _builder_version=\u00bb4.23.1&#8243; _module_preset=\u00bbdefault\u00bb global_colors_info=\u00bb{}\u00bb][et_pb_text _builder_version=\u00bb4.23.1&#8243; _module_preset=\u00bbdefault\u00bb hover_enabled=\u00bb0&#8243; global_colors_info=\u00bb{}\u00bb custom_css_free_form=\u00bbselector {||  background-color: rgba(0, 0, 0, .55);||  border-radius: 15px;||  padding: 30px;||  backdrop-filter: blur(10px);||}||||selector h1 {||  color: white;||  font-weight: bold;||}\u00bb sticky_enabled=\u00bb0&#8243;]<\/p>\n<h1 style=\"text-align: center;\">Talleres mec\u00e1nicos en Montbri\u00f3<\/h1>\n<p>[\/et_pb_text][\/et_pb_column][\/et_pb_row][\/et_pb_section][et_pb_section fb_built=\u00bb1&#8243; _builder_version=\u00bb4.23.1&#8243; _module_preset=\u00bbdefault\u00bb global_colors_info=\u00bb{}\u00bb custom_padding=\u00bb||0px|||\u00bb][et_pb_row _builder_version=\u00bb4.23.1&#8243; _module_preset=\u00bbdefault\u00bb width=\u00bb100%\u00bb max_width=\u00bb1600px\u00bb global_colors_info=\u00bb{}\u00bb][et_pb_column type=\u00bb4_4&#8243; _builder_version=\u00bb4.23.1&#8243; _module_preset=\u00bbdefault\u00bb global_colors_info=\u00bb{}\u00bb][et_pb_text _builder_version=\u00bb4.23.1&#8243; _module_preset=\u00bbdefault\u00bb hover_enabled=\u00bb0&#8243; global_colors_info=\u00bb{}\u00bb sticky_enabled=\u00bb0&#8243;]<\/p>\n<h2 style=\"text-align: center;\"><span style=\"color: #000000;\"><strong>Talleres mec\u00e1nicos en Montbri\u00f3: Tu veh\u00edculo, en las mejores manos<\/strong><\/span><\/h2>\n<p style=\"text-align: center;\"><span style=\"color: #000000;\">En Neum\u00e1ticos Eston, estamos comprometidos con la calidad y la seguridad de tu coche. Como uno de los <strong>talleres mec\u00e1nicos en Montbri\u00f3<\/strong> m\u00e1s reconocidos, ofrecemos un servicio integral para el mantenimiento y reparaci\u00f3n de tu veh\u00edculo. Nuestro equipo de profesionales altamente capacitados y la tecnolog\u00eda m\u00e1s avanzada garantizan resultados excepcionales, desde reparaciones complejas hasta revisiones generales.<\/span><\/p>\n<p>[\/et_pb_text][\/et_pb_column][\/et_pb_row][et_pb_row column_structure=\u00bb1_2,1_2&#8243; _builder_version=\u00bb4.23.1&#8243; _module_preset=\u00bbdefault\u00bb width=\u00bb100%\u00bb max_width=\u00bb1600px\u00bb global_colors_info=\u00bb{}\u00bb][et_pb_column type=\u00bb1_2&#8243; _builder_version=\u00bb4.23.1&#8243; _module_preset=\u00bbdefault\u00bb global_colors_info=\u00bb{}\u00bb][et_pb_text _builder_version=\u00bb4.23.1&#8243; _module_preset=\u00bbdefault\u00bb hover_enabled=\u00bb0&#8243; global_colors_info=\u00bb{}\u00bb custom_css_free_form=\u00bbselector {||  margin-top: 5vh;||}\u00bb sticky_enabled=\u00bb0&#8243;]<\/p>\n<h2><span style=\"color: #000000;\"><strong>Nuestros servicios destacados<\/strong><\/span><\/h2>\n<p><span style=\"color: #000000;\">En Neum\u00e1ticos Eston, nos ocupamos de cada detalle de tu veh\u00edculo para que disfrutes de una conducci\u00f3n segura y sin contratiempos. Entre los servicios que ofrecemos destacan:<\/span><\/p>\n<ul>\n<li><span style=\"color: #000000;\"><strong>Revisiones generales y mantenimiento:<\/strong> Detectamos cualquier anomal\u00eda y realizamos las sustituciones necesarias, como cambios de aceite, filtros y revisi\u00f3n de niveles.<\/span><\/li>\n<li><span style=\"color: #000000;\"><strong>Neum\u00e1ticos:<\/strong> Inspeccionamos, reparamos y reemplazamos neum\u00e1ticos, garantizando que cumplan con los est\u00e1ndares de seguridad y rendimiento.<\/span><\/li>\n<li><span style=\"color: #000000;\"><strong>Frenos y suspensi\u00f3n:<\/strong> Comprobamos el estado de los frenos y el sistema de suspensi\u00f3n, asegurando una conducci\u00f3n estable y segura.<\/span><\/li>\n<li><span style=\"color: #000000;\"><strong>Sistema el\u00e9ctrico:<\/strong> Reparaci\u00f3n de bater\u00edas, luces, sensores y otros componentes electr\u00f3nicos esenciales para el funcionamiento del veh\u00edculo.<\/span><\/li>\n<li><span style=\"color: #000000;\"><strong>Diagn\u00f3stico avanzado:<\/strong> Utilizamos herramientas de \u00faltima generaci\u00f3n para identificar cualquier fallo mec\u00e1nico o electr\u00f3nico con precisi\u00f3n.<\/span><\/li>\n<\/ul>\n<p>[\/et_pb_text][\/et_pb_column][et_pb_column type=\u00bb1_2&#8243; _builder_version=\u00bb4.23.1&#8243; _module_preset=\u00bbdefault\u00bb global_colors_info=\u00bb{}\u00bb][et_pb_image src=\u00bbhttps:\/\/www.neumaticoseston.com\/wp-content\/uploads\/2024\/12\/talleres-mecanicos-en-montbrio-2.webp\u00bb _builder_version=\u00bb4.23.1&#8243; _module_preset=\u00bbdefault\u00bb hover_enabled=\u00bb0&#8243; global_colors_info=\u00bb{}\u00bb title_text=\u00bbtalleres-mecanicos-en-montbrio-2&#8243; sticky_enabled=\u00bb0&#8243;][\/et_pb_image][\/et_pb_column][\/et_pb_row][et_pb_row column_structure=\u00bb1_2,1_2&#8243; _builder_version=\u00bb4.23.1&#8243; _module_preset=\u00bbdefault\u00bb width=\u00bb100%\u00bb max_width=\u00bb1600px\u00bb global_colors_info=\u00bb{}\u00bb][et_pb_column type=\u00bb1_2&#8243; _builder_version=\u00bb4.23.1&#8243; _module_preset=\u00bbdefault\u00bb global_colors_info=\u00bb{}\u00bb][et_pb_image src=\u00bbhttps:\/\/www.neumaticoseston.com\/wp-content\/uploads\/2024\/12\/talleres-mecanicos-en-montbrio-3.webp\u00bb _builder_version=\u00bb4.23.1&#8243; _module_preset=\u00bbdefault\u00bb hover_enabled=\u00bb0&#8243; global_colors_info=\u00bb{}\u00bb title_text=\u00bbtalleres-mecanicos-en-montbrio-3&#8243; sticky_enabled=\u00bb0&#8243;][\/et_pb_image][\/et_pb_column][et_pb_column type=\u00bb1_2&#8243; _builder_version=\u00bb4.23.1&#8243; _module_preset=\u00bbdefault\u00bb global_colors_info=\u00bb{}\u00bb][et_pb_text _builder_version=\u00bb4.23.1&#8243; _module_preset=\u00bbdefault\u00bb hover_enabled=\u00bb0&#8243; global_colors_info=\u00bb{}\u00bb sticky_enabled=\u00bb0&#8243; custom_css_free_form=\u00bbselector {||  margin-top: 5vh;||}\u00bb]<\/p>\n<h2><span style=\"color: #000000;\"><strong>Por qu\u00e9 confiar en Neum\u00e1ticos Eston<\/strong><\/span><\/h2>\n<p><span style=\"color: #000000;\">Elegirnos como tu taller mec\u00e1nico en Montbri\u00f3 es asegurar un servicio de confianza y calidad. Estas son algunas razones por las que nuestros clientes nos eligen:<\/span><\/p>\n<ul>\n<li><span style=\"color: #000000;\"><strong>Profesionalidad:<\/strong> Nuestro equipo est\u00e1 formado por expertos con a\u00f1os de experiencia en mec\u00e1nica, capaces de solucionar cualquier aver\u00eda.<\/span><\/li>\n<li><span style=\"color: #000000;\"><strong>Trato cercano y personalizado:<\/strong> Nos esforzamos en entender tus necesidades y explicarte cada paso del proceso, para que siempre sepas qu\u00e9 necesita tu coche.<\/span><\/li>\n<li><span style=\"color: #000000;\"><strong>Rapidez y eficacia:<\/strong> Nos aseguramos de trabajar con agilidad, sin comprometer la calidad, para que tu veh\u00edculo est\u00e9 listo en el menor tiempo posible.<\/span><\/li>\n<li><span style=\"color: #000000;\"><strong>Compromiso con la seguridad:<\/strong> Revisamos tu coche a fondo, garantizando que est\u00e9 preparado para afrontar cualquier desaf\u00edo en la carretera.<\/span><\/li>\n<li><span style=\"color: #000000;\"><strong>Precios competitivos:<\/strong> Ofrecemos presupuestos claros y ajustados, sin sorpresas, para que siempre sepas lo que est\u00e1s pagando.<\/span><\/li>\n<\/ul>\n<p>[\/et_pb_text][\/et_pb_column][\/et_pb_row][et_pb_row _builder_version=\u00bb4.23.1&#8243; _module_preset=\u00bbdefault\u00bb width=\u00bb100%\u00bb max_width=\u00bb1600px\u00bb global_colors_info=\u00bb{}\u00bb][et_pb_column type=\u00bb4_4&#8243; _builder_version=\u00bb4.23.1&#8243; _module_preset=\u00bbdefault\u00bb global_colors_info=\u00bb{}\u00bb][et_pb_text _builder_version=\u00bb4.23.1&#8243; _module_preset=\u00bbdefault\u00bb hover_enabled=\u00bb0&#8243; global_colors_info=\u00bb{}\u00bb sticky_enabled=\u00bb0&#8243;]<\/p>\n<h2 style=\"text-align: center;\"><span style=\"color: #000000;\"><strong>Encuentra los mejores talleres mec\u00e1nicos en Montbri\u00f3 con Neum\u00e1ticos Eston<\/strong><\/span><\/h2>\n<p style=\"text-align: center;\"><span style=\"color: #000000;\">En Neum\u00e1ticos Eston, somos tu opci\u00f3n confiable cuando buscas <strong>talleres mec\u00e1nicos en Montbri\u00f3<\/strong>. Nos especializamos en brindar un servicio integral que abarca desde el mantenimiento b\u00e1sico hasta reparaciones complejas, siempre con un enfoque en la calidad y la seguridad. Nuestro taller combina tecnolog\u00eda de \u00faltima generaci\u00f3n con un equipo de expertos dedicados a ofrecerte soluciones r\u00e1pidas y efectivas.<\/span><\/p>\n<p style=\"text-align: center;\"><span style=\"color: #000000;\">No dejes tu coche en manos de cualquiera. En Neum\u00e1ticos Eston, entendemos la importancia de mantener tu veh\u00edculo en las mejores condiciones, para que cada viaje sea seguro y sin contratiempos. <strong>\u00a1Cont\u00e1ctanos hoy mismo y descubre la diferencia de un servicio mec\u00e1nico de calidad en Montbri\u00f3!<\/strong><\/span><\/p>\n<p>[\/et_pb_text][\/et_pb_column][\/et_pb_row][et_pb_row column_structure=\u00bb1_2,1_2&#8243; _builder_version=\u00bb4.23.1&#8243; _module_preset=\u00bbdefault\u00bb width=\u00bb100%\u00bb max_width=\u00bb2560px\u00bb global_colors_info=\u00bb{}\u00bb custom_padding=\u00bb||0px|||\u00bb][et_pb_column type=\u00bb1_2&#8243; _builder_version=\u00bb4.23.1&#8243; _module_preset=\u00bbdefault\u00bb global_colors_info=\u00bb{}\u00bb][et_pb_text _builder_version=\u00bb4.23.1&#8243; _module_preset=\u00bbdefault\u00bb hover_enabled=\u00bb0&#8243; global_colors_info=\u00bb{}\u00bb custom_css_free_form=\u00bbselector {||  margin-left: 10vh;||}\u00bb sticky_enabled=\u00bb0&#8243;]<\/p>\n<h2><span style=\"color: #000000;\"><strong>Contacta con tu taller mec\u00e1nico de confianza en Montbri\u00f3<\/strong><\/span><\/h2>\n<p><span style=\"color: #000000;\">En Neum\u00e1ticos Eston, hacemos que el cuidado de tu coche sea una experiencia sencilla y sin complicaciones. Si necesitas un <strong>taller mec\u00e1nico en Montbri\u00f3<\/strong> que combine experiencia, tecnolog\u00eda y un servicio cercano, no dudes en contactarnos.<\/span><\/p>\n<p><span style=\"color: #000000;\">Reserva tu cita hoy mismo y conf\u00eda en nosotros para mantener tu veh\u00edculo en perfectas condiciones. <strong>\u00a1Estamos aqu\u00ed para ayudarte y hacer que cada kil\u00f3metro sea m\u00e1s seguro!<\/strong><\/span><\/p>\n<p>[\/et_pb_text][et_pb_text _builder_version=\u00bb4.23.1&#8243; _module_preset=\u00bbdefault\u00bb custom_css_free_form=\u00bbselector {||  margin-left: 10vh;||  background: linear-gradient(90deg, #ff0000, #ff4500, #ff6347);||  padding: 30px;||  border-radius: 15px;||}||||.container-button {||  text-align: center;||  margin-top: 15px;||  display: grid;||  transition: all .5s ease;||}||||.container-button:hover {||  scale: 1.05;||}||||.container-button a {||  background: linear-gradient(90deg, #ff4500, #ff2400, #ff4500);||  border: 2px solid black;||  border-radius: 10px;||  padding: 10px;||  transition: all .3s ease;||}||||.container-button a:hover {||  background: linear-gradient(90deg, #ff2400, #ff4500, #ff2400);||}||||\u00bb hover_enabled=\u00bb0&#8243; sticky_enabled=\u00bb0&#8243;]<\/p>\n<h3 style=\"text-align: center;\"><strong><span style=\"color: #000000;\">Contacta con nosotros<\/span><\/strong><\/h3>\n<p style=\"text-align: center;\"><span style=\"color: #000000;\">\u00a1No dudes en contactar con nosotros para resolver todas las dudas que tengas y poder otorgarte m\u00e1s informaci\u00f3n sobre nuestros talleres mec\u00e1nicos en Montbri\u00f3 del Camp!<\/span><\/p>\n<div class=\"container-button\"><a href=\"\/contacto\">Contactar<\/a><\/div>\n<p>[\/et_pb_text][\/et_pb_column][et_pb_column type=\u00bb1_2&#8243; _builder_version=\u00bb4.23.1&#8243; _module_preset=\u00bbdefault\u00bb global_colors_info=\u00bb{}\u00bb][et_pb_image src=\u00bbhttps:\/\/www.neumaticoseston.com\/wp-content\/uploads\/2024\/12\/talleres-mecanicos-en-montbrio-4.webp\u00bb _builder_version=\u00bb4.23.1&#8243; _module_preset=\u00bbdefault\u00bb hover_enabled=\u00bb0&#8243; global_colors_info=\u00bb{}\u00bb title_text=\u00bbtalleres-mecanicos-en-montbrio-4&#8243; sticky_enabled=\u00bb0&#8243;][\/et_pb_image][\/et_pb_column][\/et_pb_row][\/et_pb_section]<\/p>\n","protected":false},"excerpt":{"rendered":"<p>Talleres mec\u00e1nicos en Montbri\u00f3Talleres mec\u00e1nicos en Montbri\u00f3: Tu veh\u00edculo, en las mejores manos En Neum\u00e1ticos Eston, estamos comprometidos con la calidad y la seguridad de tu coche. Como uno de los talleres mec\u00e1nicos en Montbri\u00f3 m\u00e1s reconocidos, ofrecemos un servicio integral para el mantenimiento y reparaci\u00f3n de tu veh\u00edculo. Nuestro equipo de profesionales altamente capacitados [&hellip;]<\/p>\n","protected":false},"author":5,"featured_media":0,"parent":0,"menu_order":0,"comment_status":"closed","ping_status":"closed","template":"","meta":{"_et_pb_use_builder":"on","_et_pb_old_content":"","_et_gb_content_width":"","footnotes":""},"class_list":["post-1095","page","type-page","status-publish","hentry"],"_links":{"self":[{"href":"https:\/\/www.neumaticoseston.com\/ca\/wp-json\/wp\/v2\/pages\/1095","targetHints":{"allow":["GET"]}}],"collection":[{"href":"https:\/\/www.neumaticoseston.com\/ca\/wp-json\/wp\/v2\/pages"}],"about":[{"href":"https:\/\/www.neumaticoseston.com\/ca\/wp-json\/wp\/v2\/types\/page"}],"author":[{"embeddable":true,"href":"https:\/\/www.neumaticoseston.com\/ca\/wp-json\/wp\/v2\/users\/5"}],"replies":[{"embeddable":true,"href":"https:\/\/www.neumaticoseston.com\/ca\/wp-json\/wp\/v2\/comments?post=1095"}],"version-history":[{"count":3,"href":"https:\/\/www.neumaticoseston.com\/ca\/wp-json\/wp\/v2\/pages\/1095\/revisions"}],"predecessor-version":[{"id":1153,"href":"https:\/\/www.neumaticoseston.com\/ca\/wp-json\/wp\/v2\/pages\/1095\/revisions\/1153"}],"wp:attachment":[{"href":"https:\/\/www.neumaticoseston.com\/ca\/wp-json\/wp\/v2\/media?parent=1095"}],"curies":[{"name":"wp","href":"https:\/\/api.w.org\/{rel}","templated":true}]}}