{"id":1094,"date":"2024-12-10T12:37:12","date_gmt":"2024-12-10T12:37:12","guid":{"rendered":"https:\/\/www.neumaticoseston.com\/?page_id=1094"},"modified":"2024-12-10T14:45:13","modified_gmt":"2024-12-10T14:45:13","slug":"talleres-mecanicos-en-riudoms","status":"publish","type":"page","link":"https:\/\/www.neumaticoseston.com\/ca\/talleres-mecanicos-en-riudoms\/","title":{"rendered":"Talleres mec\u00e1nicos en Riudoms"},"content":{"rendered":"<p>[et_pb_section fb_built=\u00bb1&#8243; _builder_version=\u00bb4.23.1&#8243; _module_preset=\u00bbdefault\u00bb hover_enabled=\u00bb0&#8243; global_colors_info=\u00bb{}\u00bb title_text=\u00bbtalleres-mecanicos-en-riudoms\u00bb background_image=\u00bbhttps:\/\/www.neumaticoseston.com\/wp-content\/uploads\/2024\/12\/talleres-mecanicos-en-riudoms.webp\u00bb sticky_enabled=\u00bb0&#8243;][et_pb_row _builder_version=\u00bb4.23.1&#8243; _module_preset=\u00bbdefault\u00bb global_colors_info=\u00bb{}\u00bb][et_pb_column type=\u00bb4_4&#8243; _builder_version=\u00bb4.23.1&#8243; _module_preset=\u00bbdefault\u00bb global_colors_info=\u00bb{}\u00bb][et_pb_text _builder_version=\u00bb4.23.1&#8243; _module_preset=\u00bbdefault\u00bb hover_enabled=\u00bb0&#8243; global_colors_info=\u00bb{}\u00bb custom_css_free_form=\u00bbselector {||  background-color: rgba(0, 0, 0, .55);||  border-radius: 15px;||  padding: 30px;||  backdrop-filter: blur(10px);||}||||selector h1 {||  color: white;||  font-weight: bold;||}\u00bb sticky_enabled=\u00bb0&#8243;]<\/p>\n<h1 style=\"text-align: center;\">Talleres mec\u00e1nicos en Riudoms<\/h1>\n<p>[\/et_pb_text][\/et_pb_column][\/et_pb_row][\/et_pb_section][et_pb_section fb_built=\u00bb1&#8243; _builder_version=\u00bb4.23.1&#8243; _module_preset=\u00bbdefault\u00bb global_colors_info=\u00bb{}\u00bb custom_padding=\u00bb||0px|||\u00bb][et_pb_row _builder_version=\u00bb4.23.1&#8243; _module_preset=\u00bbdefault\u00bb width=\u00bb100%\u00bb max_width=\u00bb1600px\u00bb global_colors_info=\u00bb{}\u00bb][et_pb_column type=\u00bb4_4&#8243; _builder_version=\u00bb4.23.1&#8243; _module_preset=\u00bbdefault\u00bb global_colors_info=\u00bb{}\u00bb][et_pb_text _builder_version=\u00bb4.23.1&#8243; _module_preset=\u00bbdefault\u00bb hover_enabled=\u00bb0&#8243; global_colors_info=\u00bb{}\u00bb sticky_enabled=\u00bb0&#8243;]<\/p>\n<h2 style=\"text-align: center;\"><span style=\"color: #000000;\"><strong>Talleres mec\u00e1nicos en Riudoms: Tu coche en las mejores manos<\/strong><\/span><\/h2>\n<p style=\"text-align: center;\"><span style=\"color: #000000;\">En Neum\u00e1ticos Eston, nos dedicamos a ofrecer un servicio integral y de calidad para el mantenimiento y reparaci\u00f3n de tu veh\u00edculo. Como uno de los <strong>talleres mec\u00e1nicos en Riudoms<\/strong> m\u00e1s reconocidos, contamos con un equipo de expertos altamente cualificados y la \u00faltima tecnolog\u00eda para atender todas las necesidades de tu coche. Desde revisiones peri\u00f3dicas hasta reparaciones complejas, estamos aqu\u00ed para garantizar que conduzcas con total tranquilidad.<\/span><\/p>\n<p>[\/et_pb_text][\/et_pb_column][\/et_pb_row][et_pb_row column_structure=\u00bb1_2,1_2&#8243; _builder_version=\u00bb4.23.1&#8243; _module_preset=\u00bbdefault\u00bb width=\u00bb100%\u00bb max_width=\u00bb1600px\u00bb global_colors_info=\u00bb{}\u00bb][et_pb_column type=\u00bb1_2&#8243; _builder_version=\u00bb4.23.1&#8243; _module_preset=\u00bbdefault\u00bb global_colors_info=\u00bb{}\u00bb][et_pb_text _builder_version=\u00bb4.23.1&#8243; _module_preset=\u00bbdefault\u00bb hover_enabled=\u00bb0&#8243; global_colors_info=\u00bb{}\u00bb sticky_enabled=\u00bb0&#8243;]<\/p>\n<h2><span style=\"color: #000000;\"><strong>Servicios que ofrecemos en nuestro taller mec\u00e1nico<\/strong><\/span><\/h2>\n<p><span style=\"color: #000000;\">En Neum\u00e1ticos Eston, nos enorgullece ofrecer un amplio abanico de servicios adaptados a tus necesidades. Entre los principales se incluyen:<\/span><\/p>\n<ul>\n<li><span style=\"color: #000000;\"><strong>Revisiones y mantenimientos generales:<\/strong> Realizamos inspecciones completas de tu veh\u00edculo para garantizar su buen estado y funcionamiento. Cambios de aceite, filtros y revisiones peri\u00f3dicas son solo algunos de los servicios que realizamos con precisi\u00f3n y rapidez.<\/span><\/li>\n<li><span style=\"color: #000000;\"><strong>Sistema de frenos:<\/strong> Inspeccionamos y reemplazamos pastillas, discos y l\u00edquidos de frenos para asegurarnos de que tu veh\u00edculo responde de manera eficaz y segura en cualquier situaci\u00f3n.<\/span><\/li>\n<li><span style=\"color: #000000;\"><strong>Diagn\u00f3stico y reparaci\u00f3n de motor:<\/strong> Detectamos posibles problemas en el motor utilizando tecnolog\u00eda de diagn\u00f3stico avanzada y realizamos las reparaciones necesarias para mantener su rendimiento \u00f3ptimo.<\/span><\/li>\n<li><span style=\"color: #000000;\"><strong>Revisi\u00f3n y sustituci\u00f3n de neum\u00e1ticos:<\/strong> Como especialistas en neum\u00e1ticos, evaluamos su estado, desgaste y presi\u00f3n, ofreciendo una amplia gama de marcas y modelos para cualquier tipo de veh\u00edculo.<\/span><\/li>\n<li><span style=\"color: #000000;\"><strong>Sistemas el\u00e9ctricos y electr\u00f3nicos:<\/strong> Reparaciones en el sistema el\u00e9ctrico, bater\u00edas, luces, sensores y otros componentes electr\u00f3nicos que garantizan el correcto funcionamiento de tu coche.<\/span><span style=\"color: #000000;\"><\/span><\/li>\n<\/ul>\n<p>[\/et_pb_text][\/et_pb_column][et_pb_column type=\u00bb1_2&#8243; _builder_version=\u00bb4.23.1&#8243; _module_preset=\u00bbdefault\u00bb global_colors_info=\u00bb{}\u00bb][et_pb_image src=\u00bbhttps:\/\/www.neumaticoseston.com\/wp-content\/uploads\/2024\/12\/talleres-mecanicos-en-riudoms-2.webp\u00bb _builder_version=\u00bb4.23.1&#8243; _module_preset=\u00bbdefault\u00bb hover_enabled=\u00bb0&#8243; global_colors_info=\u00bb{}\u00bb title_text=\u00bbtalleres-mecanicos-en-riudoms-2&#8243; sticky_enabled=\u00bb0&#8243;][\/et_pb_image][\/et_pb_column][\/et_pb_row][et_pb_row column_structure=\u00bb1_2,1_2&#8243; _builder_version=\u00bb4.23.1&#8243; _module_preset=\u00bbdefault\u00bb width=\u00bb100%\u00bb max_width=\u00bb1600px\u00bb global_colors_info=\u00bb{}\u00bb][et_pb_column type=\u00bb1_2&#8243; _builder_version=\u00bb4.23.1&#8243; _module_preset=\u00bbdefault\u00bb global_colors_info=\u00bb{}\u00bb][et_pb_image src=\u00bbhttps:\/\/www.neumaticoseston.com\/wp-content\/uploads\/2024\/12\/talleres-mecanicos-en-riudoms-3.webp\u00bb _builder_version=\u00bb4.23.1&#8243; _module_preset=\u00bbdefault\u00bb hover_enabled=\u00bb0&#8243; global_colors_info=\u00bb{}\u00bb title_text=\u00bbtalleres-mecanicos-en-riudoms-3&#8243; sticky_enabled=\u00bb0&#8243;][\/et_pb_image][\/et_pb_column][et_pb_column type=\u00bb1_2&#8243; _builder_version=\u00bb4.23.1&#8243; _module_preset=\u00bbdefault\u00bb global_colors_info=\u00bb{}\u00bb][et_pb_text _builder_version=\u00bb4.23.1&#8243; _module_preset=\u00bbdefault\u00bb hover_enabled=\u00bb0&#8243; global_colors_info=\u00bb{}\u00bb sticky_enabled=\u00bb0&#8243;]<\/p>\n<h2><span style=\"color: #000000;\"><strong>Por qu\u00e9 elegirnos como tu taller mec\u00e1nico en Riudoms<\/strong><\/span><\/h2>\n<p><span style=\"color: #000000;\">Elegir Neum\u00e1ticos Eston significa apostar por un taller mec\u00e1nico comprometido con la calidad y la satisfacci\u00f3n del cliente. Estas son algunas de las razones que nos hacen diferentes:<\/span><\/p>\n<ul>\n<li>\n<p><span style=\"color: #000000;\"><strong>Atenci\u00f3n personalizada:<\/strong> Entendemos que cada veh\u00edculo y cliente son \u00fanicos. Por eso, te ofrecemos un trato cercano, adapt\u00e1ndonos a tus necesidades espec\u00edficas y explic\u00e1ndote cada detalle del trabajo que realizamos.<\/span><\/p>\n<\/li>\n<li>\n<p><span style=\"color: #000000;\"><strong>Equipo profesional:<\/strong> Contamos con mec\u00e1nicos experimentados y en constante formaci\u00f3n, preparados para atender cualquier tipo de aver\u00eda o mantenimiento.<\/span><\/p>\n<\/li>\n<li>\n<p><span style=\"color: #000000;\"><strong>Tecnolog\u00eda de vanguardia:<\/strong> Utilizamos herramientas y equipos de diagn\u00f3stico de \u00faltima generaci\u00f3n para ofrecerte un servicio preciso y eficiente.<\/span><\/p>\n<\/li>\n<li>\n<p><span style=\"color: #000000;\"><strong>Rapidez y eficiencia:<\/strong> Sabemos que tu tiempo es valioso, por lo que nos aseguramos de trabajar con la mayor rapidez sin comprometer la calidad del servicio.<\/span><\/p>\n<\/li>\n<li>\n<p><span style=\"color: #000000;\"><strong>Precios competitivos:<\/strong> Ofrecemos tarifas claras y ajustadas a tu presupuesto, sin sorpresas ni gastos innecesarios.<\/span><\/p>\n<\/li>\n<li>\n<p><span style=\"color: #000000;\"><strong>Compromiso con la seguridad:<\/strong> Nuestra prioridad es que salgas de nuestro taller con un veh\u00edculo seguro, confiable y listo para recorrer cualquier camino.<\/span><\/p>\n<\/li>\n<\/ul>\n<p>[\/et_pb_text][\/et_pb_column][\/et_pb_row][et_pb_row _builder_version=\u00bb4.23.1&#8243; _module_preset=\u00bbdefault\u00bb width=\u00bb100%\u00bb max_width=\u00bb1600px\u00bb global_colors_info=\u00bb{}\u00bb][et_pb_column type=\u00bb4_4&#8243; _builder_version=\u00bb4.23.1&#8243; _module_preset=\u00bbdefault\u00bb global_colors_info=\u00bb{}\u00bb][et_pb_text _builder_version=\u00bb4.23.1&#8243; _module_preset=\u00bbdefault\u00bb hover_enabled=\u00bb0&#8243; global_colors_info=\u00bb{}\u00bb sticky_enabled=\u00bb0&#8243;]<\/p>\n<h2 style=\"text-align: center;\"><span style=\"color: #000000;\"><strong>Cuidamos de tu coche como si fuera nuestro<\/strong><\/span><\/h2>\n<p style=\"text-align: center;\"><span style=\"color: #000000;\">En Neum\u00e1ticos Eston, somos m\u00e1s que un simple taller mec\u00e1nico. Nos esforzamos por construir relaciones de confianza con nuestros clientes, asegur\u00e1ndonos de que siempre reciban el mejor servicio y atenci\u00f3n. Si est\u00e1s buscando <strong>talleres mec\u00e1nicos en Riudoms<\/strong> que combinen experiencia, tecnolog\u00eda y un trato cercano, nosotros somos tu mejor opci\u00f3n.<\/span><\/p>\n<p style=\"text-align: center;\"><span style=\"color: #000000;\">Reserva tu cita hoy mismo y d\u00e9janos encargarnos de todo. En Neum\u00e1ticos Eston, trabajamos para que tu coche siempre est\u00e9 en las mejores condiciones. <strong>\u00a1Tu confianza nos motiva cada d\u00eda!<\/strong><\/span><\/p>\n<p>[\/et_pb_text][\/et_pb_column][\/et_pb_row][et_pb_row column_structure=\u00bb1_2,1_2&#8243; _builder_version=\u00bb4.23.1&#8243; _module_preset=\u00bbdefault\u00bb width=\u00bb100%\u00bb max_width=\u00bb2560px\u00bb global_colors_info=\u00bb{}\u00bb custom_padding=\u00bb||0px|||\u00bb min_height=\u00bb688.6px\u00bb][et_pb_column type=\u00bb1_2&#8243; _builder_version=\u00bb4.23.1&#8243; _module_preset=\u00bbdefault\u00bb global_colors_info=\u00bb{}\u00bb][et_pb_text _builder_version=\u00bb4.23.1&#8243; _module_preset=\u00bbdefault\u00bb hover_enabled=\u00bb0&#8243; global_colors_info=\u00bb{}\u00bb sticky_enabled=\u00bb0&#8243; custom_css_free_form=\u00bbselector {||  margin-left: 10vh;||}\u00bb]<\/p>\n<h2><span style=\"color: #000000;\"><strong>Tu taller mec\u00e1nico de confianza en Riudoms est\u00e1 a un clic de distancia<\/strong><\/span><\/h2>\n<p><span style=\"color: #000000;\">En Neum\u00e1ticos Eston, hacemos que el cuidado de tu veh\u00edculo sea sencillo y accesible. Si buscas un <strong>taller mec\u00e1nico en Riudoms<\/strong> que combine experiencia, tecnolog\u00eda y un trato personalizado, no busques m\u00e1s. Estamos aqu\u00ed para atender todas las necesidades de tu coche, asegur\u00e1ndonos de que siempre est\u00e9 en perfectas condiciones.<\/span><\/p>\n<p><span style=\"color: #000000;\">No pierdas m\u00e1s tiempo. Ll\u00e1manos o visita nuestras instalaciones y descubre por qu\u00e9 somos la elecci\u00f3n preferida de tantos conductores en Riudoms. En Neum\u00e1ticos Eston, tu seguridad y satisfacci\u00f3n son nuestra prioridad. <strong>\u00a1Contacta con nosotros hoy mismo y deja tu veh\u00edculo en las mejores manos!<\/strong><\/span><\/p>\n<p>[\/et_pb_text][et_pb_text _builder_version=\u00bb4.23.1&#8243; _module_preset=\u00bbdefault\u00bb custom_css_free_form=\u00bbselector {||  margin-left: 10vh;||  background: linear-gradient(90deg, #ff0000, #ff4500, #ff6347);||  padding: 30px;||  border-radius: 15px;||}||||.container-button {||  text-align: center;||  margin-top: 15px;||  display: grid;||  transition: all .5s ease;||}||||.container-button:hover {||  scale: 1.05;||}||||.container-button a {||  background: linear-gradient(90deg, #ff4500, #ff2400, #ff4500);||  border: 2px solid black;||  border-radius: 10px;||  padding: 10px;||  transition: all .3s ease;||}||||.container-button a:hover {||  background: linear-gradient(90deg, #ff2400, #ff4500, #ff2400);||}||||\u00bb hover_enabled=\u00bb0&#8243; sticky_enabled=\u00bb0&#8243;]<\/p>\n<h3 style=\"text-align: center;\"><strong><span style=\"color: #000000;\">Contacta con nosotros<\/span><\/strong><\/h3>\n<p style=\"text-align: center;\"><span style=\"color: #000000;\">\u00a1No dudes en contactar con nosotros para resolver todas las dudas que tengas y poder otorgarte m\u00e1s informaci\u00f3n sobre nuestros talleres mec\u00e1nicos en Riudoms!<\/span><\/p>\n<div class=\"container-button\"><a href=\"\/contacto\">Contactar<\/a><\/div>\n<p>[\/et_pb_text][\/et_pb_column][et_pb_column type=\u00bb1_2&#8243; _builder_version=\u00bb4.23.1&#8243; _module_preset=\u00bbdefault\u00bb global_colors_info=\u00bb{}\u00bb][et_pb_image src=\u00bbhttps:\/\/www.neumaticoseston.com\/wp-content\/uploads\/2024\/12\/talleres-mecanicos-en-riudoms-4.webp\u00bb _builder_version=\u00bb4.23.1&#8243; _module_preset=\u00bbdefault\u00bb hover_enabled=\u00bb0&#8243; global_colors_info=\u00bb{}\u00bb title_text=\u00bbtalleres-mecanicos-en-riudoms-4&#8243; sticky_enabled=\u00bb0&#8243;][\/et_pb_image][\/et_pb_column][\/et_pb_row][\/et_pb_section]<\/p>\n","protected":false},"excerpt":{"rendered":"<p>Talleres mec\u00e1nicos en RiudomsTalleres mec\u00e1nicos en Riudoms: Tu coche en las mejores manos En Neum\u00e1ticos Eston, nos dedicamos a ofrecer un servicio integral y de calidad para el mantenimiento y reparaci\u00f3n de tu veh\u00edculo. Como uno de los talleres mec\u00e1nicos en Riudoms m\u00e1s reconocidos, contamos con un equipo de expertos altamente cualificados y la \u00faltima [&hellip;]<\/p>\n","protected":false},"author":5,"featured_media":0,"parent":0,"menu_order":0,"comment_status":"closed","ping_status":"closed","template":"","meta":{"_et_pb_use_builder":"on","_et_pb_old_content":"","_et_gb_content_width":"","footnotes":""},"class_list":["post-1094","page","type-page","status-publish","hentry"],"_links":{"self":[{"href":"https:\/\/www.neumaticoseston.com\/ca\/wp-json\/wp\/v2\/pages\/1094","targetHints":{"allow":["GET"]}}],"collection":[{"href":"https:\/\/www.neumaticoseston.com\/ca\/wp-json\/wp\/v2\/pages"}],"about":[{"href":"https:\/\/www.neumaticoseston.com\/ca\/wp-json\/wp\/v2\/types\/page"}],"author":[{"embeddable":true,"href":"https:\/\/www.neumaticoseston.com\/ca\/wp-json\/wp\/v2\/users\/5"}],"replies":[{"embeddable":true,"href":"https:\/\/www.neumaticoseston.com\/ca\/wp-json\/wp\/v2\/comments?post=1094"}],"version-history":[{"count":4,"href":"https:\/\/www.neumaticoseston.com\/ca\/wp-json\/wp\/v2\/pages\/1094\/revisions"}],"predecessor-version":[{"id":1147,"href":"https:\/\/www.neumaticoseston.com\/ca\/wp-json\/wp\/v2\/pages\/1094\/revisions\/1147"}],"wp:attachment":[{"href":"https:\/\/www.neumaticoseston.com\/ca\/wp-json\/wp\/v2\/media?parent=1094"}],"curies":[{"name":"wp","href":"https:\/\/api.w.org\/{rel}","templated":true}]}}